{"id":4373,"date":"2013-08-01T16:41:21","date_gmt":"2013-08-01T14:41:21","guid":{"rendered":"http:\/\/www.beseit.net\/?page_id=4373"},"modified":"2013-11-26T12:11:08","modified_gmt":"2013-11-26T10:11:08","slug":"exercicis-de-diftong","status":"publish","type":"page","link":"http:\/\/www.beseit.net\/?page_id=4373","title":{"rendered":"Exercicis de diftong"},"content":{"rendered":"<p>1.\u00a0 Separa amb guionets les s\u00edl\u00b7labes de les paraules:\u00a0 \u00c0rees, Cinquanta, Caoba, Enquadrar, Paraguai,\u00a0 Aig\u00fcera,\u00a0 Creueu,\u00a0 Siau,\u00a0 Proa, havia, deia<br \/>\nsoluci\u00f3: \u00e0-re-es, cin-quan-ta, ca-o-ba, en-qua-drar, pa-ra-guai, ai-g\u00fce-ra, cre-ueu (triptong), si-au? , pro-a, ha-vi-a, de-ia<\/p>\n<p>2. Classifica les paraules seg\u00fcents segons tinguin diftong creixent, diftong decreixent, triftong o hiat:\u00a0 quatre Diftong creixent;\u00a0 feina Diftong decreixent;\u00a0 almoina Diftong decreixent;\u00a0 iogurt Diftong creixent;\u00a0 llengua Diftong creixent;\u00a0 espai Diftong decreixent; llauna Diftong decreixent; hiena Hiat; matriarca Hiat; perp\u00e8tua Hiat; apel\u00b7latiu Diftong decreixent; confian\u00e7a Hiat; antiquat Diftong creixent; correctiu Diftong decreixent<\/p>\n<p>3.\u00a0 Classifica les paraules seg\u00fcents segons tinguin diftong creixent, diftong decreixent, triftong o hiat:\u00a0 estiuenc,\u00a0 fotografia, cranial, enrenou, gr\u00e0cies, quadre, piular,\u00a0 piulada,\u00a0 aq\u00fc\u00edfer,\u00a0 pietat, llegua, anul\u00b7latiu, jersei, Paraguai<\/p>\n<p>Soluci\u00f3: estiuenc Diftong creixent; fotografia Hiat; cranial Diftong creixent;\u00a0 enrenou Diftong decreixent; gr\u00e0cies Diftong creixent; quadre Diftong creixent; piular Diftong decreixent; piulada Diftong decreixent; aq\u00fc\u00edfer Diftong creixent; pietat Hiat; llegua Diftong creixent; anul\u00b7latiu Diftong decreixent; jersei Diftong decreixent; Paraguai Triftong<\/p>\n<p>4.\u00a0 Indiqueu el nombre de s\u00edl\u00b7labes de les seg\u00fcents paraules:\u00a0 adulat\u00f2riament; ve\u00efna; apa\u00efsat; amo\u00efnar; sent\u00edeu; creieu; clo\u00efssa: Alguaire; polic\u00edac; obliq\u00fceu; antiquat<\/p>\n<p>Soluci\u00f3: adulat\u00f2riament 7; ve\u00efna 3 4; apa\u00efsat 4; amo\u00efnar 2; sent\u00edeu 2; creieu; clo\u00efssa 3;\u00a0 Alguaire 3; polic\u00edac 4; obliq\u00fceu 3; antiquat 3<\/p>\n","protected":false},"excerpt":{"rendered":"<p>1.\u00a0 Separa amb guionets les s\u00edl\u00b7labes de les paraules:\u00a0 \u00c0rees, Cinquanta, Caoba, Enquadrar, Paraguai,\u00a0 Aig\u00fcera,\u00a0 Creueu,\u00a0 Siau,\u00a0 Proa, havia, deia soluci\u00f3: \u00e0-re-es, cin-quan-ta, ca-o-ba, en-qua-drar, pa-ra-guai, ai-g\u00fce-ra, cre-ueu (triptong), si-au? , pro-a, ha-vi-a, de-ia 2. Classifica les paraules seg\u00fcents segons &hellip; <a href=\"http:\/\/www.beseit.net\/?page_id=4373\">Continua llegint <span class=\"meta-nav\">&rarr;<\/span><\/a><\/p>\n","protected":false},"author":2,"featured_media":0,"parent":4357,"menu_order":0,"comment_status":"open","ping_status":"open","template":"","meta":{"footnotes":""},"categories":[],"class_list":["post-4373","page","type-page","status-publish","hentry"],"_links":{"self":[{"href":"http:\/\/www.beseit.net\/index.php?rest_route=\/wp\/v2\/pages\/4373","targetHints":{"allow":["GET"]}}],"collection":[{"href":"http:\/\/www.beseit.net\/index.php?rest_route=\/wp\/v2\/pages"}],"about":[{"href":"http:\/\/www.beseit.net\/index.php?rest_route=\/wp\/v2\/types\/page"}],"author":[{"embeddable":true,"href":"http:\/\/www.beseit.net\/index.php?rest_route=\/wp\/v2\/users\/2"}],"replies":[{"embeddable":true,"href":"http:\/\/www.beseit.net\/index.php?rest_route=%2Fwp%2Fv2%2Fcomments&post=4373"}],"version-history":[{"count":6,"href":"http:\/\/www.beseit.net\/index.php?rest_route=\/wp\/v2\/pages\/4373\/revisions"}],"predecessor-version":[{"id":5049,"href":"http:\/\/www.beseit.net\/index.php?rest_route=\/wp\/v2\/pages\/4373\/revisions\/5049"}],"up":[{"embeddable":true,"href":"http:\/\/www.beseit.net\/index.php?rest_route=\/wp\/v2\/pages\/4357"}],"wp:attachment":[{"href":"http:\/\/www.beseit.net\/index.php?rest_route=%2Fwp%2Fv2%2Fmedia&parent=4373"}],"wp:term":[{"taxonomy":"category","embeddable":true,"href":"http:\/\/www.beseit.net\/index.php?rest_route=%2Fwp%2Fv2%2Fcategories&post=4373"}],"curies":[{"name":"wp","href":"https:\/\/api.w.org\/{rel}","templated":true}]}}