{"id":14232,"date":"2023-11-27T11:18:49","date_gmt":"2023-11-27T09:18:49","guid":{"rendered":"https:\/\/www.beseit.net\/?page_id=14232"},"modified":"2023-11-27T11:25:58","modified_gmt":"2023-11-27T09:25:58","slug":"14232-2","status":"publish","type":"page","link":"https:\/\/www.beseit.net\/?page_id=14232","title":{"rendered":"P\u00e0gina amb ample total"},"content":{"rendered":"<p>Aquest \u00e9s una p\u00e0gina d\u2019exemple. \u00c9s diferent d\u2019una entrada del blog perqu\u00e8 es mantindr\u00e0 en un lloc i apareixer\u00e0 a la navegaci\u00f3 del lloc (a la majoria de temes). Molta gent comen\u00e7a amb la p\u00e0gina \u00abQuant a\u00bb, que els presenta als potencials visitants del lloc web. Podria dir alguna cosa aix\u00ed:<\/p>\n<p>    Hola! S\u00f3c un missatger amb bicicleta de dia, aspirant a actor de nit i aquesta \u00e9s la meva web. Visc a Los Angeles, tinc un gran gos de nom Pep i m\u2019agrada la pinya colada. (I em pillar\u00e0 la pluja.)<\/p>\n","protected":false},"excerpt":{"rendered":"<p>Aquest \u00e9s una p\u00e0gina d\u2019exemple. \u00c9s diferent d\u2019una entrada del blog perqu\u00e8 es mantindr\u00e0 en un lloc i apareixer\u00e0 a la navegaci\u00f3 del lloc (a la majoria de temes). Molta gent comen\u00e7a amb la p\u00e0gina \u00abQuant a\u00bb, que els presenta &hellip; <a href=\"https:\/\/www.beseit.net\/?page_id=14232\">Continua llegint <span class=\"meta-nav\">&rarr;<\/span><\/a><\/p>\n","protected":false},"author":2,"featured_media":0,"parent":0,"menu_order":0,"comment_status":"closed","ping_status":"closed","template":"full-width-template.php","meta":{"footnotes":""},"categories":[],"class_list":["post-14232","page","type-page","status-publish","hentry"],"_links":{"self":[{"href":"https:\/\/www.beseit.net\/index.php?rest_route=\/wp\/v2\/pages\/14232","targetHints":{"allow":["GET"]}}],"collection":[{"href":"https:\/\/www.beseit.net\/index.php?rest_route=\/wp\/v2\/pages"}],"about":[{"href":"https:\/\/www.beseit.net\/index.php?rest_route=\/wp\/v2\/types\/page"}],"author":[{"embeddable":true,"href":"https:\/\/www.beseit.net\/index.php?rest_route=\/wp\/v2\/users\/2"}],"replies":[{"embeddable":true,"href":"https:\/\/www.beseit.net\/index.php?rest_route=%2Fwp%2Fv2%2Fcomments&post=14232"}],"version-history":[{"count":2,"href":"https:\/\/www.beseit.net\/index.php?rest_route=\/wp\/v2\/pages\/14232\/revisions"}],"predecessor-version":[{"id":14234,"href":"https:\/\/www.beseit.net\/index.php?rest_route=\/wp\/v2\/pages\/14232\/revisions\/14234"}],"wp:attachment":[{"href":"https:\/\/www.beseit.net\/index.php?rest_route=%2Fwp%2Fv2%2Fmedia&parent=14232"}],"wp:term":[{"taxonomy":"category","embeddable":true,"href":"https:\/\/www.beseit.net\/index.php?rest_route=%2Fwp%2Fv2%2Fcategories&post=14232"}],"curies":[{"name":"wp","href":"https:\/\/api.w.org\/{rel}","templated":true}]}}