{"id":14249,"date":"2023-11-27T14:31:44","date_gmt":"2023-11-27T12:31:44","guid":{"rendered":"https:\/\/www.beseit.net\/?page_id=14249"},"modified":"2023-11-27T17:28:51","modified_gmt":"2023-11-27T15:28:51","slug":"ample-de-pagina","status":"publish","type":"page","link":"https:\/\/www.beseit.net\/?page_id=14249","title":{"rendered":"Ample de Pagina"},"content":{"rendered":"\n<div class=\"wp-block-group alignfull\"><div class=\"wp-block-group__inner-container is-layout-constrained wp-block-group-is-layout-constrained\">\n<figure class=\"wp-block-image alignfull size-large\"><img decoding=\"async\" src=\"http:\/\/81.0.60.36\/bank\/wp-content\/uploads\/2023\/11\/full_image-7-1024x387.jpg\" alt=\"\" class=\"wp-image-163\"\/><\/figure>\n<\/div><\/div>\n\n\n\n<p>text d&#8217;ample total en text gran i <mark style=\"background-color:rgba(0, 0, 0, 0);color:#cf2e2e\" class=\"has-inline-color\">personalitzant<\/mark> la mida a 20<\/p>\n\n\n\n<h2 class=\"wp-block-heading alignfull has-text-align-wide has-medium-font-size\" style=\"font-style:normal;font-weight:400;line-height:1.1\">Sembla que aquest block pot escriure for\u00e7a c\u00f2modament  Sembla Sembla que aquest block pot escriure for\u00e7a c\u00f2modament  Sembla Sembla que aquest block pot escriure for\u00e7a c\u00f2modament  Sembla Sembla que aquest block pot escriure for\u00e7a c\u00f2modament  Sembla  Sembla que aquest block pot escriure for\u00e7a c\u00f2modament  Sembla <\/h2>\n","protected":false},"excerpt":{"rendered":"<p>text d&#8217;ample total en text gran i personalitzant la mida a 20 Sembla que aquest block pot escriure for\u00e7a c\u00f2modament Sembla Sembla que aquest block pot escriure for\u00e7a c\u00f2modament Sembla Sembla que aquest block pot escriure for\u00e7a c\u00f2modament Sembla Sembla &hellip; <a href=\"https:\/\/www.beseit.net\/?page_id=14249\">Continua llegint <span class=\"meta-nav\">&rarr;<\/span><\/a><\/p>\n","protected":false},"author":2,"featured_media":0,"parent":0,"menu_order":0,"comment_status":"closed","ping_status":"closed","template":"","meta":{"footnotes":""},"categories":[],"class_list":["post-14249","page","type-page","status-publish","hentry"],"_links":{"self":[{"href":"https:\/\/www.beseit.net\/index.php?rest_route=\/wp\/v2\/pages\/14249","targetHints":{"allow":["GET"]}}],"collection":[{"href":"https:\/\/www.beseit.net\/index.php?rest_route=\/wp\/v2\/pages"}],"about":[{"href":"https:\/\/www.beseit.net\/index.php?rest_route=\/wp\/v2\/types\/page"}],"author":[{"embeddable":true,"href":"https:\/\/www.beseit.net\/index.php?rest_route=\/wp\/v2\/users\/2"}],"replies":[{"embeddable":true,"href":"https:\/\/www.beseit.net\/index.php?rest_route=%2Fwp%2Fv2%2Fcomments&post=14249"}],"version-history":[{"count":3,"href":"https:\/\/www.beseit.net\/index.php?rest_route=\/wp\/v2\/pages\/14249\/revisions"}],"predecessor-version":[{"id":14253,"href":"https:\/\/www.beseit.net\/index.php?rest_route=\/wp\/v2\/pages\/14249\/revisions\/14253"}],"wp:attachment":[{"href":"https:\/\/www.beseit.net\/index.php?rest_route=%2Fwp%2Fv2%2Fmedia&parent=14249"}],"wp:term":[{"taxonomy":"category","embeddable":true,"href":"https:\/\/www.beseit.net\/index.php?rest_route=%2Fwp%2Fv2%2Fcategories&post=14249"}],"curies":[{"name":"wp","href":"https:\/\/api.w.org\/{rel}","templated":true}]}}