{"id":1525,"date":"2010-12-03T12:16:11","date_gmt":"2010-12-03T10:16:11","guid":{"rendered":"http:\/\/www.beseit.net\/?page_id=1525"},"modified":"2026-02-16T13:06:12","modified_gmt":"2026-02-16T11:06:12","slug":"manual-hp-photosmart-930","status":"publish","type":"page","link":"https:\/\/www.beseit.net\/?page_id=1525","title":{"rendered":"Manual hp photosmart 930"},"content":{"rendered":"<p>El fet de posar el manual del la hp photosmart 930 aqu\u00ed, es perqu\u00e8 encara tinc aquesta m\u00e0quina. Encara que sembli que la vaig comprar el segle passat, no es aix\u00ed, es una model del segle XXI. El que passa es que en aquest camp, com en quasi tot els relacionats en la tecnologia digital, un equip es queda obsolet en un parell d\u2019anys. Tot i aix\u00ed la segueixo utilitzant quan surto d\u2019excursi\u00f3 i no em puc permetre portar massa c\u00e0rrega.<\/p>\n<p><iframe loading=\"lazy\" src=\"http:\/\/www.beseit.net\/manuals\/hp-photosmart-930.pdf\" width=\"850\" height=\"1000\" frameborder=\"0\" scrolling=\"yes\"><\/iframe><\/p>\n","protected":false},"excerpt":{"rendered":"<p>El fet de posar el manual del la hp photosmart 930 aqu\u00ed, es perqu\u00e8 encara tinc aquesta m\u00e0quina. Encara que sembli que la vaig comprar el segle passat, no es aix\u00ed, es una model del segle XXI. El que passa &hellip; <a href=\"https:\/\/www.beseit.net\/?page_id=1525\">Continua llegint <span class=\"meta-nav\">&rarr;<\/span><\/a><\/p>\n","protected":false},"author":2,"featured_media":0,"parent":277,"menu_order":0,"comment_status":"open","ping_status":"open","template":"","meta":{"footnotes":""},"categories":[135],"class_list":["post-1525","page","type-page","status-publish","hentry","category-electricitat"],"_links":{"self":[{"href":"https:\/\/www.beseit.net\/index.php?rest_route=\/wp\/v2\/pages\/1525","targetHints":{"allow":["GET"]}}],"collection":[{"href":"https:\/\/www.beseit.net\/index.php?rest_route=\/wp\/v2\/pages"}],"about":[{"href":"https:\/\/www.beseit.net\/index.php?rest_route=\/wp\/v2\/types\/page"}],"author":[{"embeddable":true,"href":"https:\/\/www.beseit.net\/index.php?rest_route=\/wp\/v2\/users\/2"}],"replies":[{"embeddable":true,"href":"https:\/\/www.beseit.net\/index.php?rest_route=%2Fwp%2Fv2%2Fcomments&post=1525"}],"version-history":[{"count":8,"href":"https:\/\/www.beseit.net\/index.php?rest_route=\/wp\/v2\/pages\/1525\/revisions"}],"predecessor-version":[{"id":8058,"href":"https:\/\/www.beseit.net\/index.php?rest_route=\/wp\/v2\/pages\/1525\/revisions\/8058"}],"up":[{"embeddable":true,"href":"https:\/\/www.beseit.net\/index.php?rest_route=\/wp\/v2\/pages\/277"}],"wp:attachment":[{"href":"https:\/\/www.beseit.net\/index.php?rest_route=%2Fwp%2Fv2%2Fmedia&parent=1525"}],"wp:term":[{"taxonomy":"category","embeddable":true,"href":"https:\/\/www.beseit.net\/index.php?rest_route=%2Fwp%2Fv2%2Fcategories&post=1525"}],"curies":[{"name":"wp","href":"https:\/\/api.w.org\/{rel}","templated":true}]}}