{"id":174,"date":"2009-12-27T19:04:44","date_gmt":"2009-12-27T17:04:44","guid":{"rendered":"http:\/\/www.beseit.net\/?page_id=174"},"modified":"2013-05-08T13:26:45","modified_gmt":"2013-05-08T11:26:45","slug":"6-els-pronoms","status":"publish","type":"page","link":"https:\/\/www.beseit.net\/?page_id=174","title":{"rendered":"6- ELS PRONOMS"},"content":{"rendered":"<p><a href=\"http:\/\/www.beseit.net\/?page_id=152\">IDX<\/a><\/p>\n<p>Utilitzant els pronoms evitem la repetici\u00f3 de la mateixa paraula.<\/p>\n<p><b>Els pronoms febles substitueixen diferents elements sint\u00e0ctics de la frase. <\/b>Sempre apareixen <b>davant o darrere del verb<\/b> i es pronuncien, amb el verb, en una mateixa seq\u00fc\u00e8ncia de veu.<\/p>\n<p>Els pronoms febles s\u00f3n paraules d&#8217;una s\u00edl\u00b7laba, \u00e0tona, que no tenen cap sentit si no apareixen juntament amb el verb, complementant-lo.<\/p>\n<table id=\"gris\" width=\"584\" border=\"0\" cellspacing=\"0\" cellpadding=\"0\" align=\"center\">\n<tbody>\n<tr>\n<td align=\"left\" valign=\"top\" width=\"200\"><i>hi<\/i> viuen (a la ciutat)<\/td>\n<td align=\"left\" valign=\"top\" width=\"200\"><i>en<\/i> parlen (de cinema)<\/td>\n<\/tr>\n<tr>\n<td align=\"left\" valign=\"top\" width=\"200\"><i>els<\/i> comprem (els llibres)<\/td>\n<td align=\"left\" valign=\"top\" width=\"200\"><i>em<\/i> diuen (a mi)<\/td>\n<\/tr>\n<\/tbody>\n<\/table>\n<p>Els pronoms febles tenen formes diferents segons si apareixen davant o darrere del verb; tamb\u00e9 prenen formes diferents segons la lletra amb qu\u00e8 acaba o comen\u00e7a el verb.<\/p>\n<p><b>Posici\u00f3 dels pronoms febles<\/b><\/p>\n<table width=\"600\" border=\"0\" cellspacing=\"0\" cellpadding=\"10\" align=\"center\">\n<tbody>\n<tr>\n<td width=\"400\"><b>-darrere del verb: <\/b>imperatius, infinitius i gerundis<br \/>\n<b>-davant del verb: <\/b>en la resta de formes verbals<br \/>\n<b>-davant i darrere:<\/b> en les per\u00edfrasis verbals<\/td>\n<td width=\"200\"><i>truca&#8217;m, trucar-te, trucant-nos<br \/>\n<\/i><i>em truca, li dir\u00e0s, es movia<br \/>\nem va trucar \/ va trucar-me<\/i><\/td>\n<\/tr>\n<\/tbody>\n<\/table>\n<p><strong>\u00a0<\/strong><\/p>\n<p>Els pronoms personals<\/p>\n<table border=\"1\" cellspacing=\"0\" cellpadding=\"0\">\n<tbody>\n<tr>\n<td colspan=\"2\" valign=\"top\" width=\"192\">PRIMERA PERSONA<\/td>\n<td colspan=\"2\" valign=\"top\" width=\"192\">SEGONA PERSONA<\/td>\n<td colspan=\"2\" valign=\"top\" width=\"192\">TERCERA PERSONA<\/td>\n<\/tr>\n<tr>\n<td valign=\"top\" width=\"96\">Singular<\/td>\n<td valign=\"top\" width=\"96\">Plural<\/td>\n<td valign=\"top\" width=\"96\">Singular<\/td>\n<td valign=\"top\" width=\"96\">Plural<\/td>\n<td valign=\"top\" width=\"96\">Singular<\/td>\n<td valign=\"top\" width=\"96\">Plural<\/td>\n<\/tr>\n<tr>\n<td valign=\"top\" width=\"96\">JO\/ MI<\/td>\n<td valign=\"top\" width=\"96\">NOSALTRES<\/td>\n<td valign=\"top\" width=\"96\">TU<\/td>\n<td valign=\"top\" width=\"96\">VOSALTRES\/ V\u00d3S<\/td>\n<td valign=\"top\" width=\"96\">ELLA \/ ELL \/ VOST\u00c8<\/td>\n<td valign=\"top\" width=\"96\">ELLS \/ ELLES \/ VOST\u00c8S<\/td>\n<\/tr>\n<\/tbody>\n<\/table>\n<p>Els pronoms Febles<\/p>\n<table border=\"1\" cellspacing=\"0\" cellpadding=\"0\">\n<tbody>\n<tr>\n<td valign=\"top\" width=\"163\"><\/td>\n<td valign=\"top\" width=\"118\"><\/td>\n<td valign=\"top\" width=\"154\">Singular<\/td>\n<td valign=\"top\" width=\"146\">Plural<\/td>\n<\/tr>\n<tr>\n<td valign=\"top\" width=\"163\">Primera persona<\/td>\n<td valign=\"top\" width=\"118\"><\/td>\n<td valign=\"top\" width=\"154\">ME \/ M\u2019 \/ EM \/ \u2018M<\/td>\n<td valign=\"top\" width=\"146\">NOS \/ ENS \/ \u2018NS<\/td>\n<\/tr>\n<tr>\n<td valign=\"top\" width=\"163\">Segona persona<\/td>\n<td valign=\"top\" width=\"118\"><\/td>\n<td valign=\"top\" width=\"154\">TE \/ T\u2019 \/ ET \/ \u2018T<\/td>\n<td valign=\"top\" width=\"146\">VOS \/ US<\/td>\n<\/tr>\n<tr>\n<td valign=\"top\" width=\"163\"><\/td>\n<td valign=\"top\" width=\"118\">Mascul\u00ed<\/td>\n<td valign=\"top\" width=\"154\">LO \/ L\u2019 \/ EL \/ \u2018L<\/td>\n<td valign=\"top\" width=\"146\">LOS \/ ELS \/ \u2018LS<\/td>\n<\/tr>\n<tr>\n<td valign=\"top\" width=\"163\"><\/td>\n<td valign=\"top\" width=\"118\">Femen\u00ed<\/td>\n<td valign=\"top\" width=\"154\">LA \/ L\u2019<\/td>\n<td valign=\"top\" width=\"146\">LES<\/td>\n<\/tr>\n<tr>\n<td valign=\"top\" width=\"163\">Tercera persona<\/td>\n<td valign=\"top\" width=\"118\">Neutre<\/td>\n<td colspan=\"2\" valign=\"top\" width=\"300\">HO<\/td>\n<\/tr>\n<tr>\n<td valign=\"top\" width=\"163\"><\/td>\n<td valign=\"top\" width=\"118\">Datiu<\/td>\n<td valign=\"top\" width=\"154\">LI (HI)<\/td>\n<td valign=\"top\" width=\"146\">LOS \/ ELS \/ \u2018LS<\/td>\n<\/tr>\n<tr>\n<td valign=\"top\" width=\"163\"><\/td>\n<td valign=\"top\" width=\"118\">Reflexiu<\/td>\n<td colspan=\"2\" valign=\"top\" width=\"300\">SE \/ S\u2019 \/ ES \/ \u2018S<\/td>\n<\/tr>\n<tr>\n<td valign=\"top\" width=\"163\">Adverbials<\/td>\n<td valign=\"top\" width=\"118\"><\/td>\n<td colspan=\"2\" valign=\"top\" width=\"300\">NE \/ N\u2019 \/ EN \/ \u2018N<\/td>\n<\/tr>\n<tr>\n<td valign=\"top\" width=\"163\"><\/td>\n<td valign=\"top\" width=\"118\"><\/td>\n<td colspan=\"2\" valign=\"top\" width=\"300\">HI<\/td>\n<\/tr>\n<\/tbody>\n<\/table>\n<h3>Pronoms Interrogatius<\/h3>\n<table border=\"1\" frame=\"box\" rules=\"none\" cellspacing=\"0\" cellpadding=\"0\">\n<tbody>\n<tr>\n<td colspan=\"3\" valign=\"top\" width=\"394\">\n<p align=\"center\"><span style=\"font-size: medium;\"><b>els pronoms interrogatius<\/b><\/span><\/p>\n<\/td>\n<\/tr>\n<tr>\n<td valign=\"top\" width=\"50\"><span style=\"font-size: medium;\"><b>qui<\/b><\/span><\/td>\n<td valign=\"top\" width=\"128\">\n<p align=\"left\"><span style=\"font-size: medium;\">persona o persones<\/span><\/p>\n<\/td>\n<td valign=\"top\" width=\"216\"><span style=\"font-size: medium;\"><b>Qui<\/b> \u00e9s aquest noi?<\/span><span style=\"font-size: medium;\"><b>Qui<\/b> s\u00f3n aquests nois?<\/span><\/td>\n<\/tr>\n<tr>\n<td valign=\"top\" width=\"50\"><span style=\"font-size: medium;\"><b>qu\u00e8<\/b><\/span><\/td>\n<td valign=\"top\" width=\"128\"><span style=\"font-size: medium;\">cosa i acci\u00f3 o coses i accions<\/span><\/td>\n<td valign=\"top\" width=\"216\"><span style=\"font-size: medium;\"><b>Qu\u00e8<\/b> \u00e9s aix\u00f2?<\/span><span style=\"font-size: medium;\"><b>Qu\u00e8<\/b> s\u00f3n aquests paquets?<\/span><\/p>\n<p><span style=\"font-size: medium;\"><b>Qu\u00e8<\/b> fas?<\/span><\/td>\n<\/tr>\n<\/tbody>\n<\/table>\n<p>La combinaci\u00f3 de preposici\u00f3 i pronom interrogatiu m\u00e9s freq\u00fcent \u00e9s per qu\u00e8, que es fa servir per preguntar per la causa d&#8217;alguna cosa.<\/p>\n<p>-Per qu\u00e8 no vas venir ahir?<\/p>\n<p>-perqu\u00e8 estava malalta. <\/p>\n","protected":false},"excerpt":{"rendered":"<p>IDX Utilitzant els pronoms evitem la repetici\u00f3 de la mateixa paraula. Els pronoms febles substitueixen diferents elements sint\u00e0ctics de la frase. Sempre apareixen davant o darrere del verb i es pronuncien, amb el verb, en una mateixa seq\u00fc\u00e8ncia de veu. &hellip; <a href=\"https:\/\/www.beseit.net\/?page_id=174\">Continua llegint <span class=\"meta-nav\">&rarr;<\/span><\/a><\/p>\n","protected":false},"author":2,"featured_media":0,"parent":0,"menu_order":0,"comment_status":"open","ping_status":"open","template":"","meta":{"footnotes":""},"categories":[1],"class_list":["post-174","page","type-page","status-publish","hentry","category-bloc-de-notes"],"_links":{"self":[{"href":"https:\/\/www.beseit.net\/index.php?rest_route=\/wp\/v2\/pages\/174","targetHints":{"allow":["GET"]}}],"collection":[{"href":"https:\/\/www.beseit.net\/index.php?rest_route=\/wp\/v2\/pages"}],"about":[{"href":"https:\/\/www.beseit.net\/index.php?rest_route=\/wp\/v2\/types\/page"}],"author":[{"embeddable":true,"href":"https:\/\/www.beseit.net\/index.php?rest_route=\/wp\/v2\/users\/2"}],"replies":[{"embeddable":true,"href":"https:\/\/www.beseit.net\/index.php?rest_route=%2Fwp%2Fv2%2Fcomments&post=174"}],"version-history":[{"count":10,"href":"https:\/\/www.beseit.net\/index.php?rest_route=\/wp\/v2\/pages\/174\/revisions"}],"predecessor-version":[{"id":3911,"href":"https:\/\/www.beseit.net\/index.php?rest_route=\/wp\/v2\/pages\/174\/revisions\/3911"}],"wp:attachment":[{"href":"https:\/\/www.beseit.net\/index.php?rest_route=%2Fwp%2Fv2%2Fmedia&parent=174"}],"wp:term":[{"taxonomy":"category","embeddable":true,"href":"https:\/\/www.beseit.net\/index.php?rest_route=%2Fwp%2Fv2%2Fcategories&post=174"}],"curies":[{"name":"wp","href":"https:\/\/api.w.org\/{rel}","templated":true}]}}