{"id":177,"date":"2009-12-27T19:07:05","date_gmt":"2009-12-27T17:07:05","guid":{"rendered":"http:\/\/www.beseit.net\/?page_id=177"},"modified":"2016-11-06T17:32:46","modified_gmt":"2016-11-06T15:32:46","slug":"8-els-adverbis","status":"publish","type":"page","link":"https:\/\/www.beseit.net\/?page_id=177","title":{"rendered":"8- ELS ADVERBIS"},"content":{"rendered":"<p><strong><a href=\"http:\/\/www.beseit.net\/?page_id=152\">IDX<\/a><\/strong><\/p>\n<p>L\u2019adverbi \u00e9s un mot invariable que modifica altres elements gramaticals com verbs, adjectius i adverbis. Els adverbis acostumen a indicar una informaci\u00f3 del verb: el lloc, el temps, la manera, la quantitat..<\/p>\n<table id=\"gris\" border=\"0\" width=\"400\" cellspacing=\"0\" cellpadding=\"0\" align=\"center\">\n<tbody>\n<tr>\n<td>\n<p align=\"left\">Vindran <b><em>dem\u00e0<\/em><\/b>.<\/p>\n<\/td>\n<td>\n<p align=\"left\">(adverbi de temps)<\/p>\n<\/td>\n<\/tr>\n<tr>\n<td>\n<p align=\"left\">Les claus no s\u00f3n <b><em>aqu\u00ed.<\/em><\/b><\/p>\n<\/td>\n<td>\n<p align=\"left\">(adverbi de lloc)<\/p>\n<\/td>\n<\/tr>\n<tr>\n<td>\n<p align=\"left\">Caminava <b><em>tranquil\u00b7lament<\/em><\/b>.<\/p>\n<\/td>\n<td>\n<p align=\"left\">(adverbi de manera)<\/p>\n<\/td>\n<\/tr>\n<\/tbody>\n<\/table>\n<table border=\"1\" cellspacing=\"0\" cellpadding=\"0\">\n<tbody>\n<tr>\n<td valign=\"top\" width=\"288\"><strong>\u00a0<\/strong> <strong>ADVERBIS DE MANERA<\/strong><\/td>\n<td valign=\"top\" width=\"288\">Com,<br \/>\nb\u00e9, ben (davant del verb),<br \/>\nmalament, mal (davant del verb)<br \/>\nmillor, pitjor, aix\u00ed, alhora, almenys, pel cap baix, corrents, gaireb\u00e9, sols, solament, nom\u00e9s, sobretot, a les fosques, a peu, de cap a cap, de cop i volta, de deb\u00f2, de franc, de pressa, m\u00e9s aviat, de mica en mica, etc.<\/td>\n<\/tr>\n<tr>\n<td valign=\"top\" width=\"288\"><strong>\u00a0<\/strong><strong>ADVERBIS DE QUANTITAT<\/strong><\/td>\n<td valign=\"top\" width=\"288\">Massa, molt, for\u00e7a, bastant, prou, gaire, poc, gens, gens ni mica, tant,<br \/>\nTan, etc.<\/td>\n<\/tr>\n<tr>\n<td valign=\"top\" width=\"288\"><strong>\u00a0<\/strong><strong>ADVERBIS DE LLOC<\/strong><\/td>\n<td valign=\"top\" width=\"288\">On, aqu\u00ed, ac\u00ed, all\u00e0, all\u00ed, cap aqu\u00ed,\u00a0 cap all\u00e0, dins,<br \/>\ndintre, darrere, davant, damunt,<br \/>\nsobre, sota, amunt, avall, a dalt, a baix, a prop, lluny, al voltant, a la dreta, a l\u2019esquerra, a m\u00e0 dreta, a m\u00e0 esquerra, etc.<\/td>\n<\/tr>\n<tr>\n<td valign=\"top\" width=\"288\"><strong>\u00a0<\/strong><strong>ADVERBIS DE TEMPS<\/strong><\/td>\n<td valign=\"top\" width=\"288\">Quan, ara, llavors, aleshores, sempre, mai, sovint, de tant en tant, a vegades, de vegades, mentrestant,<br \/>\nabans, despr\u00e9s, aviat, de seguida,<br \/>\ntard, d\u2019hora, ja, encara, alhora, com m\u00e9s aviat millor, etc.<\/td>\n<\/tr>\n<tr>\n<td valign=\"top\" width=\"288\"><strong>\u00a0<\/strong><strong>ADVERBIS D\u2019AFIRMACI\u00d3<\/strong><\/td>\n<td valign=\"top\" width=\"288\">S\u00ed, tamb\u00e9, fins i tot, i tant, de veritat, De deb\u00f2, \u00e0dhuc<\/td>\n<\/tr>\n<tr>\n<td valign=\"top\" width=\"288\"><strong>\u00a0<\/strong><strong>ADVERBIS DE DUBTE<\/strong><\/td>\n<td valign=\"top\" width=\"288\">\u00a0Qui sap, potser<\/td>\n<\/tr>\n<tr>\n<td valign=\"top\" width=\"288\"><strong>\u00a0<\/strong><strong>ADVERBIS DE NEGACI\u00d3<\/strong><\/td>\n<td valign=\"top\" width=\"288\">\u00a0No, no pas, tampoc, de cap manera<\/td>\n<\/tr>\n<\/tbody>\n<\/table>\n<p><strong>\u00a0tan o tant?<\/strong><\/p>\n<p>L&#8217;adverbi tan s&#8217;escriu davant d&#8217;un adjectiu o un altre adverbi (no pot anar mai sol). Per exemple: Ell \u00e9s tan ric com tu, Ella no anava tan pintada, No cridis tan fort, No vagis tan de pressa.<\/p>\n<p>En canvi, tant pot ser un adjectiu o un adverbi. Si \u00e9s un adjectiu ha d&#8217;acompanyar un nom. Per exemple: Avui no fa tant de vent o Hi ha tant soroll que no sento res del que em dius. En aquest cas, tant concorda amb el nom que t\u00e9 al darrere: tant de vent, tanta carn, tants vents, tantes carns.<\/p>\n<p>Si tant \u00e9s un adverbi, pot complementar un verb, com en les frases seg\u00fcents: Ha menjat tant que no pot dir fava o No corris tant. Tamb\u00e9 pot introduir dos elements id\u00e8ntics, \u00e9s a dir, dos noms, dos adjectius o dos adverbis. Per exemple: Tant en Joan com la Maria ho sabran fer, Els seus judicis, tant pol\u00edtics com literaris, eren encertats, o Tant legalment com moralment la seva posici\u00f3 \u00e9s inacceptable.<\/p>\n<p>&nbsp;<\/p>\n<p><strong>enlloc o en lloc<\/strong>? Totes dues formes s\u00f3n correctes, per\u00f2 tenen significats diferents.<\/p>\n<p>L&#8217;adverbi enlloc significa &#8216;en cap lloc&#8217;. Per exemple: He perdut les claus del p\u00e0rquing i no les trobo enlloc.<\/p>\n<p>En canvi, la construcci\u00f3 <strong>en lloc<\/strong> sol anar seguida de la preposici\u00f3 de (en lloc de), i vol dir &#8216;en comptes de&#8217;. Per exemple: Li han donat llu\u00e7 en lloc de rap.\u00a0 Tamb\u00e9 trobem la construcci\u00f3 en lloc en l&#8217;expressi\u00f3 <strong>en lloc<\/strong> segur.<\/p>\n","protected":false},"excerpt":{"rendered":"<p>IDX L\u2019adverbi \u00e9s un mot invariable que modifica altres elements gramaticals com verbs, adjectius i adverbis. Els adverbis acostumen a indicar una informaci\u00f3 del verb: el lloc, el temps, la manera, la quantitat.. Vindran dem\u00e0. (adverbi de temps) Les claus &hellip; <a href=\"https:\/\/www.beseit.net\/?page_id=177\">Continua llegint <span class=\"meta-nav\">&rarr;<\/span><\/a><\/p>\n","protected":false},"author":2,"featured_media":0,"parent":0,"menu_order":0,"comment_status":"open","ping_status":"open","template":"","meta":{"footnotes":""},"categories":[1],"class_list":["post-177","page","type-page","status-publish","hentry","category-bloc-de-notes"],"_links":{"self":[{"href":"https:\/\/www.beseit.net\/index.php?rest_route=\/wp\/v2\/pages\/177","targetHints":{"allow":["GET"]}}],"collection":[{"href":"https:\/\/www.beseit.net\/index.php?rest_route=\/wp\/v2\/pages"}],"about":[{"href":"https:\/\/www.beseit.net\/index.php?rest_route=\/wp\/v2\/types\/page"}],"author":[{"embeddable":true,"href":"https:\/\/www.beseit.net\/index.php?rest_route=\/wp\/v2\/users\/2"}],"replies":[{"embeddable":true,"href":"https:\/\/www.beseit.net\/index.php?rest_route=%2Fwp%2Fv2%2Fcomments&post=177"}],"version-history":[{"count":15,"href":"https:\/\/www.beseit.net\/index.php?rest_route=\/wp\/v2\/pages\/177\/revisions"}],"predecessor-version":[{"id":3902,"href":"https:\/\/www.beseit.net\/index.php?rest_route=\/wp\/v2\/pages\/177\/revisions\/3902"}],"wp:attachment":[{"href":"https:\/\/www.beseit.net\/index.php?rest_route=%2Fwp%2Fv2%2Fmedia&parent=177"}],"wp:term":[{"taxonomy":"category","embeddable":true,"href":"https:\/\/www.beseit.net\/index.php?rest_route=%2Fwp%2Fv2%2Fcategories&post=177"}],"curies":[{"name":"wp","href":"https:\/\/api.w.org\/{rel}","templated":true}]}}