{"id":178,"date":"2009-12-27T19:08:30","date_gmt":"2009-12-27T17:08:30","guid":{"rendered":"http:\/\/www.beseit.net\/?page_id=178"},"modified":"2015-12-16T12:59:18","modified_gmt":"2015-12-16T10:59:18","slug":"9-els-verbs-conjugacions","status":"publish","type":"page","link":"https:\/\/www.beseit.net\/?page_id=178","title":{"rendered":"9- ELS VERBS &#8211; Conjugacions"},"content":{"rendered":"<p><a href=\"http:\/\/www.beseit.net\/?page_id=152\">IDX<\/a><\/p>\n<ul>\n<li>PRIMERA CONJUGACI\u00d3: -AR MODEL\u00a0<a href=\"http:\/\/www.beseit.net\/wp-content\/uploads\/2009\/12\/CANTAR.pdf\" target=\"_blank\" rel=\"attachment wp-att-5832\">CANTAR<\/a>:<br \/>\n<strong>s\u00f3n tots regulars<\/strong> i segueixen el seu model. Aix\u00ed, seguint les terminacions del model podem conjugar qualsevol verb de la primera conjugaci\u00f3.<br \/>\nLes excepcions s\u00f3n anar i estar.<br \/>\nanar: vaig vas va anem aneu van<br \/>\nestar: estic estas est\u00e0 estem esteu estan<br \/>\nel participi d&#8217;estar \u00e9s compartit amb el del verb ser: estat i sigut.<br \/>\n<a href=\"http:\/\/www.beseit.net\/wp-content\/uploads\/2009\/12\/verba_primera-conjugac-remarques-orto1.pdf\" target=\"_blank\">Verbs de la primera conjugaci\u00f3. remarques ortogr\u00e0fiques<\/a><br \/>\n<a href=\"http:\/\/www.beseit.net\/wp-content\/uploads\/2009\/12\/verbs_anar_estar.pdf\" target=\"_blank\">Verbs de la primera conjugaci\u00f3. Verbs irregulars: anar i estar<\/a><br \/>\n<a href=\"http:\/\/aplicacions.llengua.gencat.cat\/itineraris-aprenentatge\/suficiencia\/scl\/scl1\/scl16\/scl16.htm\" target=\"_blank\">Fer les activitats que es proposen aqu\u00ed<\/a><\/li>\n<\/ul>\n<ul>\n<li>SEGONA CONJUGACI\u00d3 (<a href=\"http:\/\/www.beseit.net\/wp-content\/uploads\/2009\/12\/resum2a.gif\" target=\"_blank\">Resum<\/a>): -ER i RE MODELS T\u00c9MER I PERDRE:<br \/>\nHi ha dos models de conjugaci\u00f3 regular dels verbs de la segona conjugaci\u00f3: t\u00e9mer (acabat en \u2013er) i perdre (acabat en \u2013re).Els verbs regulars acabats en \u2013er i \u2013re nom\u00e9s tenen terminacions diferents en l\u2019infinitiu, el futur i el condicional. En la resta de casos les terminacions s\u00f3n les mateixes. Observa-ho en les formes seg\u00fcents:<br \/>\n.<a href=\"http:\/\/www.beseit.net\/?attachment_id=5858\" rel=\"attachment wp-att-5858\"><img loading=\"lazy\" decoding=\"async\" class=\"aligncenter size-full wp-image-5858\" src=\"http:\/\/www.beseit.net\/wp-content\/uploads\/2009\/12\/terminacions_temer_perdre.gif\" alt=\"terminacions_temer_perdre\" width=\"1181\" height=\"371\" \/><\/a> <a href=\"http:\/\/www.beseit.net\/wp-content\/uploads\/2009\/12\/verbs-temer.gif\" target=\"_blank\">Conjugaci\u00f3 del verb perdre<\/a><br \/>\n.<br \/>\n<a href=\"http:\/\/www.beseit.net\/wp-content\/uploads\/2009\/12\/verbs-perdre.gif\" target=\"_blank\"><br \/>\n-Conjugaci\u00f3 del verb t\u00e9mer<\/a><br \/>\n.<br \/>\nObserva que la primera i la segona persona del plural de l\u2019imperfet d\u2019indicatiu, el passat simple, el condicional i l\u2019imperfet del subjuntiu porten accent. <strong>En tots els verbs<\/strong>, s\u00f3n formes planes que no acaben en les 12 terminacions: tem\u00e9ssiu, cant\u00e0vem, perd\u00edeu, sort\u00edem, sort\u00edssim&#8230;Observa:<br \/>\nEl futur i el condicional dels verbs acabats en \u2013re \u00e9s diferent dels que tenen infinitiu acabat en \u2013er: perdr\u00e9 \/ temer\u00e9; perdria \/ temeria&#8230;<br \/>\nLa primera i la tercera persona del singular de l\u2019imperfet de subjuntiu de tots els verbs acaben en \u2013s: perd\u00e9s, tem\u00e9s, cant\u00e9s, an\u00e9s, estigu\u00e9s, sort\u00eds, dorm\u00eds&#8230;Hi ha for\u00e7a q\u00fcestions a tenir en compte dels verbs de la segona conjugaci\u00f3.<br \/>\nQuina forma et sembla correcta: interrompent o interrompint, admit\u00edssiu o admet\u00e9ssiu, abatr\u00e9 o abatir\u00e9, debato o debateixo? Les formes correctes s\u00f3n les que tenen terminacions pr\u00f2pies de la segona conjugaci\u00f3 (interrompent, admet\u00e9ssiu, debato i abatr\u00e9).- Els verbs acabats en \u2013batre, -cloure, -fondre, -metre, -c\u00f3rrer, -rompre -cebre -metre segueixen els models de la segona conjugaci\u00f3. Per influ\u00e8ncia del castell\u00e0 es fan com si fossin de la 3\u00aa conjugaci\u00f3.<strong> Penseu que el model \u00e9s perdre i no us perdreu<\/strong>.\u00a0 No hem de conjugar-los, doncs, amb terminacions caracter\u00edstiques de la tercera conjugaci\u00f3 (infinitius acabats en \u2013ir). Fixa\u2019t en els exemples seg\u00fcents:<a href=\"http:\/\/www.beseit.net\/?attachment_id=5863\" rel=\"attachment wp-att-5863\"><img loading=\"lazy\" decoding=\"async\" class=\"aligncenter size-full wp-image-5863\" src=\"http:\/\/www.beseit.net\/wp-content\/uploads\/2009\/12\/segona-com-batre-forma-correcta.gif\" alt=\"segona-com-batre-forma-correcta\" width=\"1299\" height=\"274\" \/><\/a>&#8211; Els verbs <strong><em>poder<\/em><\/strong> i <strong><em>voler<\/em><\/strong> tenen <strong>alternances d\u2019<em>o<\/em> <\/strong>i<em><strong> u <\/strong><\/em>en les seves formes. S\u2019escriuen sempre amb <em><strong>o<\/strong><\/em>,\u00a0 excepte la primera persona del present d\u2019indicatiu, el present de subjuntiu i l\u2019imperatiu, que s&#8217;escriuen amb <em><strong>u (es t\u00f2nica)<\/strong><\/em>. Comprova-ho:<br \/>\n&#8211;<br \/>\n<a href=\"http:\/\/www.beseit.net\/?attachment_id=5875\" rel=\"attachment wp-att-5875\"><img loading=\"lazy\" decoding=\"async\" class=\"aligncenter size-full wp-image-5875\" src=\"http:\/\/www.beseit.net\/wp-content\/uploads\/2009\/12\/poder-voler-1.gif\" alt=\"poder-voler-1\" width=\"1772\" height=\"864\" \/><\/a>Els verbs <em><strong>n\u00e9ixer<\/strong><\/em> (o <em>n\u00e0ixer<\/em>), <em><strong>jeure <\/strong><\/em>(o <em>jaure<\/em>) i <em><strong>treure<\/strong><\/em> (o <em>traure<\/em>) <strong>s\u2019escriuen amb a<\/strong> <strong>en les s\u00edl\u00b7labes \u00e0tones<\/strong>. En les s\u00edl\u00b7labes t\u00f2niques s\u2019escriuen com es pronuncien (en algunes zones amb <em>e<\/em>, d\u2019altres amb <em>a<\/em>):<\/p>\n<table style=\"height: 76px;\" border=\"0\" width=\"547\" cellspacing=\"0\" cellpadding=\"0\" align=\"center\">\n<tbody>\n<tr>\n<td><em>Treus, traiem, naixeu, naixia, ajagut, jegui, traur\u00e0s&#8230; (<strong> \u00e0tona&#8211;&gt;a <\/strong>)<br \/>\n<\/em><\/td>\n<\/tr>\n<\/tbody>\n<\/table>\n<p><strong>VERBS VELARS<\/strong><br \/>\nLa majoria dels verbs de la segona conjugaci\u00f3 s\u00f3n irregulars. Bec, begui, venc, vengui. Aquestes quatre formes contenen un so <strong> velar: c o g <\/strong> que no apareixia a l\u2019arrel del verb. \u00c9s per aix\u00f2 que diem que els verbs <strong>beure i vendre tenen formes velaritzades<\/strong>.<br \/>\nEls verbs que tenen formes velaritzades s\u00f3n:<br \/>\n&#8211; els que acaben en \u2013ndre: vendre, dependre, respondre, estendre&#8230;<br \/>\n&#8211; els que acaben en \u2013ldre: moldre, resoldre, absoldre&#8230;<br \/>\n&#8211; els que acaben en \u2013ure: moure, beure, riure, treure&#8230;.(excepte veure)<br \/>\n-con\u00e8ixer i apar\u00e8ixer i els seus derivats<br \/>\n&#8211; dur, venir, estar, dir, poder, tenir, voler&#8230;-<br \/>\n-tamb\u00e9: fer, poder, voler, saber, haver&#8230; dir dur<br \/>\nTenir i venir tot i que acaben en<strong> ir (3\u00aa)\u00a0<\/strong> funcionen com els acabats en -ndre<\/p>\n<p>La primera persona del <strong>present d\u2019indicatiu <\/strong>d\u2019aquests verbs acaba en<strong> \u2013c<\/strong>. A m\u00e9s a m\u00e9s,<strong> escriuen amb <em>gu<\/em> <\/strong>les formes del<strong> present de subjuntiu, <\/strong>el<strong> passat simple <\/strong>d\u2019indicatiu i <strong>\u00a0<\/strong>l\u2019<strong>imperfet de subjuntiu. <\/strong>Hi un conjunt de verbs (G8: <strong>tenir(t\u00e9), ser, estar, poder, voler, saber, veure, dir<\/strong>) que tamb\u00e9 inclou l&#8217;imperatiu. La resta no t\u00e9 G la 2\u00aa persona del singular ni la 2\u00aa del plural del imperatiu. <strong>El gerundi ni l&#8217;infinitiu\u00a0<\/strong> <strong>no tenen en cap cas formes velars<\/strong>: <em>movent, dient, venent, apareixent&#8230;<\/em>No s\u00f3n correctes, doncs, formes com: <del><em>*venguent<\/em>,<em> *coneguent<\/em>; <em>*diguent&#8230;<\/em>sapiguen<\/del><\/p>\n<p><a href=\"http:\/\/www.beseit.net\/?p=5303\" target=\"_blank\">fer aquest q\u00fcestionari<\/a><\/li>\n<li>TERCERA CONJUGACI\u00d3: -IR MODELS: DORMIR (PUR): dormo dorms dorm dormim dormiu dormen i SERVIR (INCOATIU) serveixo serveixes serveix servim serviu serveixen. S&#8217;ha d&#8217;aprendra quins verbs s\u00f3n incoatius i quins s\u00f3n purs.<br \/>\n.Llistat de verbs purs:<br \/>\n.<strong>SENTIR<\/strong>, GRUNYIR, OBRIR, ESMUNYIR, FUGIR, MORIR (de la bestia)<br \/>\n.SORTIR, EIXIR, COLLIR, TOSSIR, ESCOPIR, COSIR (de la al\u00b7l\u00e8rgia)<br \/>\n.AJUPIR, CRUIXIR, PUDIR, MUNYIR, OMPLIR, BULLIR (la llet)<br \/>\n.PRUIR, LLUIR*, PUNYIR, PERCUDIR, RETRUNYIR (la tempesta) *lluir=brillar<br \/>\n.Poden haver derivats: consentir, pressentir&#8230;Per\u00f2 son incoatius: assentir i dissentir. Tamb\u00e9 lluir (presumir) -&gt;jo llueixo<br \/>\n.<\/li>\n<\/ul>\n<p><a href=\"http:\/\/www.beseit.net\/?p=5889\" target=\"_blank\">Altres classificacions dels verbs<\/a><\/p>\n<p>&nbsp;<\/p>\n","protected":false},"excerpt":{"rendered":"<p>IDX PRIMERA CONJUGACI\u00d3: -AR MODEL\u00a0CANTAR: s\u00f3n tots regulars i segueixen el seu model. Aix\u00ed, seguint les terminacions del model podem conjugar qualsevol verb de la primera conjugaci\u00f3. Les excepcions s\u00f3n anar i estar. anar: vaig vas va anem aneu van &hellip; <a href=\"https:\/\/www.beseit.net\/?page_id=178\">Continua llegint <span class=\"meta-nav\">&rarr;<\/span><\/a><\/p>\n","protected":false},"author":2,"featured_media":0,"parent":0,"menu_order":0,"comment_status":"open","ping_status":"open","template":"","meta":{"footnotes":""},"categories":[1],"class_list":["post-178","page","type-page","status-publish","hentry","category-bloc-de-notes"],"_links":{"self":[{"href":"https:\/\/www.beseit.net\/index.php?rest_route=\/wp\/v2\/pages\/178","targetHints":{"allow":["GET"]}}],"collection":[{"href":"https:\/\/www.beseit.net\/index.php?rest_route=\/wp\/v2\/pages"}],"about":[{"href":"https:\/\/www.beseit.net\/index.php?rest_route=\/wp\/v2\/types\/page"}],"author":[{"embeddable":true,"href":"https:\/\/www.beseit.net\/index.php?rest_route=\/wp\/v2\/users\/2"}],"replies":[{"embeddable":true,"href":"https:\/\/www.beseit.net\/index.php?rest_route=%2Fwp%2Fv2%2Fcomments&post=178"}],"version-history":[{"count":71,"href":"https:\/\/www.beseit.net\/index.php?rest_route=\/wp\/v2\/pages\/178\/revisions"}],"predecessor-version":[{"id":6388,"href":"https:\/\/www.beseit.net\/index.php?rest_route=\/wp\/v2\/pages\/178\/revisions\/6388"}],"wp:attachment":[{"href":"https:\/\/www.beseit.net\/index.php?rest_route=%2Fwp%2Fv2%2Fmedia&parent=178"}],"wp:term":[{"taxonomy":"category","embeddable":true,"href":"https:\/\/www.beseit.net\/index.php?rest_route=%2Fwp%2Fv2%2Fcategories&post=178"}],"curies":[{"name":"wp","href":"https:\/\/api.w.org\/{rel}","templated":true}]}}