{"id":2529,"date":"2011-12-20T19:46:26","date_gmt":"2011-12-20T17:46:26","guid":{"rendered":"http:\/\/www.beseit.net\/?page_id=2529"},"modified":"2011-12-20T20:08:06","modified_gmt":"2011-12-20T18:08:06","slug":"capitol-3-el-compartiment-de-la-pel%e2%80%a2licula","status":"publish","type":"page","link":"https:\/\/www.beseit.net\/?page_id=2529","title":{"rendered":"Cap\u00edtol 3 : El compartiment de la pel\u2022l\u00edcula"},"content":{"rendered":"<p>El compartiment de la pel\u2022l\u00edcula \u00e9s el buit on s&#8217;allotja la pel \u2022 l\u00edcula. En ell no pot entrar la llum m\u00e9s que en el moment de l&#8217;exposici\u00f3, a trav\u00e9s de l&#8217;obturador. Si no \u00e9s aix\u00ed la pel \u2022 l\u00edcula es vetllar\u00e0 i es perdran les fotos.<br \/>\nPer cada exposici\u00f3 el rodet va avan\u00e7ant i enrotllant en un cilindre. Quan s&#8217;acabi la pel \u2022 l\u00edcula es tornar\u00e0 a enrotllar dins del carret, i aix\u00ed estar protegida de la llum al treure-la de la c\u00e0mera.<br \/>\nA l&#8217;hora de manipular la pel \u2022 l\u00edcula dins de compartiment s&#8217;ha de mantenir fora de la pols i no pressionar l&#8217;obturador, que poden ser unes delicades cortinetes com en la imatge.<\/p>\n<p><strong>El diafragma<\/strong> .- El diafragma \u00e9s una part de l&#8217;objectiu que limita el raig de llum que penetra. Funciona com l&#8217;iris de l&#8217;ull hum\u00e0, obrint o tancant per permetre que entre m\u00e9s o menys llum.<br \/>\nEl obert que est\u00e0 l&#8217;objectiu \u00e9s el que s&#8217;anomena obertura de diafragma.<br \/>\nEn les c\u00e0meres manuals controlem el diafragma mitjan\u00e7ant una roda de l&#8217;objectiu i en les c\u00e0meres autom\u00e0tiques es pot regular mitjan\u00e7ant botons.<\/p>\n<p>Els objectius tenen una obertura m\u00e0xima, per aix\u00f2, si s\u00f3n objectius amb dist\u00e0ncia focal fixa l&#8217;obertura m\u00e0xima \u00e9s fixa, per zooms, l&#8217;obertura m\u00e0xima va canviant segons varia la dist\u00e0ncia focal.<\/p>\n<p>Per aconseguir l&#8217;equilibri de llum en cada exposici\u00f3 es combina l&#8217;obertura de diafragma amb el temps d&#8217;exposici\u00f3. \u00c9s a dir, que si s&#8217;augmenta l&#8217;obertura de diafragma (m\u00e9s lluminositat) cal reduir el temps d&#8217;exposici\u00f3 (temps que la pel\u2022l\u00edcula est\u00e0 exposada a la llum) o si no la fotografia seria molt clara (sobreexposada). Igualment, per captar la llum que hi ha a l&#8217;escena, si es redueix l&#8217;obertura de diafragma (menys lluminositat) cal allargar l&#8217;exposici\u00f3, sin\u00f3 quedaria una imatge fosca (subexposat).<\/p>\n<p>L&#8217;obertura de diafragma es mesura en nombres f. El menor dels nombres indica l&#8217;obertura m\u00e0xima. La relaci\u00f3 entre els nombres f \u00e9s que cada vegada que es passa d&#8217;un nombre a un menor, la lluminositat es redueix a la meitat, de manera que F11, per exemple, t\u00e9 el doble de lluminositat que F16 i la meitat que f8.<br \/>\nL&#8217;escala de nombres f b\u00e0sica \u00e9s la seg\u00fcent:<br \/>\nf1, f1.4, f2, f2.8, f4, f5.6, f8, F11, F16, F22, F32, F45 &#8230;<br \/>\nExemple d&#8217;una exposici\u00f3 .- Aquestes dues fotografies seran capa\u00e7os de captar la mateixa lluminositat. La primera augmentar\u00e0 l&#8217;obertura de diafragma (reduint el temps d&#8217;exposici\u00f3). La segona duplicar\u00e0 el temps d&#8217;exposici\u00f3. Perqu\u00e8 la imatge no sigui clara (sobreexposada) es tanca el diafragma, deixant passar la meitat de llum que en el cas anterior.<br \/>\nEncara que ambdues captin la mateixa lluminositat trobarem difer\u00e8ncies entre elles. Aquestes difer\u00e8ncies s&#8217;entenen en el proper tema &#8220;com fer fotos&#8221;.<br \/>\nTemps exposici\u00f3: 1 \/ 120<br \/>\nObertura: f5.6<br \/>\nLa mateixa exposici\u00f3:<br \/>\nTemps exposici\u00f3: 1 \/ 60<br \/>\nObertura: f8<\/p>\n","protected":false},"excerpt":{"rendered":"<p>El compartiment de la pel\u2022l\u00edcula \u00e9s el buit on s&#8217;allotja la pel \u2022 l\u00edcula. En ell no pot entrar la llum m\u00e9s que en el moment de l&#8217;exposici\u00f3, a trav\u00e9s de l&#8217;obturador. Si no \u00e9s aix\u00ed la pel \u2022 l\u00edcula &hellip; <a href=\"https:\/\/www.beseit.net\/?page_id=2529\">Continua llegint <span class=\"meta-nav\">&rarr;<\/span><\/a><\/p>\n","protected":false},"author":2,"featured_media":0,"parent":678,"menu_order":0,"comment_status":"open","ping_status":"open","template":"","meta":{"footnotes":""},"categories":[],"class_list":["post-2529","page","type-page","status-publish","hentry"],"_links":{"self":[{"href":"https:\/\/www.beseit.net\/index.php?rest_route=\/wp\/v2\/pages\/2529","targetHints":{"allow":["GET"]}}],"collection":[{"href":"https:\/\/www.beseit.net\/index.php?rest_route=\/wp\/v2\/pages"}],"about":[{"href":"https:\/\/www.beseit.net\/index.php?rest_route=\/wp\/v2\/types\/page"}],"author":[{"embeddable":true,"href":"https:\/\/www.beseit.net\/index.php?rest_route=\/wp\/v2\/users\/2"}],"replies":[{"embeddable":true,"href":"https:\/\/www.beseit.net\/index.php?rest_route=%2Fwp%2Fv2%2Fcomments&post=2529"}],"version-history":[{"count":5,"href":"https:\/\/www.beseit.net\/index.php?rest_route=\/wp\/v2\/pages\/2529\/revisions"}],"predecessor-version":[{"id":2535,"href":"https:\/\/www.beseit.net\/index.php?rest_route=\/wp\/v2\/pages\/2529\/revisions\/2535"}],"up":[{"embeddable":true,"href":"https:\/\/www.beseit.net\/index.php?rest_route=\/wp\/v2\/pages\/678"}],"wp:attachment":[{"href":"https:\/\/www.beseit.net\/index.php?rest_route=%2Fwp%2Fv2%2Fmedia&parent=2529"}],"wp:term":[{"taxonomy":"category","embeddable":true,"href":"https:\/\/www.beseit.net\/index.php?rest_route=%2Fwp%2Fv2%2Fcategories&post=2529"}],"curies":[{"name":"wp","href":"https:\/\/api.w.org\/{rel}","templated":true}]}}