{"id":282,"date":"2010-01-04T13:58:26","date_gmt":"2010-01-04T11:58:26","guid":{"rendered":"http:\/\/www.beseit.net\/?page_id=282"},"modified":"2010-03-22T17:26:17","modified_gmt":"2010-03-22T15:26:17","slug":"bases-2009-2010","status":"publish","type":"page","link":"https:\/\/www.beseit.net\/?page_id=282","title":{"rendered":"Bases 2009-2010"},"content":{"rendered":"<p><strong>CONCURS SOCIAL TRIMESTRAL DE TEMA LLIURE (primer dijous del trimestre: <\/strong><strong>Mar\u00e7, juny, setembre,desembre)<\/strong><\/p>\n<p>LES FOTOGRAFIES EN MONOCROM I COLOR HAN DE SER (COM SEMPRE) DE MIDA FOTOGR\u00c0FICA <span style=\"color: #ff0000;\">LLIURE MUNTADES <\/span>EN SUPORT DE <span style=\"color: #ff0000;\">30 X 40 CM.<\/span><\/p>\n<p>LES FOTOGRAFIES QUE PARTICIPIN EN L&#8217;APARTAT DE <span style=\"color: #ff0000;\">SUPORT DIGITAL<\/span> S&#8217;HAN D&#8217;ENVIAR DE MIDES 20 X 30 A 72 PPP I AMB UN PES APROXIMAT DE 900 KB<\/p>\n<p><strong>CONCURS SOCIAL\u00a0 MENSUAL (ULTIM DIJOUS DEL MES)<\/strong><\/p>\n<p>LES FOTOGRAFIES EN MONOCROM I COLOR HAN DE SER (COM SEMPRE) DE MIDA FOTOGR\u00c0FICA <span style=\"color: #ff0000;\">LLIURE MUNTADES <\/span>EN SUPORT DE\u00a0 <span style=\"color: #ff0000;\">18&#215;24 cm<\/span><\/p>\n<p>Si la impressi\u00f3 es fa a una tenda, conv\u00e9 saber que les mides est\u00e0ndard son:<\/p>\n<p>7&#215;12<\/p>\n<p>9&#215;12<\/p>\n<p>10&#215;13<\/p>\n<p>11&#215;15<\/p>\n<p>12&#215;17<\/p>\n<p>15,2&#215;20,3 (es la que he fet servi aquest mes a plena satisfacci\u00f3. De fet la foto pot ser de 13&#215;18 el resta de marc (aix\u00ed queda espai per a posar marge i t\u00edtol)<\/p>\n<p>18&#215;24<\/p>\n<p>20&#215;27<\/p>\n<p>20&#215;30<\/p>\n<p>24&#215;32 !!!\u00a0 trimestral<\/p>\n<p>25&#215;34<\/p>\n<p>25&#215;38<\/p>\n<p>LES FOTOGRAFIES QUE PARTICIPIN EN L&#8217;APARTAT DE <span style=\"color: #ff0000;\">SUPORT DIGITAL<\/span> S&#8217;HAN D&#8217;ENVIAR DE MIDES 18 X 13 A 300 PPP I AMB UN PES APROXIMAT DE 700 KB<\/p>\n<p>Temes:<\/p>\n<p>Gener: port de pesca<\/p>\n<p>Febrer: Macrofotografia<\/p>\n<p>Mar\u00e7: Petanca<\/p>\n<p>Abril: Parada de mercad<\/p>\n","protected":false},"excerpt":{"rendered":"<p>CONCURS SOCIAL TRIMESTRAL DE TEMA LLIURE (primer dijous del trimestre: Mar\u00e7, juny, setembre,desembre) LES FOTOGRAFIES EN MONOCROM I COLOR HAN DE SER (COM SEMPRE) DE MIDA FOTOGR\u00c0FICA LLIURE MUNTADES EN SUPORT DE 30 X 40 CM. LES FOTOGRAFIES QUE PARTICIPIN &hellip; <a href=\"https:\/\/www.beseit.net\/?page_id=282\">Continua llegint <span class=\"meta-nav\">&rarr;<\/span><\/a><\/p>\n","protected":false},"author":2,"featured_media":0,"parent":279,"menu_order":0,"comment_status":"open","ping_status":"open","template":"Plantilla_sec_pag.php","meta":{"footnotes":""},"categories":[1],"class_list":["post-282","page","type-page","status-publish","hentry","category-bloc-de-notes"],"_links":{"self":[{"href":"https:\/\/www.beseit.net\/index.php?rest_route=\/wp\/v2\/pages\/282","targetHints":{"allow":["GET"]}}],"collection":[{"href":"https:\/\/www.beseit.net\/index.php?rest_route=\/wp\/v2\/pages"}],"about":[{"href":"https:\/\/www.beseit.net\/index.php?rest_route=\/wp\/v2\/types\/page"}],"author":[{"embeddable":true,"href":"https:\/\/www.beseit.net\/index.php?rest_route=\/wp\/v2\/users\/2"}],"replies":[{"embeddable":true,"href":"https:\/\/www.beseit.net\/index.php?rest_route=%2Fwp%2Fv2%2Fcomments&post=282"}],"version-history":[{"count":9,"href":"https:\/\/www.beseit.net\/index.php?rest_route=\/wp\/v2\/pages\/282\/revisions"}],"predecessor-version":[{"id":722,"href":"https:\/\/www.beseit.net\/index.php?rest_route=\/wp\/v2\/pages\/282\/revisions\/722"}],"up":[{"embeddable":true,"href":"https:\/\/www.beseit.net\/index.php?rest_route=\/wp\/v2\/pages\/279"}],"wp:attachment":[{"href":"https:\/\/www.beseit.net\/index.php?rest_route=%2Fwp%2Fv2%2Fmedia&parent=282"}],"wp:term":[{"taxonomy":"category","embeddable":true,"href":"https:\/\/www.beseit.net\/index.php?rest_route=%2Fwp%2Fv2%2Fcategories&post=282"}],"curies":[{"name":"wp","href":"https:\/\/api.w.org\/{rel}","templated":true}]}}