{"id":3395,"date":"2012-11-05T18:02:08","date_gmt":"2012-11-05T16:02:08","guid":{"rendered":"http:\/\/www.beseit.net\/?page_id=3395"},"modified":"2012-11-05T19:01:14","modified_gmt":"2012-11-05T17:01:14","slug":"bases-2012-2013","status":"publish","type":"page","link":"https:\/\/www.beseit.net\/?page_id=3395","title":{"rendered":"Bases 2012-2013"},"content":{"rendered":"<p>CONCURS SOCIAL TRIMESTRAL DE TEMA LLIURE (primer dijous del trimestre: 6 d\u2019octubre de 2010, 1 de desembre de 2010, 2 de febrer de 2011, 5 d\u2019abril de 2011)<\/p>\n<p>Bases 2012-2013 LES FOTOGRAFIES EN MONOCROM I COLOR HAN DE SER (COM SEMPRE) DE MIDA FOTOGR\u00c0FICA LLIURE MUNTADES EN SUPORT DE 30 X 40 CM. LES FOTOGRAFIES QUE PARTICIPIN EN L\u2019APARTAT DE SUPORT DIGITAL S\u2019HAN D\u2019ENVIAR DE MIDES 20 X 30 A 72 PPP I AMB UN PES APROXIMAT DE 900 KB<\/p>\n<p>CONCURS SOCIAL MENSUAL (ULTIM DIJOUS DEL MES) 1 o 2 fotografies<\/p>\n<p>LES FOTOGRAFIES EN MONOCROM I COLOR HAN DE SER (COM SEMPRE) DE MIDA FOTOGR\u00c0FICA LLIURE MUNTADES EN SUPORT DE 18\u00d724 cm<\/p>\n<p>Si la impressi\u00f3 es fa a una tenda, conv\u00e9 saber quins mides te. La de sant Cugat son:<\/p>\n<p>7\u00d712 (7\u00d710) 9\u00d712 (9\u00d713) 10\u00d713 (9\u00d713) 11\u00d715 (igual ) (10\u00d710) 12\u00d717 (13\u00d718) 15,2\u00d720,3 (es la que he fet servi aquest mes a plena satisfacci\u00f3. De fet la foto pot ser de 13\u00d718 el resta de marc (aix\u00ed queda espai per a posar marge i t\u00edtol) (igual al laboratori 20\u00d730) 18\u00d724 (igual ) 20\u00d727 20\u00d730 (igual ) 24\u00d732 !!! trimestral (24 x 30) com tinc lo pas per tu a 20\u00d730 tinc que adaptar la foto en funci\u00f3 del laboratori que la porti a revelar. 25\u00d734 25\u00d738<\/p>\n<p>LES FOTOGRAFIES QUE PARTICIPIN EN L\u2019APARTAT DE SUPORT DIGITAL S\u2019HAN D\u2019ENVIAR DE MIDES 18 X 13 A 300 PPP I AMB UN PES APROXIMAT DE 700 KB<\/p>\n<p>Temes: Setembre: Porxo\/s Octubre: font p\u00fablica Novembre: Contrallum. Desembre: Roba estesa. Gener Ampolla\/es Febrer: retrat de dona. Mar\u00e7: Cavall\/s. Abril: Esport d&#8217;equip.<\/p>\n","protected":false},"excerpt":{"rendered":"<p>CONCURS SOCIAL TRIMESTRAL DE TEMA LLIURE (primer dijous del trimestre: 6 d\u2019octubre de 2010, 1 de desembre de 2010, 2 de febrer de 2011, 5 d\u2019abril de 2011) Bases 2012-2013 LES FOTOGRAFIES EN MONOCROM I COLOR HAN DE SER (COM &hellip; <a href=\"https:\/\/www.beseit.net\/?page_id=3395\">Continua llegint <span class=\"meta-nav\">&rarr;<\/span><\/a><\/p>\n","protected":false},"author":2,"featured_media":0,"parent":279,"menu_order":0,"comment_status":"open","ping_status":"open","template":"","meta":{"footnotes":""},"categories":[],"class_list":["post-3395","page","type-page","status-publish","hentry"],"_links":{"self":[{"href":"https:\/\/www.beseit.net\/index.php?rest_route=\/wp\/v2\/pages\/3395","targetHints":{"allow":["GET"]}}],"collection":[{"href":"https:\/\/www.beseit.net\/index.php?rest_route=\/wp\/v2\/pages"}],"about":[{"href":"https:\/\/www.beseit.net\/index.php?rest_route=\/wp\/v2\/types\/page"}],"author":[{"embeddable":true,"href":"https:\/\/www.beseit.net\/index.php?rest_route=\/wp\/v2\/users\/2"}],"replies":[{"embeddable":true,"href":"https:\/\/www.beseit.net\/index.php?rest_route=%2Fwp%2Fv2%2Fcomments&post=3395"}],"version-history":[{"count":3,"href":"https:\/\/www.beseit.net\/index.php?rest_route=\/wp\/v2\/pages\/3395\/revisions"}],"predecessor-version":[{"id":3398,"href":"https:\/\/www.beseit.net\/index.php?rest_route=\/wp\/v2\/pages\/3395\/revisions\/3398"}],"up":[{"embeddable":true,"href":"https:\/\/www.beseit.net\/index.php?rest_route=\/wp\/v2\/pages\/279"}],"wp:attachment":[{"href":"https:\/\/www.beseit.net\/index.php?rest_route=%2Fwp%2Fv2%2Fmedia&parent=3395"}],"wp:term":[{"taxonomy":"category","embeddable":true,"href":"https:\/\/www.beseit.net\/index.php?rest_route=%2Fwp%2Fv2%2Fcategories&post=3395"}],"curies":[{"name":"wp","href":"https:\/\/api.w.org\/{rel}","templated":true}]}}