{"id":3941,"date":"2013-03-15T18:20:04","date_gmt":"2013-03-15T16:20:04","guid":{"rendered":"http:\/\/www.beseit.net\/?page_id=3941"},"modified":"2013-03-15T18:25:35","modified_gmt":"2013-03-15T16:25:35","slug":"abecedari","status":"publish","type":"page","link":"https:\/\/www.beseit.net\/?page_id=3941","title":{"rendered":"Alfabet catal\u00e0"},"content":{"rendered":"<table width=\"400\" border=\"0\" cellspacing=\"0\" cellpadding=\"0\">\n<colgroup>\n<col span=\"5\" width=\"80\" \/> <\/colgroup>\n<tbody>\n<tr>\n<td width=\"80\" height=\"20\">Grafema<\/td>\n<td width=\"80\">Nom del grafema<\/td>\n<td width=\"80\">Nom del grafema (AVL)<\/td>\n<td width=\"80\">Pron\u00fancia<\/td>\n<td width=\"80\">Remarques<\/td>\n<\/tr>\n<tr>\n<td height=\"20\">A a<\/td>\n<td>a<\/td>\n<td><\/td>\n<td>[\u00e4], [\u0259]<\/td>\n<td>amb les variacions \u00c0\u00e0<\/td>\n<\/tr>\n<tr>\n<td height=\"20\">B b<\/td>\n<td>be o be alta<\/td>\n<td><\/td>\n<td>[b], [\u03b2], [p]<\/td>\n<td><\/td>\n<\/tr>\n<tr>\n<td height=\"20\">C c<\/td>\n<td>ce<\/td>\n<td><\/td>\n<td>[k], [s], [g]<\/td>\n<td><\/td>\n<\/tr>\n<tr>\n<td height=\"20\">\u00c7 \u00e7<\/td>\n<td>ce trencada<\/td>\n<td><\/td>\n<td>[s]<\/td>\n<td>\u00e9s una lletra modificada, una variaci\u00f3 del la c (no fa part de l&#8217;alfabet simple)<\/td>\n<\/tr>\n<tr>\n<td height=\"20\">D d<\/td>\n<td>de<\/td>\n<td><\/td>\n<td>[d], [\u00f0], [t]<\/td>\n<td><\/td>\n<\/tr>\n<tr>\n<td height=\"20\">E e<\/td>\n<td>e<\/td>\n<td><\/td>\n<td>[\u03b5], [e], [\u0259]<\/td>\n<td>amb les variacions \u00c9\u00e9 \u00c8\u00e8<\/td>\n<\/tr>\n<tr>\n<td height=\"20\">F f<\/td>\n<td>efa<\/td>\n<td>efe o ef<\/td>\n<td>[f], [v]<\/td>\n<td><\/td>\n<\/tr>\n<tr>\n<td height=\"20\">G g<\/td>\n<td>ge<\/td>\n<td><\/td>\n<td colspan=\"2\">[g], [\u03b3], [\u0292], [k]<\/td>\n<\/tr>\n<tr>\n<td height=\"20\">H h<\/td>\n<td>hac<\/td>\n<td><\/td>\n<td>muda o [h]<\/td>\n<td><\/td>\n<\/tr>\n<tr>\n<td height=\"20\">I i<\/td>\n<td>i<\/td>\n<td><\/td>\n<td>[i], [j]<\/td>\n<td>amb les variacions \u00cd\u00ed \u00cf\u00ef<\/td>\n<\/tr>\n<tr>\n<td height=\"20\">J j<\/td>\n<td>jota<\/td>\n<td><\/td>\n<td>[\u0292]<\/td>\n<td><\/td>\n<\/tr>\n<tr>\n<td height=\"20\">K k<\/td>\n<td>ca<\/td>\n<td><\/td>\n<td>[k]<\/td>\n<td>nom\u00e9s emprada en paraules d&#8217;origen estranger<\/td>\n<\/tr>\n<tr>\n<td height=\"20\">L l<\/td>\n<td>ela<\/td>\n<td>ele o el<\/td>\n<td>[\u026b]<\/td>\n<td><\/td>\n<\/tr>\n<tr>\n<td height=\"20\">L\u00b7L l\u00b7l<\/td>\n<td>ela geminada<\/td>\n<td>ele (o el) geminada<\/td>\n<td>[\u026b\u026b]<\/td>\n<td>\u00c9s una lletra composta i no forma part de l&#8217;alfabet simple. No pot ser al principi o final de paraula<\/td>\n<\/tr>\n<tr>\n<td height=\"20\">M m<\/td>\n<td>ema<\/td>\n<td>eme o em<\/td>\n<td>[m], [\u0271]<\/td>\n<td><\/td>\n<\/tr>\n<tr>\n<td height=\"20\">N n<\/td>\n<td>ena<\/td>\n<td>ene o en<\/td>\n<td>[n], [\u014b], [\u0271]<\/td>\n<td><\/td>\n<\/tr>\n<tr>\n<td height=\"20\">O o<\/td>\n<td>o<\/td>\n<td><\/td>\n<td>[\u0254], [o], [u]<\/td>\n<td>amb les variacions \u00d3\u00f3 \u00d2\u00f2<\/td>\n<\/tr>\n<tr>\n<td height=\"20\">P p<\/td>\n<td>pe<\/td>\n<td><\/td>\n<td>[p], [b]<\/td>\n<td><\/td>\n<\/tr>\n<tr>\n<td height=\"20\">Q q<\/td>\n<td>cu<\/td>\n<td><\/td>\n<td>[k]<\/td>\n<td><\/td>\n<\/tr>\n<tr>\n<td height=\"20\">R r<\/td>\n<td>erra<\/td>\n<td>erre o er<\/td>\n<td>[r], [\u027e]<\/td>\n<td><\/td>\n<\/tr>\n<tr>\n<td height=\"20\">S s<\/td>\n<td>essa<\/td>\n<td>esse o es<\/td>\n<td>[s], [z]<\/td>\n<td><\/td>\n<\/tr>\n<tr>\n<td height=\"20\">T t<\/td>\n<td>te<\/td>\n<td><\/td>\n<td>[t], [d]<\/td>\n<td><\/td>\n<\/tr>\n<tr>\n<td height=\"20\">U u<\/td>\n<td>u<\/td>\n<td><\/td>\n<td>[u], [w]<\/td>\n<td>amb les variacions \u00da\u00fa \u00dc\u00fc<\/td>\n<\/tr>\n<tr>\n<td height=\"20\">V v<\/td>\n<td colspan=\"2\">ve o ve baixa<\/td>\n<td colspan=\"2\">[b], [\u03b2] o [v], [v]<\/td>\n<\/tr>\n<tr>\n<td height=\"20\">W w<\/td>\n<td colspan=\"2\">ve doble o doble ve<\/td>\n<td>[b]<\/td>\n<td>nom\u00e9s emprada en paraules d&#8217;origen estranger<\/td>\n<\/tr>\n<tr>\n<td height=\"20\">X x<\/td>\n<td>ics o xeix<\/td>\n<td><\/td>\n<td>[\u0283], [ks], [gz]<\/td>\n<td><\/td>\n<\/tr>\n<tr>\n<td height=\"20\">Y y<\/td>\n<td>i grega<\/td>\n<td><\/td>\n<td>[i], [j]<\/td>\n<td>nom\u00e9s emprada en el d\u00edgraf ny, alguns cognoms (per exemple Aymerich) o en paraules d&#8217;origen estranger<\/td>\n<\/tr>\n<tr>\n<td height=\"20\">Z z<\/td>\n<td>zeta<\/td>\n<td><\/td>\n<td>[z]<\/td>\n<td><\/td>\n<\/tr>\n<\/tbody>\n<\/table>\n","protected":false},"excerpt":{"rendered":"<p>Grafema Nom del grafema Nom del grafema (AVL) Pron\u00fancia Remarques A a a [\u00e4], [\u0259] amb les variacions \u00c0\u00e0 B b be o be alta [b], [\u03b2], [p] C c ce [k], [s], [g] \u00c7 \u00e7 ce trencada [s] \u00e9s &hellip; <a href=\"https:\/\/www.beseit.net\/?page_id=3941\">Continua llegint <span class=\"meta-nav\">&rarr;<\/span><\/a><\/p>\n","protected":false},"author":2,"featured_media":0,"parent":0,"menu_order":0,"comment_status":"open","ping_status":"open","template":"","meta":{"footnotes":""},"categories":[],"class_list":["post-3941","page","type-page","status-publish","hentry"],"_links":{"self":[{"href":"https:\/\/www.beseit.net\/index.php?rest_route=\/wp\/v2\/pages\/3941","targetHints":{"allow":["GET"]}}],"collection":[{"href":"https:\/\/www.beseit.net\/index.php?rest_route=\/wp\/v2\/pages"}],"about":[{"href":"https:\/\/www.beseit.net\/index.php?rest_route=\/wp\/v2\/types\/page"}],"author":[{"embeddable":true,"href":"https:\/\/www.beseit.net\/index.php?rest_route=\/wp\/v2\/users\/2"}],"replies":[{"embeddable":true,"href":"https:\/\/www.beseit.net\/index.php?rest_route=%2Fwp%2Fv2%2Fcomments&post=3941"}],"version-history":[{"count":4,"href":"https:\/\/www.beseit.net\/index.php?rest_route=\/wp\/v2\/pages\/3941\/revisions"}],"predecessor-version":[{"id":3947,"href":"https:\/\/www.beseit.net\/index.php?rest_route=\/wp\/v2\/pages\/3941\/revisions\/3947"}],"wp:attachment":[{"href":"https:\/\/www.beseit.net\/index.php?rest_route=%2Fwp%2Fv2%2Fmedia&parent=3941"}],"wp:term":[{"taxonomy":"category","embeddable":true,"href":"https:\/\/www.beseit.net\/index.php?rest_route=%2Fwp%2Fv2%2Fcategories&post=3941"}],"curies":[{"name":"wp","href":"https:\/\/api.w.org\/{rel}","templated":true}]}}