{"id":3990,"date":"2013-04-08T19:14:16","date_gmt":"2013-04-08T17:14:16","guid":{"rendered":"http:\/\/www.beseit.net\/?page_id=3990"},"modified":"2014-11-12T12:47:15","modified_gmt":"2014-11-12T10:47:15","slug":"el-digraf-ss","status":"publish","type":"page","link":"https:\/\/www.beseit.net\/?page_id=3990","title":{"rendered":"essa sorda i essa sonora"},"content":{"rendered":"<p><a href=\"http:\/\/www.beseit.net\/mp3\/catala\/essa%20sorda%20i%20essa%20sonora%20.pdf\" target=\"_blank\">essa sorda i essa sonora<\/a><\/p>\n<h3>Fitxa 6203\/1<\/h3>\n<div>\n<h1><strong>T\u00edtol:s, ss, c o \u00e7 (ortografia de la essa sorda)<br \/>\n<\/strong><\/h1>\n<\/div>\n<h3>Resposta<\/h3>\n<p>Les paraules <em>adre\u00e7a<\/em>, <em>russa<\/em> o <em>sol<\/em> contenen el so de la essa sorda, que cal distingir del so de la essa sonora (que trobem en paraules com <em>Teresa<\/em>, <em>calorosa<\/em> o <em>zoo<\/em>). <strong>Per escriure correctament aquests sons \u00e9s molt important, primerament, distingir-los.<\/strong><br \/>\n<strong>El so de essa sorda<\/strong>, com el de <em>sou<\/em>, <em>rossa<\/em>, \u00a0<em>acer<\/em> o <em>ca\u00e7a<\/em>,\u00a0es pot escriure amb quatre grafies: <em>s<\/em> (essa), <em>ss<\/em> (essa doble), <em>c <\/em>(ce) i <em>\u00e7 <\/em>(ce trencada).<\/p>\n<p><strong>A inici de mot:<\/strong><br \/>\n&#8211; <em>s<\/em>: <em>sac, serietat, s\u00edndria, somiar, suma<\/em>&#8230;;<br \/>\n&#8211; <em>c<\/em>: <em>cel, celebrar, cirera, circ<\/em>&#8230; (nom\u00e9s davant de <em>e<\/em>, <em>i<\/em>).<br \/>\n(Excepcionalment, <em>\u00e7 <\/em>en <em>\u00e7a<\/em> i <em>\u00e7o<\/em>.)<\/p>\n<p><strong>Entre vocals:<\/strong><br \/>\n&#8211; ss: <em>assenyat, cassola, interessant, possible, massa<\/em>&#8230; (podem trobar essa sorda escrita <em>s<\/em> entre vocals en casos especials: mots amb prefix, com ara <em>asimetria<\/em> o <em>infras\u00f2<\/em>; i compostos cultes, com ara <em>anglosax\u00f3<\/em> o <em>dinosaure<\/em>);<br \/>\n&#8211; <em>c<\/em> davant de <em>e<\/em>, <em>i<\/em>: <em>cacera, decidir, Ll\u00facia, Vicen\u00e7<\/em>&#8230;;<br \/>\n&#8211; <em>\u00e7 <\/em>davant de <em>a<\/em>, <em>o<\/em>, <em>u<\/em>: <em>ma\u00e7a, pe\u00e7a, lli\u00e7\u00f3, tra\u00e7ut<\/em>&#8230;<\/p>\n<p><strong>Entre vocal i consonant o entre consonant i voca<\/strong>l:<br \/>\n&#8211; <em>s<\/em>: <em>molsa, dansa, llets\u00f3, festa, gespa<\/em>&#8230;;<br \/>\n&#8211; <em>c<\/em> davant de <em>e<\/em>, <em>i<\/em>: <em>enciam<\/em>, <em>Marcel<\/em>, <em>Merc\u00e8<\/em>, <em>sincer<\/em>&#8230;;<br \/>\n&#8211; <em>\u00e7<\/em> davant de <em>a<\/em>, <em>o<\/em>, <em>u<\/em>: <em>can\u00e7\u00f3<\/em>, <em>for\u00e7a<\/em>, <em>llen\u00e7ol<\/em>, <em>for\u00e7ut<\/em>, <em>un\u00e7a<\/em>&#8230;<\/p>\n<p><strong>A final de mot:<\/strong><br \/>\n&#8211; <em>s<\/em>: <em>nas<\/em>, <em>gos<\/em>, <em>cab\u00e0s<\/em>&#8230;;<br \/>\n&#8211; <em>\u00e7<\/em>: <em>bra\u00e7<\/em>, <em>feli\u00e7<\/em>, <em>velo\u00e7<\/em>, <em>ter\u00e7<\/em>&#8230;<br \/>\n\u00c9s \u00fatil recordar l&#8217;ortografia del so de la essa sorda en alguns casos habituals:<br \/>\n&#8211; femenins formats amb el sufix &#8211;<em>essa<\/em>: <em>alcaldessa<\/em>, <em>metgessa<\/em>, <em>duquessa<\/em>;<br \/>\n&#8211; paraules acabades en &#8211;<em>gressi\u00f3<\/em>\/-<em>gressor<\/em>, &#8211;<em>missi\u00f3<\/em>\/-<em>missor<\/em>, &#8211;<em>pressi\u00f3<\/em>\/-<em>pressor<\/em>: <em>progressi\u00f3<\/em>, <em>agressor<\/em>, <em>dimissi\u00f3<\/em>, <em>supressi\u00f3<\/em>;<br \/>\n&#8211; el sufix &#8211;<em>\u00edssim<\/em>\/-<em>\u00edssima<\/em>: <em>bon\u00edssim<\/em>, <em>bon\u00edssima<\/em>.<\/p>\n<div>\n<div>\n<h1>s o z (ortografia de la essa sonora)<\/h1>\n<\/div>\n<\/div>\n<p>Les paraules <em>Teresa<\/em>, <em>calorosa<\/em> o <em>zoo<\/em> contenen el so de la essa sonora, que cal distingir del so de la essa sorda (que trobem en paraules com <em>adre\u00e7a<\/em>, <em>russa<\/em> o <em>sol<\/em>). Per escriure correctament aquests sons \u00e9s molt important, primerament, distingir-los.<\/p>\n<p>El so de essa sonora es pot escriure amb dues grafies: <em>s<\/em> (essa) i <em>z <\/em>(zeta).<\/p>\n<p><strong>A inici de mot<\/strong> escrivim sempre <em>z<\/em>: <em>Zacaries, zebra, zero, zig-zag, zona, Zuric<\/em>&#8230;<\/p>\n<p><strong>Entre vocals<\/strong> escrivim:<\/p>\n<p>&#8211; <em>s<\/em> en la majoria de casos: <em>camisa, crisi, desembre, Elisenda, gasela, hisenda, Isidre, Josep, museu, peresa, posar, resistir, tesi, visi\u00f3<\/em>&#8230;;<\/p>\n<p>&#8211; <em>z<\/em> nom\u00e9s en algunes paraules: alguns mots provinents d&#8217;altres lleng\u00fces (<em>amazona, bizant\u00ed, Bizanci, magaz\u00edn, topazi, trapezi<\/em>&#8230;); mots cultes compostos amb <em>esquizo<\/em>-, <em>piezo<\/em>-, <em>rizo<\/em>-, &#8211;<em>zoic<\/em>, &#8211;<em>zou<\/em>, &#8211;<em>zoide<\/em>, &#8211;<em>zoari<\/em> (<em>esquizofr\u00e8nia, rizoma, paleozoic, protozou, espermatozoide<\/em>&#8230;); i alguns noms hebreus (<em>Ezequiel<\/em>, <em>Nazari<\/em>&#8230;).<\/p>\n<p><strong>Despr\u00e9s de consonant<\/strong> escrivim <em>z<\/em>: <em>analitzar, esmorzar, horitz\u00f3, Ll\u00e0tzer, pinzell, polze, organitzar, senzill<\/em>&#8230;<\/p>\n<p>\u00c9s \u00fatil recordar que trobem essa sonora (escrita amb una sola <em>s<\/em>), per exemple:<\/p>\n<p>&#8211; en el sufix &#8211;<em>esa<\/em> que expressa qualitats f\u00edsiques o morals: <em>bellesa, certesa, immediatesa, feblesa, rigidesa, validesa, riquesa<\/em>&#8230;\u00a0(i en plural: <em>certeses<\/em>, <em>febleses<\/em>&#8230;);<\/p>\n<p>&#8211; en gentilicis com ara <em>aranesa, holandesa, japonesa<\/em>&#8230;\u00a0(i en els plurals: <em>aranesos<\/em>, <em>araneses<\/em>&#8230;);<\/p>\n<p>&#8211; en adjectius com ara <em>plujosa, fabulosa, blanquinosa, abundosa<\/em>&#8230;\u00a0(i en els plurals: <em>plujosos<\/em>, <em>plujoses<\/em>&#8230;),<\/p>\n<p>&#8211; en participis com ara <em>atesa, entesa, impresa, tramesa<\/em>&#8230;\u00a0(i els plurals: <em>atesos<\/em>, <em>ateses<\/em>&#8230;).<\/p>\n<p><a href=\"http:\/\/www.beseit.net\/?p=5178\" target=\"_blank\">\u00a0Practica amb aquesta taula<\/a><\/p>\n","protected":false},"excerpt":{"rendered":"<p>essa sorda i essa sonora Fitxa 6203\/1 T\u00edtol:s, ss, c o \u00e7 (ortografia de la essa sorda) Resposta Les paraules adre\u00e7a, russa o sol contenen el so de la essa sorda, que cal distingir del so de la essa sonora &hellip; <a href=\"https:\/\/www.beseit.net\/?page_id=3990\">Continua llegint <span class=\"meta-nav\">&rarr;<\/span><\/a><\/p>\n","protected":false},"author":2,"featured_media":0,"parent":0,"menu_order":0,"comment_status":"open","ping_status":"open","template":"","meta":{"footnotes":""},"categories":[],"class_list":["post-3990","page","type-page","status-publish","hentry"],"_links":{"self":[{"href":"https:\/\/www.beseit.net\/index.php?rest_route=\/wp\/v2\/pages\/3990","targetHints":{"allow":["GET"]}}],"collection":[{"href":"https:\/\/www.beseit.net\/index.php?rest_route=\/wp\/v2\/pages"}],"about":[{"href":"https:\/\/www.beseit.net\/index.php?rest_route=\/wp\/v2\/types\/page"}],"author":[{"embeddable":true,"href":"https:\/\/www.beseit.net\/index.php?rest_route=\/wp\/v2\/users\/2"}],"replies":[{"embeddable":true,"href":"https:\/\/www.beseit.net\/index.php?rest_route=%2Fwp%2Fv2%2Fcomments&post=3990"}],"version-history":[{"count":10,"href":"https:\/\/www.beseit.net\/index.php?rest_route=\/wp\/v2\/pages\/3990\/revisions"}],"predecessor-version":[{"id":5709,"href":"https:\/\/www.beseit.net\/index.php?rest_route=\/wp\/v2\/pages\/3990\/revisions\/5709"}],"wp:attachment":[{"href":"https:\/\/www.beseit.net\/index.php?rest_route=%2Fwp%2Fv2%2Fmedia&parent=3990"}],"wp:term":[{"taxonomy":"category","embeddable":true,"href":"https:\/\/www.beseit.net\/index.php?rest_route=%2Fwp%2Fv2%2Fcategories&post=3990"}],"curies":[{"name":"wp","href":"https:\/\/api.w.org\/{rel}","templated":true}]}}