{"id":4444,"date":"2013-08-24T00:02:20","date_gmt":"2013-08-23T22:02:20","guid":{"rendered":"http:\/\/www.beseit.net\/?page_id=4444"},"modified":"2013-08-24T00:06:01","modified_gmt":"2013-08-23T22:06:01","slug":"llista-de-peixos-blaus","status":"publish","type":"page","link":"https:\/\/www.beseit.net\/?page_id=4444","title":{"rendered":"Llista de peixos blaus"},"content":{"rendered":"<p><span id=\"result_box\" lang=\"ca\"><span class=\"hps\">Tonyina<\/span><br \/>\n<span class=\"hps\">Sardina<\/span><br \/>\n<span class=\"hps\">Seit\u00f3<\/span><br \/>\n<span class=\"hps\">arengada<\/span><br \/>\n<span class=\"hps\">Salm\u00f3<\/span><br \/>\n<span class=\"hps\">Truita<\/span> <span class=\"hps atn\">(<\/span><span>de mar<\/span><span>)<\/span><br \/>\nM<span class=\"hps\">oll<\/span><br \/>\n<span class=\"hps\">Anguilla<\/span><br \/>\n<span class=\"hps\">congre<\/span><br \/>\n<span class=\"hps\">Sorell<\/span> <span class=\"hps\">o<\/span> <span class=\"hps\">sorell<\/span> <span class=\"hps\">com\u00fa<\/span><br \/>\n<span class=\"hps\">Peix<\/span> <span class=\"hps\">espasa o<\/span> <span class=\"hps\">bacora<\/span><br \/>\nLl<span class=\"hps\">amprea<\/span><br \/>\n<span class=\"hps\">Verat<\/span><br \/>\n<span class=\"hps\">Palometa<\/span> <span class=\"hps\">o<\/span> <span class=\"hps\">palometa<\/span> <span class=\"hps\">negra<\/span><br \/>\nC<span class=\"hps\">a\u00e7\u00f3<\/span><br \/>\n<span class=\"hps\">Turbot<\/span>\u00a0<\/span><\/p>\n","protected":false},"excerpt":{"rendered":"<p>Tonyina Sardina Seit\u00f3 arengada Salm\u00f3 Truita (de mar) Moll Anguilla congre Sorell o sorell com\u00fa Peix espasa o bacora Llamprea Verat Palometa o palometa negra Ca\u00e7\u00f3 Turbot\u00a0<\/p>\n","protected":false},"author":2,"featured_media":0,"parent":0,"menu_order":0,"comment_status":"open","ping_status":"open","template":"","meta":{"footnotes":""},"categories":[],"class_list":["post-4444","page","type-page","status-publish","hentry"],"_links":{"self":[{"href":"https:\/\/www.beseit.net\/index.php?rest_route=\/wp\/v2\/pages\/4444","targetHints":{"allow":["GET"]}}],"collection":[{"href":"https:\/\/www.beseit.net\/index.php?rest_route=\/wp\/v2\/pages"}],"about":[{"href":"https:\/\/www.beseit.net\/index.php?rest_route=\/wp\/v2\/types\/page"}],"author":[{"embeddable":true,"href":"https:\/\/www.beseit.net\/index.php?rest_route=\/wp\/v2\/users\/2"}],"replies":[{"embeddable":true,"href":"https:\/\/www.beseit.net\/index.php?rest_route=%2Fwp%2Fv2%2Fcomments&post=4444"}],"version-history":[{"count":2,"href":"https:\/\/www.beseit.net\/index.php?rest_route=\/wp\/v2\/pages\/4444\/revisions"}],"predecessor-version":[{"id":4447,"href":"https:\/\/www.beseit.net\/index.php?rest_route=\/wp\/v2\/pages\/4444\/revisions\/4447"}],"wp:attachment":[{"href":"https:\/\/www.beseit.net\/index.php?rest_route=%2Fwp%2Fv2%2Fmedia&parent=4444"}],"wp:term":[{"taxonomy":"category","embeddable":true,"href":"https:\/\/www.beseit.net\/index.php?rest_route=%2Fwp%2Fv2%2Fcategories&post=4444"}],"curies":[{"name":"wp","href":"https:\/\/api.w.org\/{rel}","templated":true}]}}