{"id":459,"date":"2010-01-28T19:02:52","date_gmt":"2010-01-28T17:02:52","guid":{"rendered":"http:\/\/www.beseit.net\/?page_id=459"},"modified":"2020-04-30T16:59:09","modified_gmt":"2020-04-30T14:59:09","slug":"diccionaris-enciclopedies-i-traductors","status":"publish","type":"page","link":"https:\/\/www.beseit.net\/?page_id=459","title":{"rendered":"Diccionaris, enciclopedies i traductors"},"content":{"rendered":"<div id=\"marge\">\n<h1><a href=\"https:\/\/www.iec.cat\/llengua\/recursos.asp?pclau=pronom&amp;button=Cerca\" target=\"_blank\" rel=\"noopener noreferrer\">RECURSOS EN L\u00cdNIA<\/a><\/h1>\n<h1><a href=\"http:\/\/www.enciclopedia.cat\/\" target=\"_blank\" rel=\"noopener noreferrer\">Enciclop\u00e8dia.cat<\/a><\/h1>\n<p><strong><a href=\"http:\/\/dlc.iec.cat\/\" target=\"_blank\" rel=\"noopener noreferrer\">DIEC2<\/a><\/strong><\/p>\n<p><strong><a href=\"http:\/\/www.avl.gva.es\/va\/\/documents-normatius\/diccionari-ortografic\" target=\"_blank\" rel=\"noopener noreferrer\">AVL<\/a><\/strong><\/p>\n<p><strong><a href=\"http:\/\/www14.gencat.cat\/llc\/AppJava\/index.html;jsessionid=QLyGQk4ZGGjGpncTcFzD1XC2C4TspfpgJp9h1Djc22kg1CKSrfQj!-396589552!NONE\" target=\"_blank\" rel=\"noopener noreferrer\">OPTIMOT<\/a><\/strong><\/p>\n<p><strong><a href=\"http:\/\/www.grec.net\/cgibin\/mlt00.pgm\" target=\"_blank\" rel=\"noopener noreferrer\">Multiling\u00fce<\/a><\/strong><\/p>\n<p><a href=\"http:\/\/www.dicdidac.cat\/\" target=\"_blank\" rel=\"noopener noreferrer\"><img decoding=\"async\" src=\"http:\/\/www.dicdidac.cat\/home\/cel\/didac\/titol.GIF\" alt=\"\" border=\"0\" \/><\/a><\/p>\n<p><strong><a href=\"http:\/\/dcvb.iecat.net\/\" target=\"_blank\" rel=\"noopener noreferrer\">DICCIONARI-CATAL\u00c0-VALENCI\u00c0-BALEAR<\/a><\/strong><\/p>\n<p><strong><a href=\"http:\/\/dcvb.iecat.net\/\" target=\"_blank\" rel=\"noopener noreferrer\">DICCIONARIS.CAT<\/a><\/strong><\/p>\n<p><strong><a href=\"http:\/\/www.elpuntavui.cat\/serveis\/diccionaris.html\" target=\"_blank\" rel=\"noopener noreferrer\">DICCIONARIS DIARI AVUI<\/a><\/strong><\/p>\n<p><strong><a href=\"http:\/\/translate.google.es\/?hl=ca&amp;tab=wT\" target=\"_blank\" rel=\"noopener noreferrer\">TRADUCTOR GOOGLE<\/a><\/strong><\/p>\n<p><strong><a href=\"http:\/\/www.verbscatalans.com\/\" target=\"_blank\" rel=\"noopener noreferrer\">CONJUGACI\u00d3 DE VERBS CATALANS<\/a><\/strong><\/p>\n<p><strong><a href=\"http:\/\/www.ibiblio.org\/dacco\/cat\/?q=node\/8\" target=\"_blank\" rel=\"noopener noreferrer\">CON JUGADOR DE VERBS CATALANS<\/a><\/strong><\/p>\n<h1><a title=\"Enxaneta\" href=\"http:\/\/enxaneta.info\/verbs\/lista.php\" target=\"_blank\" rel=\"noopener noreferrer\">Enxaneta<\/a><\/h1>\n<p><strong><a href=\"http:\/\/www.softcatala.org\/corrector\">CORRECTOR ORTOGR\u00c0FIC<\/a><\/strong><\/p>\n<p><strong><a href=\"http:\/\/www.ub.edu\/slc\/autoaprenentatge\/gramatik\/\" target=\"_blank\" rel=\"noopener noreferrer\">Gram\u00e0tica Catalana UB <\/a><\/strong><\/p>\n<h2><strong><a href=\"http:\/\/materials.cv.uoc.edu\/continguts\/92_969\/index.htm\" target=\"_blank\" rel=\"noopener noreferrer\">Catal\u00e0 Obert UOC<\/a><\/strong><\/h2>\n<p><strong><a href=\"http:\/\/ca.oslin.org\/syllables.php?action=syllables&amp;act=list&amp;search=fru%C3%AFci%C3%B3\" target=\"_blank\" rel=\"noopener noreferrer\">Diccionari de divisi\u00f3 sil\u00b7l\u00e0bica <\/a><\/strong><\/p>\n<p><strong><a href=\"http:\/\/www.uoc.edu\/serveilinguistic\/home\/index.html\" target=\"_blank\" rel=\"noopener noreferrer\">UOC<\/a><\/strong><\/p>\n<p><a href=\"http:\/\/materials.cv.uoc.edu\/continguts\/92_969\/modul_1\/modul1fs.htm?dato=0\" target=\"_blank\" rel=\"noopener noreferrer\">Conceptes ortogr\u00e0fics nivell C<\/a><\/p>\n<p><a href=\"http:\/\/www.beseit.net\/gram\/SCS.pdf\" target=\"_blank\" rel=\"noopener noreferrer\">SCS<\/a><\/p>\n<p><a href=\"http:\/\/www.xtec.cat\/iesdeulofeu\/Teoriacd.pdf\">SCS2<\/a><\/p>\n<\/div>\n","protected":false},"excerpt":{"rendered":"<p>RECURSOS EN L\u00cdNIA Enciclop\u00e8dia.cat DIEC2 AVL OPTIMOT Multiling\u00fce DICCIONARI-CATAL\u00c0-VALENCI\u00c0-BALEAR DICCIONARIS.CAT DICCIONARIS DIARI AVUI TRADUCTOR GOOGLE CONJUGACI\u00d3 DE VERBS CATALANS CON JUGADOR DE VERBS CATALANS Enxaneta CORRECTOR ORTOGR\u00c0FIC Gram\u00e0tica Catalana UB Catal\u00e0 Obert UOC Diccionari de divisi\u00f3 sil\u00b7l\u00e0bica UOC Conceptes ortogr\u00e0fics &hellip; <a href=\"https:\/\/www.beseit.net\/?page_id=459\">Continua llegint <span class=\"meta-nav\">&rarr;<\/span><\/a><\/p>\n","protected":false},"author":2,"featured_media":8179,"parent":0,"menu_order":0,"comment_status":"closed","ping_status":"open","template":"sidebar-page.php","meta":{"footnotes":""},"categories":[1],"class_list":["post-459","page","type-page","status-publish","has-post-thumbnail","hentry","category-bloc-de-notes"],"_links":{"self":[{"href":"https:\/\/www.beseit.net\/index.php?rest_route=\/wp\/v2\/pages\/459","targetHints":{"allow":["GET"]}}],"collection":[{"href":"https:\/\/www.beseit.net\/index.php?rest_route=\/wp\/v2\/pages"}],"about":[{"href":"https:\/\/www.beseit.net\/index.php?rest_route=\/wp\/v2\/types\/page"}],"author":[{"embeddable":true,"href":"https:\/\/www.beseit.net\/index.php?rest_route=\/wp\/v2\/users\/2"}],"replies":[{"embeddable":true,"href":"https:\/\/www.beseit.net\/index.php?rest_route=%2Fwp%2Fv2%2Fcomments&post=459"}],"version-history":[{"count":54,"href":"https:\/\/www.beseit.net\/index.php?rest_route=\/wp\/v2\/pages\/459\/revisions"}],"predecessor-version":[{"id":8205,"href":"https:\/\/www.beseit.net\/index.php?rest_route=\/wp\/v2\/pages\/459\/revisions\/8205"}],"wp:featuredmedia":[{"embeddable":true,"href":"https:\/\/www.beseit.net\/index.php?rest_route=\/wp\/v2\/media\/8179"}],"wp:attachment":[{"href":"https:\/\/www.beseit.net\/index.php?rest_route=%2Fwp%2Fv2%2Fmedia&parent=459"}],"wp:term":[{"taxonomy":"category","embeddable":true,"href":"https:\/\/www.beseit.net\/index.php?rest_route=%2Fwp%2Fv2%2Fcategories&post=459"}],"curies":[{"name":"wp","href":"https:\/\/api.w.org\/{rel}","templated":true}]}}