{"id":4781,"date":"2013-10-13T23:52:04","date_gmt":"2013-10-13T21:52:04","guid":{"rendered":"http:\/\/www.beseit.net\/?page_id=4781"},"modified":"2016-11-06T17:51:19","modified_gmt":"2016-11-06T15:51:19","slug":"genere-masculi-femeni","status":"publish","type":"page","link":"https:\/\/www.beseit.net\/?page_id=4781","title":{"rendered":"G\u00e8nere mascul\u00ed, femen\u00ed"},"content":{"rendered":"<p><iframe loading=\"lazy\" src=\"http:\/\/www.beseit.net\/gramatica\/genere\/\" frameborder=\"0\" scrolling=\"yes\" width=\"950\" height=\"850\"><\/iframe><\/p>\n","protected":false},"excerpt":{"rendered":"","protected":false},"author":2,"featured_media":0,"parent":0,"menu_order":0,"comment_status":"open","ping_status":"open","template":"","meta":{"footnotes":""},"categories":[],"class_list":["post-4781","page","type-page","status-publish","hentry"],"_links":{"self":[{"href":"https:\/\/www.beseit.net\/index.php?rest_route=\/wp\/v2\/pages\/4781","targetHints":{"allow":["GET"]}}],"collection":[{"href":"https:\/\/www.beseit.net\/index.php?rest_route=\/wp\/v2\/pages"}],"about":[{"href":"https:\/\/www.beseit.net\/index.php?rest_route=\/wp\/v2\/types\/page"}],"author":[{"embeddable":true,"href":"https:\/\/www.beseit.net\/index.php?rest_route=\/wp\/v2\/users\/2"}],"replies":[{"embeddable":true,"href":"https:\/\/www.beseit.net\/index.php?rest_route=%2Fwp%2Fv2%2Fcomments&post=4781"}],"version-history":[{"count":5,"href":"https:\/\/www.beseit.net\/index.php?rest_route=\/wp\/v2\/pages\/4781\/revisions"}],"predecessor-version":[{"id":4786,"href":"https:\/\/www.beseit.net\/index.php?rest_route=\/wp\/v2\/pages\/4781\/revisions\/4786"}],"wp:attachment":[{"href":"https:\/\/www.beseit.net\/index.php?rest_route=%2Fwp%2Fv2%2Fmedia&parent=4781"}],"wp:term":[{"taxonomy":"category","embeddable":true,"href":"https:\/\/www.beseit.net\/index.php?rest_route=%2Fwp%2Fv2%2Fcategories&post=4781"}],"curies":[{"name":"wp","href":"https:\/\/api.w.org\/{rel}","templated":true}]}}