{"id":5612,"date":"2014-10-05T13:34:21","date_gmt":"2014-10-05T11:34:21","guid":{"rendered":"http:\/\/www.beseit.net\/?page_id=5612"},"modified":"2014-10-23T19:08:15","modified_gmt":"2014-10-23T17:08:15","slug":"el-sistema-vocalic","status":"publish","type":"page","link":"https:\/\/www.beseit.net\/?page_id=5612","title":{"rendered":"EL SISTEMA VOC\u00c0LIC"},"content":{"rendered":"<p>En el catal\u00e0 oriental hi ha vuit sons voc\u00e0lics. La seva representaci\u00f3 fon\u00e8tica es:<br \/>\n[a ] representa el so de la vocal a. (mas,mal. ras..)<br \/>\n[\u0190] representa la e oberta. (mel, cel\u2026)<br \/>\n[ e ] representa la e tancada. (m\u00e9s, mes, r\u00e9s..)<br \/>\n[\u018f] representa la vocal neutra. (amb, pare, mare)<br \/>\n[i] representa el so de la vocal i. (mil, ris..)<br \/>\n[\u0186 ] representa la o oberta. (mos, m\u00f2lt..)<br \/>\n[ o ] representa la o tancada (molt, ros\u2026)<br \/>\n[u] representa el so de la vocal u. (mus, rus..)<\/p>\n<p><strong>Observaci\u00f3<\/strong>: aquest vocalisme t\u00f2nic de 8 fonemes i els seus exemples, corresponen al dialecte catal\u00e0 oriental. El catal\u00e0 occidental utilitza nom\u00e9s 7 fonemes. en concret es perd la vocal neutra.<br \/>\nEs a dir mare-&gt; mar\u018f (oriental); mare (occidental)<\/p>\n<p><iframe loading=\"lazy\" style=\"border: 1px solid #CCC; border-width: 1px; margin-bottom: 5px; max-width: 100%;\" src=\"\/\/www.slideshare.net\/slideshow\/embed_code\/10278602\" width=\"427\" height=\"356\" frameborder=\"0\" marginwidth=\"0\" marginheight=\"0\" scrolling=\"no\" allowfullscreen=\"allowfullscreen\"> <\/iframe><\/p>\n<div style=\"margin-bottom: 5px;\">\u00a0[a] \u00a0\u00a0 \u00a0pare, sof\u00e0<br \/>\n[\u025b] \u00a0\u00a0 \u00a0terra, paci\u00e8ncia<br \/>\n[e] \u00a0\u00a0 \u00a0cantar\u00e9, vent<br \/>\n[\u0259] \u00a0\u00a0 \u00a0cosa, riure, superf\u00edcie<br \/>\n[i] \u00a0\u00a0 \u00a0f\u00edsica, crisi<br \/>\n[\u0254] \u00a0\u00a0 \u00a0arr\u00f2s, porta<br \/>\n[o] \u00a0\u00a0 \u00a0senyor, can\u00e7\u00f3<br \/>\n[u] \u00a0\u00a0 \u00a0fum, natural<br \/>\n[j] \u00a0\u00a0 \u00a0aire, noia<br \/>\n[w] \u00a0\u00a0 \u00a0pau, creuar<br \/>\n[p] \u00a0\u00a0 \u00a0paper, cop, tub<br \/>\n[b] \u00a0\u00a0 \u00a0bala, \u00e0mbit<br \/>\n[\u00df] \u00a0\u00a0 \u00a0sab\u00f3, oblidar, obrir, alba<br \/>\n[t] \u00a0\u00a0 \u00a0taula, pot, fred<br \/>\n[d] \u00a0\u00a0 \u00a0dona, soldat<br \/>\n[\u00f0] \u00a0\u00a0 \u00a0seda, vidre<br \/>\n[k] \u00a0\u00a0 \u00a0casa, sac, oncle, llarg<br \/>\n[g] \u00a0\u00a0 \u00a0goma, angoixa<br \/>\n[\u0263] \u00a0\u00a0 \u00a0agafar, aglomeraci\u00f3, agre, colgar<br \/>\n[f] \u00a0\u00a0 \u00a0foc, afeblir, baf<br \/>\n[v] \u00a0\u00a0 \u00a0afg\u00e0<br \/>\n[s] \u00a0\u00a0 \u00a0sal, cansar, assemblea, cera, pe\u00e7a, descendent<br \/>\n[z] \u00a0\u00a0 \u00a0zero, amazona, calze, rosa<br \/>\n[\u0283] \u00a0\u00a0 \u00a0xocolata, rauxa, punx<\/div>\n","protected":false},"excerpt":{"rendered":"<p>En el catal\u00e0 oriental hi ha vuit sons voc\u00e0lics. La seva representaci\u00f3 fon\u00e8tica es: [a ] representa el so de la vocal a. (mas,mal. ras..) [\u0190] representa la e oberta. (mel, cel\u2026) [ e ] representa la e tancada. (m\u00e9s, &hellip; <a href=\"https:\/\/www.beseit.net\/?page_id=5612\">Continua llegint <span class=\"meta-nav\">&rarr;<\/span><\/a><\/p>\n","protected":false},"author":2,"featured_media":0,"parent":0,"menu_order":0,"comment_status":"open","ping_status":"open","template":"","meta":{"footnotes":""},"categories":[],"class_list":["post-5612","page","type-page","status-publish","hentry"],"_links":{"self":[{"href":"https:\/\/www.beseit.net\/index.php?rest_route=\/wp\/v2\/pages\/5612","targetHints":{"allow":["GET"]}}],"collection":[{"href":"https:\/\/www.beseit.net\/index.php?rest_route=\/wp\/v2\/pages"}],"about":[{"href":"https:\/\/www.beseit.net\/index.php?rest_route=\/wp\/v2\/types\/page"}],"author":[{"embeddable":true,"href":"https:\/\/www.beseit.net\/index.php?rest_route=\/wp\/v2\/users\/2"}],"replies":[{"embeddable":true,"href":"https:\/\/www.beseit.net\/index.php?rest_route=%2Fwp%2Fv2%2Fcomments&post=5612"}],"version-history":[{"count":13,"href":"https:\/\/www.beseit.net\/index.php?rest_route=\/wp\/v2\/pages\/5612\/revisions"}],"predecessor-version":[{"id":5687,"href":"https:\/\/www.beseit.net\/index.php?rest_route=\/wp\/v2\/pages\/5612\/revisions\/5687"}],"wp:attachment":[{"href":"https:\/\/www.beseit.net\/index.php?rest_route=%2Fwp%2Fv2%2Fmedia&parent=5612"}],"wp:term":[{"taxonomy":"category","embeddable":true,"href":"https:\/\/www.beseit.net\/index.php?rest_route=%2Fwp%2Fv2%2Fcategories&post=5612"}],"curies":[{"name":"wp","href":"https:\/\/api.w.org\/{rel}","templated":true}]}}