{"id":5734,"date":"2014-11-13T19:25:10","date_gmt":"2014-11-13T17:25:10","guid":{"rendered":"http:\/\/www.beseit.net\/?page_id=5734"},"modified":"2014-12-17T20:49:56","modified_gmt":"2014-12-17T18:49:56","slug":"exercicis-dexamen","status":"publish","type":"page","link":"https:\/\/www.beseit.net\/?page_id=5734","title":{"rendered":"Exercicis d&#8217;examen"},"content":{"rendered":"<p><strong>1. VOCALISME \u00c0TON<\/strong><\/p>\n<p><strong>A)\u00a0<\/strong> <a href=\"http:\/\/www.beseit.net\/?p=4880\" target=\"_blank\">A\/E O\/U<\/a><\/p>\n<p><strong>B) <\/strong>Escriu el derivats i pseudoderivats de les paraules seg\u00fcents:<\/p>\n<audio class=\"wp-audio-shortcode\" id=\"audio-5734-1\" preload=\"none\" style=\"width: 100%;\" controls=\"controls\"><source type=\"audio\/mpeg\" src=\"http:\/\/www.beseit.net\/wp-content\/uploads\/2014\/11\/pseudoderivats_1.mp3?_=1\" \/><a href=\"http:\/\/www.beseit.net\/wp-content\/uploads\/2014\/11\/pseudoderivats_1.mp3\">http:\/\/www.beseit.net\/wp-content\/uploads\/2014\/11\/pseudoderivats_1.mp3<\/a><\/audio>\n<p><strong>C)<\/strong> Conjuga aquest dos verbs que tenen alteraci\u00f3 A\/E i O\/U en el radical<br \/>\nEscriu els temps present indicatiu, present subjuntiu, imperatiu, subjuntiu imperfet, futur, condicional dels verbs:<\/p>\n<p>Verbs de \u201cal\u00b7l\u00e8rgia\u201d ( sortir, collir, tossir, escopir, cosir)<br \/>\nVerbs del \u201cpart\u201d (jeure, treure, n\u00e9ixer, )<br \/>\nVerbs de \u201cl\u2019aigua\u201d (corre, vine, obre, omple)<br \/>\nVerbs poder i voler<br \/>\nVerbs de \u201cla vida\u201d (\u00e9sser, n\u00e9ixer, p\u00e9ixer, cr\u00e9ixer)<\/p>\n<p><strong>2. ACCENTUACI\u00d3 I DI\u00c8RESI<\/strong><\/p>\n<p><strong>A)<\/strong> Separa per s\u00edl\u00b7labes i encercla cada diftong i triftong que trobis en aquests mots.<\/p>\n<p><strong>B)<\/strong> Posa-hi accent i\/o di\u00e8resi quan calgui<\/p>\n<p><strong>3. ARTICLE<\/strong><\/p>\n<p><strong>A)<\/strong> Substituir el mot subratllat per un altre entre par\u00e8ntesi i adaptar-hi preposici\u00f3 i article<\/p>\n<p><strong>B)<\/strong> Corregir expressions, dintre d&#8217;una frase, amb lo neutre<\/p>\n<audio class=\"wp-audio-shortcode\" id=\"audio-5734-2\" preload=\"none\" style=\"width: 100%;\" controls=\"controls\"><source type=\"audio\/mpeg\" src=\"http:\/\/www.beseit.net\/wp-content\/uploads\/2014\/11\/article-lo-2014-12-17_105153.mp3?_=2\" \/><a href=\"http:\/\/www.beseit.net\/wp-content\/uploads\/2014\/11\/article-lo-2014-12-17_105153.mp3\">http:\/\/www.beseit.net\/wp-content\/uploads\/2014\/11\/article-lo-2014-12-17_105153.mp3<\/a><\/audio>\n<p><strong>4. SUBSTANTIU i ADJECTIU<\/strong><\/p>\n<p>posa quan puguis <strong>el femen\u00ed singular, el mascul\u00ed plural, el femen\u00ed plural.<\/strong><br \/>\nPer comen\u00e7ar fes clic a &#8220;practica amb les fallades&#8221;<\/p>\n<p><iframe loading=\"lazy\" src=\"http:\/\/www.beseit.net\/gramatica\/EXAMEN\/masculi_femeni_sing_plural\/\" width=\"800\" height=\"800\" frameborder=\"0\" scrolling=\"no\"><\/iframe><\/p>\n<p>GENERE I NOMBRE<\/p>\n<p><iframe loading=\"lazy\" src=\"http:\/\/www.beseit.net\/gramatica\/genere\" width=\"800\" height=\"800\" frameborder=\"0\" scrolling=\"no\"><\/iframe><\/p>\n<p><strong>5. QUANTITATIUS i INDEFINITS<\/strong><\/p>\n<p>Subratllar formes incorrectes i posar-ne la soluci\u00f3 sota<\/p>\n<audio class=\"wp-audio-shortcode\" id=\"audio-5734-3\" preload=\"none\" style=\"width: 100%;\" controls=\"controls\"><source type=\"audio\/mpeg\" src=\"http:\/\/www.beseit.net\/wp-content\/uploads\/2014\/11\/quantitatius-2014-12-16_190954.mp3?_=3\" \/><a href=\"http:\/\/www.beseit.net\/wp-content\/uploads\/2014\/11\/quantitatius-2014-12-16_190954.mp3\">http:\/\/www.beseit.net\/wp-content\/uploads\/2014\/11\/quantitatius-2014-12-16_190954.mp3<\/a><\/audio>\n<p><strong>6. L\u00c8XIC<\/strong><\/p>\n<p>Subratllar l&#8217;opci\u00f3 correcta<\/p>\n<p><strong>7. EXPRESSI\u00d3 ESCRITA<\/strong><\/p>\n<p>Basada en una novel\u00b7la (250 paraules)<\/p>\n<p><strong>8. EXPRESSI\u00d3 ORAL<\/strong><\/p>\n<p>Parlar segons gui\u00f3 del llibre que has llegit:<\/p>\n<p>exemple:<\/p>\n<p>Gui\u00f3 per parlar d\u2019una novel\u00b7la<\/p>\n<p>INTRODUCCI\u00d3:<\/p>\n<p>He llegit la novel\u00b7la Olor de Col\u00f2nia, de l\u2019autora S\u00edlvia Alc\u00e0ntara, es va publicar l\u2019any 2009.<\/p>\n<p>S\u00edlvia Alc\u00e0ntara va n\u00e9ixer al Bergad\u00e0 l\u2019any 1944 i tot i que aquesta \u00e9s la seva primera novel\u00b7la \u00e9s de gran qualitat liter\u00e0ria.<\/p>\n<p>ARGUMENT:<\/p>\n<p>\u00c9s una novel\u00b7la sociol\u00f2gica de la societat catalana que descriu com era la vida a\u00a0 una col\u00f2nia t\u00e8xtil durant l\u2019\u00e8poca de postguerra i fins els anys 70.<\/p>\n<p>En quant als personatges es pot dir que la mateixa Col\u00f2nia \u00e9s el protagonista principal: tot un poble al voltant d\u2019una f\u00e0brica t\u00e8xtil, on l\u2019amo, el senyor Viladomat, \u00e9s poc menys que un d\u00e9u. Les classes socials coincideixen amb les categories laborals dintre de la f\u00e0brica: el director, els majordoms, el cap dels escrivents, primer l\u2019Isidre i despr\u00e9s el Climent. L\u00f2gicament, en aquesta \u00e8poca, no pot faltar el clero amb un convent dintre de la Col\u00f2nia.<\/p>\n<p>Els fets es desenvolupen a partir d\u2019un gran incendi, aparentment fortu\u00eft, on \u00a0mor el cap dels escrivents: L\u2019Isidre. El nou cap \u00e9s el seu amic el Climent que ha tingut des de petit una intensa relaci\u00f3 amb la seva dona, la Teresa. Ella i els seus fills han de cedir la casa al nou cap, al Climent i la seva esposa, la Matilde que per fi creu que ha arribat l\u2019hora d\u2019integrar-se al grup selecte de la Col\u00f2nia.<\/p>\n<p>El temps va passant, intrigues, \u00a0bodes, naixements i defuncions es succeeixen. La tele i el 600 entren a la col\u00f2nia, per\u00f2 tamb\u00e9 la crisi del t\u00e8xtil. Es fa un nou tripijoc, aquesta vegada no \u00e9s un incendi,\u00a0 per enganyar als accionistes de la f\u00e0brica i amagar\u00a0 un desgavell dels estocs. Ara se les carrega el Climent. Tota la classe \u201cselecta\u201d de la col\u00f2nia est\u00e0 implicada en aquests tripijocs i quan m\u00e9s amunt m\u00e9s: l\u2019ordre de matar l\u2019Isidre, perqu\u00e8 sabia massa, va sortir dels amos i la va executar el director. Aquest crim no sortir\u00e0 mai a la llum ni entrar\u00e0 a cap jutjat. Per\u00f2 d\u2019alguna forma, els seus responsables s\u00ed que reben el seu c\u00e0stig: tan l\u2019amo com el director acaben sols, oblidats i arru\u00efnats. La f\u00e0brica cau en unes altres mans que modernitza i automatitza els processos. La Col\u00f2nia ja no t\u00e9 ra\u00f3 de ser. La seva gent s\u2019ha d\u2019adaptar als canvis i comen\u00e7ar un altra vida fora &#8230;<\/p>\n<p>OPINI\u00d3:\u00a0 Olor de Col\u00f2nia \u00e9s una novel\u00b7la que m\u2019ha agradat i que recomano la seva lesctura. El llenguatge \u00e9s ric, Els personatges tenen for\u00e7a i vitalitat psicol\u00f2gica. L\u2019inter\u00e9s pel relat no s\u2019agafa des de la primera p\u00e0gina, ja que costa situar-se entre tans personatges. Nom\u00e9s quan et familiaritses en tots ells et quedes engantxat amb la lectura.<\/p>\n","protected":false},"excerpt":{"rendered":"<p>1. VOCALISME \u00c0TON A)\u00a0 A\/E O\/U B) Escriu el derivats i pseudoderivats de les paraules seg\u00fcents: C) Conjuga aquest dos verbs que tenen alteraci\u00f3 A\/E i O\/U en el radical Escriu els temps present indicatiu, present subjuntiu, imperatiu, subjuntiu imperfet, &hellip; <a href=\"https:\/\/www.beseit.net\/?page_id=5734\">Continua llegint <span class=\"meta-nav\">&rarr;<\/span><\/a><\/p>\n","protected":false},"author":2,"featured_media":0,"parent":0,"menu_order":0,"comment_status":"open","ping_status":"open","template":"","meta":{"footnotes":""},"categories":[],"class_list":["post-5734","page","type-page","status-publish","hentry"],"_links":{"self":[{"href":"https:\/\/www.beseit.net\/index.php?rest_route=\/wp\/v2\/pages\/5734","targetHints":{"allow":["GET"]}}],"collection":[{"href":"https:\/\/www.beseit.net\/index.php?rest_route=\/wp\/v2\/pages"}],"about":[{"href":"https:\/\/www.beseit.net\/index.php?rest_route=\/wp\/v2\/types\/page"}],"author":[{"embeddable":true,"href":"https:\/\/www.beseit.net\/index.php?rest_route=\/wp\/v2\/users\/2"}],"replies":[{"embeddable":true,"href":"https:\/\/www.beseit.net\/index.php?rest_route=%2Fwp%2Fv2%2Fcomments&post=5734"}],"version-history":[{"count":18,"href":"https:\/\/www.beseit.net\/index.php?rest_route=\/wp\/v2\/pages\/5734\/revisions"}],"predecessor-version":[{"id":5775,"href":"https:\/\/www.beseit.net\/index.php?rest_route=\/wp\/v2\/pages\/5734\/revisions\/5775"}],"wp:attachment":[{"href":"https:\/\/www.beseit.net\/index.php?rest_route=%2Fwp%2Fv2%2Fmedia&parent=5734"}],"wp:term":[{"taxonomy":"category","embeddable":true,"href":"https:\/\/www.beseit.net\/index.php?rest_route=%2Fwp%2Fv2%2Fcategories&post=5734"}],"curies":[{"name":"wp","href":"https:\/\/api.w.org\/{rel}","templated":true}]}}