{"id":5806,"date":"2015-01-16T01:22:27","date_gmt":"2015-01-15T23:22:27","guid":{"rendered":"http:\/\/www.beseit.net\/?page_id=5806"},"modified":"2015-01-16T01:35:49","modified_gmt":"2015-01-15T23:35:49","slug":"guionet","status":"publish","type":"page","link":"https:\/\/www.beseit.net\/?page_id=5806","title":{"rendered":"guionet"},"content":{"rendered":"<p>Guionet<br \/>\nNo-viol\u00e8ncia, al no-res, no sexista, no catalanoparlant, Mira-sol, para-xocs, penya-segat, busca-raons, rau-rau, cobrellit, busca-raons, ventafocs, lletraferit, bocabadat, sordmut, capverd, buscabrega, capicua, coliflor, acollib\u00e8, xim-xim, panxacontent, mata-rates, sud-oest, nord-afric\u00e0, gira-sol, escalfaplats, penya-segat, abans-d\u2019ahir, bub-bub, poti-poti, vicerector, audiovisual, preescolar, plusv\u00e0lua, exmarit, no alineats, no-agressi\u00f3, no angloparlant, Prepirineus, no sexista, socioling\u00fcista, fisicoqu\u00edmic, sotssecretari, expresident, prerom\u00e0, Aiguafreda, Torregrossa, Vila-real, Bell-puig, Bell-lloc, Vila-rodona, Vall-de-roures, Palau-solit\u00e0, Puig-reig, Mont-roig, Puig-aguilar, Font-romeu, poca-solta, guarda-roba, gira-sol, migdia, celobert, gratacel, bocamoll, ad\u00e9u-siau, pelacanyes, cercabregues, ad\u00e9u-siau, cama-tort, exmarit, historicof\u00edsic, Vila-seca, mata-rates, barba-ros, escuradents, Vilanova, penya-segat, antireligi\u00f3s, Mont-roig, ciencia-ficci\u00f3, nord-oest, bocabadat, sud-afric\u00e0, col-i-flor, barrin-barran, parallamps, camatort, cul-de-sac, \u00e9s una botiga de betes-i-fils, viceconseller, bocabadat, audio-visual, soca-rel, van arribar abans-d\u2019ahir, selecciona el programa de pre-rentat, han signat un pacte de no agressi\u00f3.<\/p>\n","protected":false},"excerpt":{"rendered":"<p>Guionet No-viol\u00e8ncia, al no-res, no sexista, no catalanoparlant, Mira-sol, para-xocs, penya-segat, busca-raons, rau-rau, cobrellit, busca-raons, ventafocs, lletraferit, bocabadat, sordmut, capverd, buscabrega, capicua, coliflor, acollib\u00e8, xim-xim, panxacontent, mata-rates, sud-oest, nord-afric\u00e0, gira-sol, escalfaplats, penya-segat, abans-d\u2019ahir, bub-bub, poti-poti, vicerector, audiovisual, preescolar, plusv\u00e0lua, exmarit, &hellip; <a href=\"https:\/\/www.beseit.net\/?page_id=5806\">Continua llegint <span class=\"meta-nav\">&rarr;<\/span><\/a><\/p>\n","protected":false},"author":2,"featured_media":0,"parent":0,"menu_order":0,"comment_status":"open","ping_status":"open","template":"","meta":{"footnotes":""},"categories":[],"class_list":["post-5806","page","type-page","status-publish","hentry"],"_links":{"self":[{"href":"https:\/\/www.beseit.net\/index.php?rest_route=\/wp\/v2\/pages\/5806","targetHints":{"allow":["GET"]}}],"collection":[{"href":"https:\/\/www.beseit.net\/index.php?rest_route=\/wp\/v2\/pages"}],"about":[{"href":"https:\/\/www.beseit.net\/index.php?rest_route=\/wp\/v2\/types\/page"}],"author":[{"embeddable":true,"href":"https:\/\/www.beseit.net\/index.php?rest_route=\/wp\/v2\/users\/2"}],"replies":[{"embeddable":true,"href":"https:\/\/www.beseit.net\/index.php?rest_route=%2Fwp%2Fv2%2Fcomments&post=5806"}],"version-history":[{"count":3,"href":"https:\/\/www.beseit.net\/index.php?rest_route=\/wp\/v2\/pages\/5806\/revisions"}],"predecessor-version":[{"id":5810,"href":"https:\/\/www.beseit.net\/index.php?rest_route=\/wp\/v2\/pages\/5806\/revisions\/5810"}],"wp:attachment":[{"href":"https:\/\/www.beseit.net\/index.php?rest_route=%2Fwp%2Fv2%2Fmedia&parent=5806"}],"wp:term":[{"taxonomy":"category","embeddable":true,"href":"https:\/\/www.beseit.net\/index.php?rest_route=%2Fwp%2Fv2%2Fcategories&post=5806"}],"curies":[{"name":"wp","href":"https:\/\/api.w.org\/{rel}","templated":true}]}}