{"id":5985,"date":"2015-05-07T19:10:40","date_gmt":"2015-05-07T17:10:40","guid":{"rendered":"http:\/\/www.beseit.net\/?page_id=5985"},"modified":"2015-05-10T15:45:49","modified_gmt":"2015-05-10T13:45:49","slug":"lletres-rrr","status":"publish","type":"page","link":"https:\/\/www.beseit.net\/?page_id=5985","title":{"rendered":"Lletres R\/RR"},"content":{"rendered":"<p>La lletra r pot representar dos sons diferents segons la posici\u00f3 en qu\u00e8 apareix, el so simple:\u00a0carota, pare, corall, perill i el so m\u00faltiple: rata, roca, enraono, colrar.<\/p>\n<p>A l\u2019hora d\u2019escriure\u2019ls, per\u00f2, nom\u00e9s la erra m\u00faltiple ofereix una certa dificultat, ja que es pot escriure de dues maneres: amb r o amb rr.<\/p>\n<p>Escrivim r: a comen\u00e7ament de mot Raquel, religi\u00f3, riquesa, roca, ru\u00efna<br \/>\nDarrere de consonant Celr\u00e0, folre, Conrad<\/p>\n<p>Escrivim rr Entre vocals esborrar, carrer, parricida,\u00a0 ferro, carruatge, arrestar<\/p>\n<p>Remarques<br \/>\na)<strong> Els mots compostos i derivats<\/strong><br \/>\nEn un mot format per una paraula o un prefix que acaba en vocal i una altra que comen\u00e7a amb r no doblem la erra, encara que quedi entre dues vocals.<br \/>\n<strong>a<\/strong>&#8211; ar\u00edtmic, <strong>greco<\/strong>&#8211; grecorom\u00e0,\u00a0<strong> semi<\/strong>&#8211; semirecta,\u00a0<strong> anti<\/strong>&#8211; antireligi\u00f3s,\u00a0 <strong>infra<\/strong>&#8211; infraroig, <strong>sobre<\/strong>&#8211; sobrerealitat,<strong> auto<\/strong>&#8211; autoretrat,<strong> mono<\/strong>&#8211; monorail, <strong>supra<\/strong>&#8211; suprarenal, <strong>bi<\/strong>&#8211; bireactor,<strong> multi<\/strong>&#8211; multiracial, <strong>tele<\/strong>&#8211; telereceptor,<strong> co<\/strong>&#8211; coreligionari,\u00a0<strong> neo<\/strong>&#8211; neorom\u00e0nic, <strong>termo<\/strong>&#8211; termoregulaci\u00f3,<br \/>\n<strong>contra<\/strong>&#8211; contrareforma,\u00a0 <strong>poli<\/strong>&#8211; polir\u00edtmia, <strong>tri<\/strong>&#8211; trirectangle,\u00a0<strong> extra<\/strong>&#8211; extraradi,\u00a0 <strong>pre<\/strong>&#8211; prerom\u00e0, <strong>ultra<\/strong>&#8211; ultrar\u00e0pid,<strong> foto<\/strong>&#8211; fotoreproducci\u00f3, <strong>radio<\/strong>&#8211; radioreceptor,<strong> vice<\/strong>&#8211; vicerector. Hi ha altres mots compostos en els quals tampoc no doblem la r: dentirostre, <strong>eradicar<\/strong>, bielor\u00fas, otorinolaring\u00f2leg, etc.<\/p>\n<p>b) <strong>Emmudiment de la erra final<\/strong><br \/>\nEn la majoria dels mots la erra final no sona, la qual cosa comporta sovint problemes ortogr\u00e0fics. Aix\u00ed, cal recordar que s\u2019escriuen amb r final mots com:<\/p>\n<p>Els infinitius dels verbs lliurar, esperar, t\u00e9mer, c\u00f3rrer, sortir, fugir<br \/>\nExcepcions: Els infinitius dels verbs de la segona conjugaci\u00f3 que acaben en -re: moure, caure, viure<\/p>\n<p>Els primitius de mots derivats en<br \/>\nqu\u00e8 apareix una r<br \/>\ncarrer -&gt;\u00a0 carrer\u00f3<br \/>\nclar -&gt; clarejar<br \/>\npor -&gt; poruc<br \/>\npaper -&gt; paperera<br \/>\nflor -&gt; florir<\/p>\n<p>Els mots acabats amb aquests sufixos de derivaci\u00f3<br \/>\n-ar: alzinar, bestiar, colomar<br \/>\n-er: ametller, clauer, fuster<br \/>\n-or: blavor, escalfor, maror<br \/>\n-dor: escalfador, parador, pescador<br \/>\n-tor: cantor, pintor, corrector<br \/>\n-sor: impressor, marmessor, professor<\/p>\n<p>A m\u00e9s, cal anar amb compte de no confondre les dues formes de la tercera persona del singular del passat, que tenen una mateixa pron\u00fancia en catal\u00e0 oriental: mir\u00e0, escop\u00ed<br \/>\nva mirar, va escopir<\/p>\n<p>Finalment, cal tenir present que no pronunciem la primera r de la paraula <strong>arbre<\/strong> ni la de les formes de l\u2019infinitiu, el futur i el condicional del verb <strong>prendre<\/strong> i els seus derivats i compostos, com aprendre, comprendre o corprendre.<\/p>\n<p><iframe loading=\"lazy\" src=\"http:\/\/www.beseit.net\/exercicis_cat\/R_RR\/practica_vibrans.php\" width=\"800\" height=\"620\" frameborder=\"0\" scrolling=\"no\"><\/iframe><\/p>\n","protected":false},"excerpt":{"rendered":"<p>La lletra r pot representar dos sons diferents segons la posici\u00f3 en qu\u00e8 apareix, el so simple:\u00a0carota, pare, corall, perill i el so m\u00faltiple: rata, roca, enraono, colrar. A l\u2019hora d\u2019escriure\u2019ls, per\u00f2, nom\u00e9s la erra m\u00faltiple ofereix una certa dificultat, &hellip; <a href=\"https:\/\/www.beseit.net\/?page_id=5985\">Continua llegint <span class=\"meta-nav\">&rarr;<\/span><\/a><\/p>\n","protected":false},"author":2,"featured_media":0,"parent":0,"menu_order":0,"comment_status":"open","ping_status":"open","template":"","meta":{"footnotes":""},"categories":[],"class_list":["post-5985","page","type-page","status-publish","hentry"],"_links":{"self":[{"href":"https:\/\/www.beseit.net\/index.php?rest_route=\/wp\/v2\/pages\/5985","targetHints":{"allow":["GET"]}}],"collection":[{"href":"https:\/\/www.beseit.net\/index.php?rest_route=\/wp\/v2\/pages"}],"about":[{"href":"https:\/\/www.beseit.net\/index.php?rest_route=\/wp\/v2\/types\/page"}],"author":[{"embeddable":true,"href":"https:\/\/www.beseit.net\/index.php?rest_route=\/wp\/v2\/users\/2"}],"replies":[{"embeddable":true,"href":"https:\/\/www.beseit.net\/index.php?rest_route=%2Fwp%2Fv2%2Fcomments&post=5985"}],"version-history":[{"count":8,"href":"https:\/\/www.beseit.net\/index.php?rest_route=\/wp\/v2\/pages\/5985\/revisions"}],"predecessor-version":[{"id":6000,"href":"https:\/\/www.beseit.net\/index.php?rest_route=\/wp\/v2\/pages\/5985\/revisions\/6000"}],"wp:attachment":[{"href":"https:\/\/www.beseit.net\/index.php?rest_route=%2Fwp%2Fv2%2Fmedia&parent=5985"}],"wp:term":[{"taxonomy":"category","embeddable":true,"href":"https:\/\/www.beseit.net\/index.php?rest_route=%2Fwp%2Fv2%2Fcategories&post=5985"}],"curies":[{"name":"wp","href":"https:\/\/api.w.org\/{rel}","templated":true}]}}