{"id":6008,"date":"2015-05-10T23:38:34","date_gmt":"2015-05-10T21:38:34","guid":{"rendered":"http:\/\/www.beseit.net\/?page_id=6008"},"modified":"2015-05-11T13:50:03","modified_gmt":"2015-05-11T11:50:03","slug":"hac","status":"publish","type":"page","link":"https:\/\/www.beseit.net\/?page_id=6008","title":{"rendered":"Hac"},"content":{"rendered":"<p>La lletra hac, que es conserva per raons etimol\u00f2giques, no representa avui cap so, tret d\u2019alguns casos d\u2019onomatopeies i de mots manllevats d\u2019altres lleng\u00fces:<br \/>\nha, ha, ha!; he, he, he!; ehem<br \/>\nhandicap, hawai\u00e0, H\u00e8lsinki, hippy, S\u00e0hara<\/p>\n<p>Conv\u00e9 recordar les paraules que porten hac i tamb\u00e9 fixar-se en les difer\u00e8ncies que hi ha respecte a altres lleng\u00fces. Per exemple, escrivim amb hac:<\/p>\n<p>haixix ham h\u00e0mster handbol harmonia hecatombe hectolitre hel\u00b7l\u00e8nic hemisferi\u00a0 hemorr\u00e0gia hendecas\u00edl\u00b7lab hept\u00e0gon her\u00e0ldic herba hereu h\u00e8rnia heterosexual hex\u00e0gon higiene hip\u00e8rbole hip\u00f2tesi hissar hivern homicida homogeni hoquei hort humitat<\/p>\n<p>Tamb\u00e9 escrivim amb hac, en aquest cas intercalada, paraules com:<\/p>\n<p>adherir ahir alcohol aleshores alhora conhort cohesi\u00f3 cohibir exhalar exhaurir inherent inhibir menhir subhasta subtrahend tothom tothora<\/p>\n<p>Per\u00f2 tingueu en compte que s\u2019escriuen sense hac paraules com ara:<\/p>\n<p>avui benaurat Bo\u00ed cacauet coet exuberant Ester Judit malaurat Ma\u00f3 orfe orxata tru\u00e0 Ta\u00fcll<\/p>\n<p>Remarques<br \/>\nCal fixar-se en els hom\u00f2nims o par\u00f2nims. Per exemple, cal distingir b\u00e9:<\/p>\n<p>ha: forma del verb haver; ah!: interjecci\u00f3;\u00a0 a: preposici\u00f3<br \/>\nEl vent ha fet caure les fulles. Ah!, eres tu qui trucava? Agafarem l\u2019avi\u00f3 a Girona.<\/p>\n<p>he: forma del verb haver eh: interjecci\u00f3 He escoltat la r\u00e0dio tot el mat\u00ed.<br \/>\nEh?, qu\u00e8 dius?; hem: forma del verb haver; em: pronom feble<br \/>\nEls pares hem de ser responsables. Em dic Joana.<\/p>\n<p><iframe loading=\"lazy\" src=\"http:\/\/www.beseit.net\/exercicis_cat\/hac\/practica_hac.php\" width=\"800\" height=\"620\" frameborder=\"0\" scrolling=\"no\"><\/iframe><\/p>\n","protected":false},"excerpt":{"rendered":"<p>La lletra hac, que es conserva per raons etimol\u00f2giques, no representa avui cap so, tret d\u2019alguns casos d\u2019onomatopeies i de mots manllevats d\u2019altres lleng\u00fces: ha, ha, ha!; he, he, he!; ehem handicap, hawai\u00e0, H\u00e8lsinki, hippy, S\u00e0hara Conv\u00e9 recordar les paraules &hellip; <a href=\"https:\/\/www.beseit.net\/?page_id=6008\">Continua llegint <span class=\"meta-nav\">&rarr;<\/span><\/a><\/p>\n","protected":false},"author":2,"featured_media":0,"parent":0,"menu_order":0,"comment_status":"open","ping_status":"open","template":"","meta":{"footnotes":""},"categories":[],"class_list":["post-6008","page","type-page","status-publish","hentry"],"_links":{"self":[{"href":"https:\/\/www.beseit.net\/index.php?rest_route=\/wp\/v2\/pages\/6008","targetHints":{"allow":["GET"]}}],"collection":[{"href":"https:\/\/www.beseit.net\/index.php?rest_route=\/wp\/v2\/pages"}],"about":[{"href":"https:\/\/www.beseit.net\/index.php?rest_route=\/wp\/v2\/types\/page"}],"author":[{"embeddable":true,"href":"https:\/\/www.beseit.net\/index.php?rest_route=\/wp\/v2\/users\/2"}],"replies":[{"embeddable":true,"href":"https:\/\/www.beseit.net\/index.php?rest_route=%2Fwp%2Fv2%2Fcomments&post=6008"}],"version-history":[{"count":8,"href":"https:\/\/www.beseit.net\/index.php?rest_route=\/wp\/v2\/pages\/6008\/revisions"}],"predecessor-version":[{"id":6019,"href":"https:\/\/www.beseit.net\/index.php?rest_route=\/wp\/v2\/pages\/6008\/revisions\/6019"}],"wp:attachment":[{"href":"https:\/\/www.beseit.net\/index.php?rest_route=%2Fwp%2Fv2%2Fmedia&parent=6008"}],"wp:term":[{"taxonomy":"category","embeddable":true,"href":"https:\/\/www.beseit.net\/index.php?rest_route=%2Fwp%2Fv2%2Fcategories&post=6008"}],"curies":[{"name":"wp","href":"https:\/\/api.w.org\/{rel}","templated":true}]}}