{"id":6041,"date":"2015-05-13T23:29:55","date_gmt":"2015-05-13T21:29:55","guid":{"rendered":"http:\/\/www.beseit.net\/?page_id=6041"},"modified":"2015-05-13T23:47:19","modified_gmt":"2015-05-13T21:47:19","slug":"connectors","status":"publish","type":"page","link":"https:\/\/www.beseit.net\/?page_id=6041","title":{"rendered":"Connectors"},"content":{"rendered":"<p><strong>Preposicions: <\/strong>Enllacen elements dintre d&#8217;una oraci\u00f3, i formen una unitat sint\u00e0ctica i fon\u00e8tica: El rellotge \u00e9s a la calaixera.<\/p>\n<p><strong> Conjuncions:<\/strong>\u00a0 enllacen oracions: Van ajudar-lo tots els companys i aix\u00ed mateix no entenien res de mec\u00e0nica.<\/p>\n<p><strong>&#8211; Per introduir els diferents arguments<\/strong>: per comen\u00e7ar, d&#8217;entrada, primer, d&#8217;una banda, en primer lloc&#8230;; d&#8217;altra banda, en segon lloc&#8230;; finalment, per acabar,,,<\/p>\n<p>&#8211;<strong> Per expressar l&#8217;opini\u00f3 personal, s&#8217;usen verbs que expressen opini\u00f3:<\/strong> Crec, considero, penso, em sembla, s\u00f3c del parer que, el meu parer \u00e9s que.<\/p>\n<p><strong>-Per introduir la s\u00edntesi deis continguts<\/strong>: per concloure, en definitiva, en resum, aix\u00ed dones<\/p>\n<p><strong>&#8211; Per continuar sobre el mateix punt:<\/strong> a m\u00e9s a m\u00e9s, tot seguit, aix\u00ed mateix,<\/p>\n<p><strong>&#8211; Per emfatitzar:<\/strong> val la pena dir, cal insistir, el m\u00e9s important, la idea central \u00e9s, conv\u00e9 destacar..<\/p>\n<p><strong>&#8211; Per introduir la causa<\/strong>: perqu\u00e8, ja que, ates que, per ra\u00f3 de, com que, vist que, gracies a\/ al fet que, amb motiu de, a causa de\/que, per tal com, considerant que, per mor de<\/p>\n<p><strong>&#8211; Per introduir la conseq\u00fc\u00e8ncia<\/strong>: per tant conseg\u00fcentment dones aix\u00ed dones cosa que la qual cosa en conseq\u00fc\u00e8ncia aix\u00ed, per aixo en conclusi\u00f3 en definitiva per conseg\u00fcent<\/p>\n<p><strong>&#8211; Per indicar oposici\u00f3:<\/strong> per\u00f2, tanmateix, no obstant aix\u00f2, sin\u00f3 ara b\u00e9 amb tot aix\u00f2 no obstant en contra en canvi al contrari<\/p>\n<p><strong>Per indicar objecci\u00f3:<\/strong> per b\u00e9 que per b\u00e9 malgrat (que), baldament, si b\u00e9, mal que, tot i (que), encara que, a desgrat que<\/p>\n<p><strong>Per indicar finalitat<\/strong>: Per tal que, a fi que, amb la finalitat que<\/p>\n","protected":false},"excerpt":{"rendered":"<p>Preposicions: Enllacen elements dintre d&#8217;una oraci\u00f3, i formen una unitat sint\u00e0ctica i fon\u00e8tica: El rellotge \u00e9s a la calaixera. Conjuncions:\u00a0 enllacen oracions: Van ajudar-lo tots els companys i aix\u00ed mateix no entenien res de mec\u00e0nica. &#8211; Per introduir els diferents &hellip; <a href=\"https:\/\/www.beseit.net\/?page_id=6041\">Continua llegint <span class=\"meta-nav\">&rarr;<\/span><\/a><\/p>\n","protected":false},"author":2,"featured_media":0,"parent":0,"menu_order":0,"comment_status":"open","ping_status":"open","template":"NO SIDEBARpage.php","meta":{"footnotes":""},"categories":[],"class_list":["post-6041","page","type-page","status-publish","hentry"],"_links":{"self":[{"href":"https:\/\/www.beseit.net\/index.php?rest_route=\/wp\/v2\/pages\/6041","targetHints":{"allow":["GET"]}}],"collection":[{"href":"https:\/\/www.beseit.net\/index.php?rest_route=\/wp\/v2\/pages"}],"about":[{"href":"https:\/\/www.beseit.net\/index.php?rest_route=\/wp\/v2\/types\/page"}],"author":[{"embeddable":true,"href":"https:\/\/www.beseit.net\/index.php?rest_route=\/wp\/v2\/users\/2"}],"replies":[{"embeddable":true,"href":"https:\/\/www.beseit.net\/index.php?rest_route=%2Fwp%2Fv2%2Fcomments&post=6041"}],"version-history":[{"count":4,"href":"https:\/\/www.beseit.net\/index.php?rest_route=\/wp\/v2\/pages\/6041\/revisions"}],"predecessor-version":[{"id":6045,"href":"https:\/\/www.beseit.net\/index.php?rest_route=\/wp\/v2\/pages\/6041\/revisions\/6045"}],"wp:attachment":[{"href":"https:\/\/www.beseit.net\/index.php?rest_route=%2Fwp%2Fv2%2Fmedia&parent=6041"}],"wp:term":[{"taxonomy":"category","embeddable":true,"href":"https:\/\/www.beseit.net\/index.php?rest_route=%2Fwp%2Fv2%2Fcategories&post=6041"}],"curies":[{"name":"wp","href":"https:\/\/api.w.org\/{rel}","templated":true}]}}