{"id":6054,"date":"2015-05-15T17:18:45","date_gmt":"2015-05-15T15:18:45","guid":{"rendered":"http:\/\/www.beseit.net\/?page_id=6054"},"modified":"2015-05-15T17:25:33","modified_gmt":"2015-05-15T15:25:33","slug":"recomanacions-per-a-larticle-dopinio","status":"publish","type":"page","link":"https:\/\/www.beseit.net\/?page_id=6054","title":{"rendered":"RECOMANACIONS PER A L\u2019ARTICLE D\u2019OPINI\u00d3"},"content":{"rendered":"<p>L\u2019ESTRUCTURA<\/p>\n<p>1-\u00a0\u00a0\u00a0 Posa-hi un T\u00cdTOL, que pots reelaborar tu en base al tema, sense punt final.<\/p>\n<p>2-\u00a0\u00a0\u00a0 El text ha de tenir 3 parts diferenciades: introducci\u00f3, cos argumental i conclusi\u00f3.<\/p>\n<p>3-\u00a0\u00a0\u00a0 Fes \u00a03 &#8211; 4 punts i a part com a m\u00e0xim i separa cada par\u00e0graf amb doble espai.<\/p>\n<p>4-\u00a0\u00a0\u00a0 Compta 200 paraules (despr\u00e9s del t\u00edtol) i fes-hi un senyal \/\/<\/p>\n<p>EL REGISTRE<\/p>\n<p>Evita: col\u00b7loquialismes, \u00a0imprecisions i formes incorrectes.<\/p>\n<p>&#8211; \u201cjo\u201d, \u201cpersonalment\u201d (1- 2 verbs en 1a persona i prou)<br \/>\n&#8211; \u201cm\u2019agradaria parlar de\u201d, \u201cvull dir\u201d, \u201c\u00e9s a dir\u201d (diversos cops), \u201cara, sincerament\u201d<br \/>\n-\u201ca nivell de\u201d (en l\u2019\u00e0mbit de&#8230;), \u201cel tema\u201d de la sequera (la q\u00fcesti\u00f3, el conflicte&#8230;)<br \/>\n&#8211; comen\u00e7ar una frase amb infinitiu: En primer lloc, \u201ccomentar\u201d que&#8230;<br \/>\n(he de \/ voldria \/ cal comentar que&#8230;)<br \/>\n&#8211; exc\u00e9s de frases inacabades: 1 sol etc. o 3 punts suspensius<\/p>\n<p>LA PUNTUACI\u00d3<\/p>\n<p>&#8211; vigila les comes: que no tallin S i V, V i CD\/ CI\/ CP,<br \/>\ntot i que, sempre entre 2 comes, pots fer-hi un inc\u00eds o aclariment.<br \/>\n&#8211; posa coma davant adversativa: per\u00f2, sin\u00f3, tanmateix \u2026 si darrere hi ha frase.<br \/>\n&#8211; tamb\u00e9, despr\u00e9s de cada marcador de par\u00e0graf: en primer lloc, d\u2019altra banda&#8230;<br \/>\n&#8211;\u00a0 no abusis dels signes ! ? (d\u2019admiraci\u00f3 i interrogaci\u00f3)<\/p>\n<p>EL L\u00c8XIC<br \/>\n&#8211; evita repeticions, almenys dins del mateix par\u00e0graf: utilitza sin\u00f2nims<br \/>\n&#8211; empra un l\u00e8xic formal i prec\u00eds: eradica mots massa gen\u00e8rics, com \u201ccosa\u201d<br \/>\n&#8211; si sospites que un mot pot ser incorrecte, consulta el web OPTIMOT<br \/>\n&#8211; comprova els estrangerismes, per si ja estan catalanitzats: email<br \/>\n&#8211; no usis expressions i mots no acceptats per l\u2019IEC: vivenda, disfrutar\u2026<\/p>\n","protected":false},"excerpt":{"rendered":"<p>L\u2019ESTRUCTURA 1-\u00a0\u00a0\u00a0 Posa-hi un T\u00cdTOL, que pots reelaborar tu en base al tema, sense punt final. 2-\u00a0\u00a0\u00a0 El text ha de tenir 3 parts diferenciades: introducci\u00f3, cos argumental i conclusi\u00f3. 3-\u00a0\u00a0\u00a0 Fes \u00a03 &#8211; 4 punts i a part com &hellip; <a href=\"https:\/\/www.beseit.net\/?page_id=6054\">Continua llegint <span class=\"meta-nav\">&rarr;<\/span><\/a><\/p>\n","protected":false},"author":2,"featured_media":0,"parent":0,"menu_order":0,"comment_status":"open","ping_status":"open","template":"NO SIDEBARpage.php","meta":{"footnotes":""},"categories":[],"class_list":["post-6054","page","type-page","status-publish","hentry"],"_links":{"self":[{"href":"https:\/\/www.beseit.net\/index.php?rest_route=\/wp\/v2\/pages\/6054","targetHints":{"allow":["GET"]}}],"collection":[{"href":"https:\/\/www.beseit.net\/index.php?rest_route=\/wp\/v2\/pages"}],"about":[{"href":"https:\/\/www.beseit.net\/index.php?rest_route=\/wp\/v2\/types\/page"}],"author":[{"embeddable":true,"href":"https:\/\/www.beseit.net\/index.php?rest_route=\/wp\/v2\/users\/2"}],"replies":[{"embeddable":true,"href":"https:\/\/www.beseit.net\/index.php?rest_route=%2Fwp%2Fv2%2Fcomments&post=6054"}],"version-history":[{"count":4,"href":"https:\/\/www.beseit.net\/index.php?rest_route=\/wp\/v2\/pages\/6054\/revisions"}],"predecessor-version":[{"id":6058,"href":"https:\/\/www.beseit.net\/index.php?rest_route=\/wp\/v2\/pages\/6054\/revisions\/6058"}],"wp:attachment":[{"href":"https:\/\/www.beseit.net\/index.php?rest_route=%2Fwp%2Fv2%2Fmedia&parent=6054"}],"wp:term":[{"taxonomy":"category","embeddable":true,"href":"https:\/\/www.beseit.net\/index.php?rest_route=%2Fwp%2Fv2%2Fcategories&post=6054"}],"curies":[{"name":"wp","href":"https:\/\/api.w.org\/{rel}","templated":true}]}}