{"id":6064,"date":"2015-05-15T17:56:01","date_gmt":"2015-05-15T15:56:01","guid":{"rendered":"http:\/\/www.beseit.net\/?page_id=6064"},"modified":"2015-05-15T18:19:16","modified_gmt":"2015-05-15T16:19:16","slug":"6064-2","status":"publish","type":"page","link":"https:\/\/www.beseit.net\/?page_id=6064","title":{"rendered":"El text argumentatiu"},"content":{"rendered":"<table style=\"width: 100%; border-style: solid; border-width: 0px;\">\n<tbody>\n<tr>\n<td class=\"style2\" style=\"text-align: center;\"><strong>INTRODUCCI\u00d3<\/strong><\/td>\n<\/tr>\n<tr>\n<td><strong>1- Retrat de la situaci\u00f3<\/strong> (Va b\u00e9 comen\u00e7ar amb una expressi\u00f3 de temps)<br \/>\nActualment \/ Darrerament \/ D\u2019un temps en\u00e7\u00e0 \/ Sovint sentim a parlar de&#8230;\u00a0 Hi ha una preocupaci\u00f3 creixent per &#8230;<br \/>\n<strong>2- Opini\u00f3 breu<\/strong>\u00a0 (Conv\u00e9 evitar reiteracions: \u201cjo, personalment\u201d&#8230;)<br \/>\nCrec que \u00e9s preferible \/ Estic a favor que \/ Opino que&#8230;\u00a0\u00a0\u00a0\u00a0\u00a0\u00a0\u00a0\u00a0\u00a0\u00a0\u00a0\u00a0\u00a0\u00a0\u00a0\u00a0\u00a0\u00a0\u00a0 (punt i a part \/ pausa)<\/td>\n<\/tr>\n<\/tbody>\n<\/table>\n<table style=\"width: 100%; border-style: solid; border-width: 0px;\">\n<tbody>\n<tr>\n<td class=\"style2\" style=\"text-align: center;\"><strong>ARGUMENTACI\u00d3<\/strong><\/td>\n<\/tr>\n<tr>\n<td><strong>1- Idea o raonament<\/strong><br \/>\n<strong>D\u2019una banda..<\/strong>. (Quan presentem idees en oposi\u00f3, avantatges o inconvenients)<br \/>\n<strong>En primer lloc&#8230;<\/strong>(Quan presentem idees totes en la mateixa l\u00ednia, refor\u00e7ant l\u2019opini\u00f3)<strong>2- Idea o raonament<\/strong><br \/>\n<strong>D\u2019altra banda&#8230;<\/strong><br \/>\n<strong>En segon lloc&#8230;<\/strong><strong>3- Idea o raonament\u00a0 <\/strong>(Nom\u00e9s si realment ens cal un tercer argument)<strong>Finalment \/ Aix\u00ed mateix \/ Tamb\u00e9 cal dir \/ A m\u00e9s a m\u00e9s<\/strong>\u00a0\u00a0\u00a0\u00a0\u00a0\u00a0\u00a0\u00a0\u00a0\u00a0\u00a0\u00a0\u00a0\u00a0\u00a0\u00a0\u00a0\u00a0\u00a0\u00a0\u00a0\u00a0\u00a0 (punt i a part \/ pausa)<\/td>\n<\/tr>\n<\/tbody>\n<\/table>\n<table style=\"width: 100%; border-style: solid; border-width: 0px;\">\n<tbody>\n<tr>\n<td class=\"style2\" style=\"text-align: center;\"><strong>CONCLUSI\u00d3<\/strong><\/td>\n<\/tr>\n<tr>\n<td>1- Resum o repetici\u00f3 de l\u2019opini\u00f3<br \/>\n(Aqu\u00ed cal no embolicar-se amb m\u00e9s raonaments)<br \/>\n<strong>per tant \/ Per concloure \/ Aix\u00ed doncs&#8230; Crec que<\/strong>2- Proposta optimitzadora, recomanaci\u00f3 \u00a0\u00a0\u00a0\u00a0 (No \u00e9s imprescindible, nom\u00e9s si notem que ens hem quedat \u201ccurts\u201d)<br \/>\nCaldria que l\u2019Administraci\u00f3 prengu\u00e9s mesures&#8230;<br \/>\nCaldria que tots \/ Caldria que els pares \/ rebutg\u00e9ssim \/ actu\u00e9ssim&#8230;<\/td>\n<\/tr>\n<\/tbody>\n<\/table>\n","protected":false},"excerpt":{"rendered":"<p>INTRODUCCI\u00d3 1- Retrat de la situaci\u00f3 (Va b\u00e9 comen\u00e7ar amb una expressi\u00f3 de temps) Actualment \/ Darrerament \/ D\u2019un temps en\u00e7\u00e0 \/ Sovint sentim a parlar de&#8230;\u00a0 Hi ha una preocupaci\u00f3 creixent per &#8230; 2- Opini\u00f3 breu\u00a0 (Conv\u00e9 evitar reiteracions: &hellip; <a href=\"https:\/\/www.beseit.net\/?page_id=6064\">Continua llegint <span class=\"meta-nav\">&rarr;<\/span><\/a><\/p>\n","protected":false},"author":2,"featured_media":0,"parent":0,"menu_order":0,"comment_status":"open","ping_status":"open","template":"NO SIDEBARpage.php","meta":{"footnotes":""},"categories":[],"class_list":["post-6064","page","type-page","status-publish","hentry"],"_links":{"self":[{"href":"https:\/\/www.beseit.net\/index.php?rest_route=\/wp\/v2\/pages\/6064","targetHints":{"allow":["GET"]}}],"collection":[{"href":"https:\/\/www.beseit.net\/index.php?rest_route=\/wp\/v2\/pages"}],"about":[{"href":"https:\/\/www.beseit.net\/index.php?rest_route=\/wp\/v2\/types\/page"}],"author":[{"embeddable":true,"href":"https:\/\/www.beseit.net\/index.php?rest_route=\/wp\/v2\/users\/2"}],"replies":[{"embeddable":true,"href":"https:\/\/www.beseit.net\/index.php?rest_route=%2Fwp%2Fv2%2Fcomments&post=6064"}],"version-history":[{"count":11,"href":"https:\/\/www.beseit.net\/index.php?rest_route=\/wp\/v2\/pages\/6064\/revisions"}],"predecessor-version":[{"id":6075,"href":"https:\/\/www.beseit.net\/index.php?rest_route=\/wp\/v2\/pages\/6064\/revisions\/6075"}],"wp:attachment":[{"href":"https:\/\/www.beseit.net\/index.php?rest_route=%2Fwp%2Fv2%2Fmedia&parent=6064"}],"wp:term":[{"taxonomy":"category","embeddable":true,"href":"https:\/\/www.beseit.net\/index.php?rest_route=%2Fwp%2Fv2%2Fcategories&post=6064"}],"curies":[{"name":"wp","href":"https:\/\/api.w.org\/{rel}","templated":true}]}}