{"id":6076,"date":"2015-05-18T23:22:20","date_gmt":"2015-05-18T21:22:20","guid":{"rendered":"http:\/\/www.beseit.net\/?page_id=6076"},"modified":"2015-05-19T00:04:46","modified_gmt":"2015-05-18T22:04:46","slug":"les-preposicions","status":"publish","type":"page","link":"https:\/\/www.beseit.net\/?page_id=6076","title":{"rendered":"Les preposicions"},"content":{"rendered":"<p>LES PREPOSICIONS<br \/>\nS\u00f3n mots invariables que enllacen un element sint\u00e0ctic (principalment, un nom o un verb) amb el seu complement, i formen amb aquest darrer una unitat sint\u00e0ctica i fon\u00e8tica.<br \/>\nTinc un <strong>barret<\/strong> de <strong>palla<\/strong>. El jersei \u00e9s a l\u2019armari.<br \/>\nN + prep. + N\u00a0\u00a0CN (de barret) \u00a0\u00a0\u00a0\u00a0\u00a0\u00a0\u00a0\u00a0\u00a0\u00a0\u00a0\u00a0 V + prep. + N (CCL)<\/p>\n<p><strong>Tipologia Preposicions febles (o \u00e0tones)<\/strong><br \/>\nsimples:<br \/>\na \u00a0 \u00a0 \u00a0 \u00a0\u00a0 Aquesta tarda vindr\u00e9 a casa teva.<br \/>\namb \u00a0 \u00a0\u00a0 Avui menjarem vedella amb bolets.<br \/>\nde\u00a0\u00a0\u00a0\u00a0\u00a0\u00a0\u00a0\u00a0 S\u2019ha casat als jutjats de Santa Coloma.<br \/>\nen\u00a0\u00a0\u00a0\u00a0\u00a0\u00a0\u00a0\u00a0 Sovint escriu en aran\u00e8s.<br \/>\nper\u00a0\u00a0\u00a0\u00a0\u00a0\u00a0\u00a0\u00a0 Aquesta tarda passejarem per la Rambla.<br \/>\nCompostes:<br \/>\nper a \u00a0 \u00a0\u00a0 Aquesta jaqueta \u00e9s per a la Teresa. compostes<br \/>\n<strong>Preposicions fortes (o t\u00f2niques)<\/strong><br \/>\nSimples:<br \/>\ncontra \u00a0 \u00a0 \u00a0\u00a0 La moto de neu va topar contra el teleesqu\u00ed.<br \/>\nsimples:<br \/>\nentre \u00a0 \u00a0 \u00a0\u00a0 Cass\u00e0 de la Selva queda entre Llambilles i Llagostera.<br \/>\nenvers \u00a0 \u00a0 L\u2019acusat ha mostrat una actitud agressiva envers el jutge.<br \/>\nmalgrat \u00a0\u00a0 Malgrat el mal de cap, va haver d\u2019estudiar.<br \/>\nsegons\u00a0\u00a0\u00a0 Sempre actua segons les seves conviccions.<br \/>\ncompostes:<br \/>\ncap a\u00a0\u00a0\u00a0\u00a0 \u00a0 \u00a0 Va arribar als jutjats cap a quarts d\u2019una.<br \/>\ndes de \u00a0 \u00a0\u00a0 Des d\u2019ara, ja podrem xatejar. compostes<br \/>\nfins a\u00a0\u00a0\u00a0\u00a0\u00a0\u00a0 T\u2019acompanyar\u00e9 fins a la sala de vistes.<\/p>\n<p>Les preposicions<strong> fins a<\/strong> i<strong> cap a<\/strong> tamb\u00e9 poden anar sense la preposici\u00f3 a davant d\u2019alguns <strong>adverbis<\/strong> i dels <strong>demostratius<\/strong>.<br \/>\nNo et donar\u00e9 el regal <strong>fins dem\u00e0.<\/strong><br \/>\nPorta-m\u2019ho cap aqu\u00ed.<br \/>\nNo ho comunicarem fins aquesta tarda.<br \/>\nPujarem <strong>cap aquel<\/strong>l far seguint el mar.<\/p>\n<p><strong>Procedents d\u2019adverbis<\/strong><\/p>\n<p>dalt (de) \u00a0\u00a0\u00a0\u00a0\u00a0\u00a0\u00a0\u00a0\u00a0\u00a0\u00a0\u00a0 \u00a0\u00a0\u00a0\u00a0\u00a0\u00a0\u00a0\u00a0\u00a0\u00a0\u00a0\u00a0\u00a0\u00a0\u00a0 El gat s\u2019ha enfilat dalt de la teulada.<br \/>\ndamunt (de) \u00a0\u00a0\u00a0\u00a0 \u00a0\u00a0\u00a0\u00a0\u00a0\u00a0\u00a0\u00a0\u00a0\u00a0\u00a0\u00a0\u00a0\u00a0\u00a0 Les ulleres s\u00f3n damunt la tauleta de nit.<br \/>\ndarrere (de) \u00a0\u00a0\u00a0\u00a0 \u00a0\u00a0\u00a0\u00a0\u00a0\u00a0\u00a0\u00a0\u00a0\u00a0\u00a0\u00a0\u00a0\u00a0\u00a0 Viu darrere l\u2019esgl\u00e9sia del poble.<br \/>\ndavant (de) \u00a0\u00a0\u00a0\u00a0\u00a0\u00a0 \u00a0\u00a0\u00a0\u00a0\u00a0\u00a0\u00a0\u00a0\u00a0\u00a0\u00a0\u00a0\u00a0\u00a0\u00a0 Les parts van compar\u00e8ixer davant la jutgessa.<br \/>\ndins (de) \/ dintre (de) \u00a0\u00a0\u00a0\u00a0\u00a0 Deixa-ho dins l\u2019armari.<br \/>\nprop (de) \u00a0\u00a0\u00a0\u00a0\u00a0\u00a0\u00a0\u00a0\u00a0\u00a0\u00a0\u00a0\u00a0\u00a0\u00a0\u00a0\u00a0\u00a0\u00a0\u00a0\u00a0\u00a0\u00a0\u00a0\u00a0\u00a0 La part demandada deu prop de 800 euros a la part actora.<br \/>\nsobre (de)\u00a0\u00a0\u00a0\u00a0\u00a0\u00a0\u00a0\u00a0\u00a0\u00a0\u00a0\u00a0\u00a0\u00a0\u00a0\u00a0\u00a0\u00a0\u00a0\u00a0\u00a0\u00a0\u00a0\u00a0\u00a0 Deixa els expedients sobre la taula.<br \/>\nsota (de) \u00a0\u00a0\u00a0\u00a0\u00a0\u00a0\u00a0\u00a0\u00a0\u00a0\u00a0\u00a0\u00a0\u00a0\u00a0\u00a0\u00a0\u00a0\u00a0\u00a0\u00a0\u00a0\u00a0\u00a0\u00a0\u00a0\u00a0 En Pere aguanta molta estona sota l\u2019aigua.<br \/>\nvora (de) \u00a0\u00a0\u00a0\u00a0\u00a0\u00a0\u00a0\u00a0\u00a0\u00a0\u00a0\u00a0\u00a0\u00a0\u00a0\u00a0\u00a0\u00a0\u00a0\u00a0\u00a0\u00a0\u00a0\u00a0\u00a0\u00a0 Hem vist un porc senglar vora de casa.<br \/>\nabans de \u00a0\u00a0\u00a0\u00a0\u00a0\u00a0\u00a0\u00a0\u00a0\u00a0\u00a0\u00a0\u00a0\u00a0\u00a0\u00a0\u00a0\u00a0\u00a0\u00a0\u00a0\u00a0\u00a0\u00a0\u00a0\u00a0\u00a0 Has d\u2019arribar abans de dinar.<br \/>\narran de \u00a0\u00a0\u00a0\u00a0\u00a0\u00a0\u00a0\u00a0\u00a0\u00a0\u00a0\u00a0\u00a0\u00a0\u00a0\u00a0\u00a0\u00a0\u00a0\u00a0\u00a0\u00a0\u00a0\u00a0\u00a0\u00a0\u00a0\u00a0 Li agrada molt passejar arran de mar.<br \/>\ndespr\u00e9s de \u00a0\u00a0\u00a0\u00a0\u00a0\u00a0\u00a0\u00a0\u00a0\u00a0\u00a0\u00a0\u00a0\u00a0\u00a0\u00a0\u00a0\u00a0\u00a0\u00a0\u00a0\u00a0 Despr\u00e9s de l\u2019operaci\u00f3, haur\u00e0s de fer rep\u00f2s.<br \/>\nenfront de \u00a0\u00a0\u00a0\u00a0\u00a0\u00a0\u00a0\u00a0\u00a0\u00a0\u00a0\u00a0\u00a0\u00a0\u00a0\u00a0\u00a0\u00a0\u00a0\u00a0\u00a0\u00a0\u00a0 He aparcat els cotxes un enfront de l\u2019altre.<br \/>\nenmig de \u00a0\u00a0\u00a0\u00a0\u00a0\u00a0\u00a0\u00a0\u00a0\u00a0\u00a0\u00a0\u00a0\u00a0\u00a0\u00a0\u00a0\u00a0\u00a0\u00a0\u00a0\u00a0\u00a0\u00a0\u00a0\u00a0 Enmig de tant xivarri, la jutgessa no sentia res.<br \/>\nentorn de \u00a0\u00a0\u00a0\u00a0\u00a0\u00a0\u00a0\u00a0\u00a0\u00a0\u00a0\u00a0\u00a0\u00a0\u00a0\u00a0\u00a0\u00a0\u00a0\u00a0\u00a0\u00a0\u00a0\u00a0\u00a0 Es van asseure entorn de la taula.<br \/>\ncom a \u00a0\u00a0\u00a0\u00a0\u00a0\u00a0\u00a0\u00a0\u00a0\u00a0\u00a0\u00a0\u00a0\u00a0\u00a0\u00a0\u00a0\u00a0\u00a0\u00a0\u00a0\u00a0\u00a0\u00a0\u00a0\u00a0\u00a0\u00a0\u00a0\u00a0\u00a0\u00a0\u00a0 Va actuar com a advocat de la part demandan<\/p>\n<p>t.<\/p>\n<p><strong>Procedents de gerundis i participis<\/strong><\/p>\n<p>durant \u00a0\u00a0 \u00a0\u00a0\u00a0 \u00a0\u00a0 \u00a0 \u00a0 Dissabte passat va dormir durant tot el mat\u00ed!<br \/>\nmitjan\u00e7ant \u00a0\u00a0 \u00a0\u00a0\u00a0 \u00a0L\u2019inculpat va obrir la caixa forta mitjan\u00e7ant un bufador.<br \/>\nno obstant \u00a0\u00a0 \u00a0\u00a0\u00a0 \u00a0No obstant el mal temps, van decidir sortir a navegar.<br \/>\nexcepte \u00a0\u00a0 \u00a0\u00a0\u00a0 \u00a0\u00a0 Tots els testimonis hi han assistit, excepte un de la part demandada.<br \/>\nllevat de \u00a0\u00a0 \u00a0 \u00a0\u00a0 Llevat de les cebes, ja hem comprat els ingredients per fer l\u2019arr\u00f2s a la cassola.<br \/>\nsalvat \/ salvant \u00a0\u00a0 \u00a0El magistrat jutge va embargar tots els b\u00e9ns a la demandada, salvat el cotxe.<br \/>\ntret de \u00a0\u00a0 \u00a0\u00a0\u00a0 \u00a0\u00a0\u00a0 \u00a0Tret de l\u2019Enric, tots van marxar d\u2019excursi\u00f3 a Montserrat.<br \/>\ntocant a\u00a0\u00a0\u00a0\u00a0\u00a0\u00a0\u00a0 Tocant a aquesta q\u00fcesti\u00f3, no hi ha res a dir.<\/p>\n<p><strong>Locucions prepositives<\/strong><\/p>\n<p>Es tracta de conjunts de mots que, junts, tenen la mateixa funci\u00f3 que una preposici\u00f3. Poden combinar-se de diverses maneres, per\u00f2 la m\u00e9s habitual \u00e9s una preposici\u00f3 + un altre element (nom, adjectiu, adverbi, gerundi, participi&#8230;) + una preposici\u00f3. En els dos apartats anteriors ja n\u2019hi apareixen algunes, per\u00f2 tot seguit us en donem m\u00e9s exemples.<\/p>\n<p>a causa de \/ per causa de d\u2019acord amb<br \/>\na excepci\u00f3 de en contra de<br \/>\na favor de en lloc de<br \/>\na fi de en comptes de<br \/>\na partir de en virtut de<br \/>\nal cap de en vista de<br \/>\nal llarg de per culpa de<br \/>\namb vista a \/ de cara a per mitj\u00e0 de<\/p>\n<p><a href=\"?attachment_id=6082\" rel=\"attachment wp-att-6082\"><img loading=\"lazy\" decoding=\"async\" class=\"alignright size-full wp-image-6082\" src=\"http:\/\/www.beseit.net\/wp-content\/uploads\/2015\/05\/preposicions1.gif\" alt=\"preposicions1\" width=\"800\" height=\"1023\" \/><\/a><\/p>\n<p><a href=\"?attachment_id=6084\" rel=\"attachment wp-att-6084\"><img loading=\"lazy\" decoding=\"async\" src=\"http:\/\/www.beseit.net\/wp-content\/uploads\/2015\/05\/preposicions2.gif\" alt=\"preposicions2\" width=\"800\" height=\"1050\" class=\"alignright size-full wp-image-6084\" \/><\/a><\/p>\n<p><a href=\"?attachment_id=6086\" rel=\"attachment wp-att-6086\"><img loading=\"lazy\" decoding=\"async\" src=\"http:\/\/www.beseit.net\/wp-content\/uploads\/2015\/05\/preposicions3.gif\" alt=\"preposicions3\" width=\"800\" height=\"1106\" class=\"alignright size-full wp-image-6086\" \/><\/a><\/p>\n<p><a href=\"?attachment_id=6088\" rel=\"attachment wp-att-6088\"><img loading=\"lazy\" decoding=\"async\" src=\"http:\/\/www.beseit.net\/wp-content\/uploads\/2015\/05\/preposicions4.gif\" alt=\"preposicions4\" width=\"800\" height=\"1074\" class=\"alignright size-full wp-image-6088\" \/><\/a><\/p>\n<p><a href=\"?attachment_id=6090\" rel=\"attachment wp-att-6090\"><img loading=\"lazy\" decoding=\"async\" src=\"http:\/\/www.beseit.net\/wp-content\/uploads\/2015\/05\/preposicions5.gif\" alt=\"preposicions5\" width=\"800\" height=\"1026\" class=\"alignright size-full wp-image-6090\" \/><\/a><\/p>\n<p><a href=\"?attachment_id=6092\" rel=\"attachment wp-att-6092\"><img loading=\"lazy\" decoding=\"async\" src=\"http:\/\/www.beseit.net\/wp-content\/uploads\/2015\/05\/preposicions6.gif\" alt=\"preposicions6\" width=\"800\" height=\"924\" class=\"alignright size-full wp-image-6092\" \/><\/a><\/p>\n","protected":false},"excerpt":{"rendered":"<p>LES PREPOSICIONS S\u00f3n mots invariables que enllacen un element sint\u00e0ctic (principalment, un nom o un verb) amb el seu complement, i formen amb aquest darrer una unitat sint\u00e0ctica i fon\u00e8tica. Tinc un barret de palla. El jersei \u00e9s a l\u2019armari. &hellip; <a href=\"https:\/\/www.beseit.net\/?page_id=6076\">Continua llegint <span class=\"meta-nav\">&rarr;<\/span><\/a><\/p>\n","protected":false},"author":2,"featured_media":0,"parent":0,"menu_order":0,"comment_status":"open","ping_status":"open","template":"NO SIDEBARpage.php","meta":{"footnotes":""},"categories":[],"class_list":["post-6076","page","type-page","status-publish","hentry"],"_links":{"self":[{"href":"https:\/\/www.beseit.net\/index.php?rest_route=\/wp\/v2\/pages\/6076","targetHints":{"allow":["GET"]}}],"collection":[{"href":"https:\/\/www.beseit.net\/index.php?rest_route=\/wp\/v2\/pages"}],"about":[{"href":"https:\/\/www.beseit.net\/index.php?rest_route=\/wp\/v2\/types\/page"}],"author":[{"embeddable":true,"href":"https:\/\/www.beseit.net\/index.php?rest_route=\/wp\/v2\/users\/2"}],"replies":[{"embeddable":true,"href":"https:\/\/www.beseit.net\/index.php?rest_route=%2Fwp%2Fv2%2Fcomments&post=6076"}],"version-history":[{"count":11,"href":"https:\/\/www.beseit.net\/index.php?rest_route=\/wp\/v2\/pages\/6076\/revisions"}],"predecessor-version":[{"id":6093,"href":"https:\/\/www.beseit.net\/index.php?rest_route=\/wp\/v2\/pages\/6076\/revisions\/6093"}],"wp:attachment":[{"href":"https:\/\/www.beseit.net\/index.php?rest_route=%2Fwp%2Fv2%2Fmedia&parent=6076"}],"wp:term":[{"taxonomy":"category","embeddable":true,"href":"https:\/\/www.beseit.net\/index.php?rest_route=%2Fwp%2Fv2%2Fcategories&post=6076"}],"curies":[{"name":"wp","href":"https:\/\/api.w.org\/{rel}","templated":true}]}}