{"id":678,"date":"2010-03-16T21:42:12","date_gmt":"2010-03-16T19:42:12","guid":{"rendered":"http:\/\/www.beseit.net\/?page_id=678"},"modified":"2019-04-15T18:43:10","modified_gmt":"2019-04-15T16:43:10","slug":"curs-de-fotografia","status":"publish","type":"page","link":"https:\/\/www.beseit.net\/?page_id=678","title":{"rendered":"Curs de fotografia"},"content":{"rendered":"<a href=\"https:\/\/www.beseit.net\/wp-content\/uploads\/2019\/04\/D5300VRRM_Es04.pdf\" class=\"pdfemb-viewer\" style=\"\" data-width=\"max\" data-height=\"max\" data-toolbar=\"bottom\" data-toolbar-fixed=\"off\">D5300VRRM_(Es)04<\/a>\n<p><a href=\"http:\/\/213.4.33.41\/llibres_de_fotografia\/Advancing%20Your%20Photography_%20A%20Handbook%20for%20Creating%20Photos%20You'll%20Love\/Advancing%20Your%20Photography_%20A%20Handbook%20for%20-%20Marc%20Silber.epub\" target=\"_blank\" rel=\"noopener noreferrer\">ADVANCING YOUR PHOTOGRAPHY<\/a><\/p>\n<p><a href=\"http:\/\/213.4.33.41\/llibres_de_fotografia\/15%20Nude%20Photography%20Books%20Collection\/After%20the%20Camera%20-%20Digital%20Transformations%20for%20Conceptual%20Nude%20&amp;%20Portrait%20Photography%20-%20Thom%20Rouse.epub\" target=\"_blank\" rel=\"noopener noreferrer\">AFTER THE CAMARA<\/a><\/p>\n<a href=\"https:\/\/www.beseit.net\/wp-content\/uploads\/2019\/04\/Anthology-of-Nude-Photography-Dani-Olivier.pdf\" class=\"pdfemb-viewer\" style=\"\" data-width=\"max\" data-height=\"max\" data-toolbar=\"bottom\" data-toolbar-fixed=\"off\">Anthology of Nude Photography - Dani Olivier<\/a>\n<p>&nbsp;<\/p>\n<p>Cap\u00edtol 1: <a href=\"http:\/\/www.beseit.net\/?page_id=673\">Que es una c\u00e1mera fotogr\u00e0fica?<br \/>\n<\/a>Cap\u00edtol 2.0: <a href=\"http:\/\/www.beseit.net\/?page_id=682\">L&#8217;objectiu<\/a><\/p>\n","protected":false},"excerpt":{"rendered":"<p>ADVANCING YOUR PHOTOGRAPHY AFTER THE CAMARA &nbsp; Cap\u00edtol 1: Que es una c\u00e1mera fotogr\u00e0fica? Cap\u00edtol 2.0: L&#8217;objectiu<\/p>\n","protected":false},"author":2,"featured_media":0,"parent":277,"menu_order":0,"comment_status":"open","ping_status":"open","template":"","meta":{"footnotes":""},"categories":[1],"class_list":["post-678","page","type-page","status-publish","hentry","category-bloc-de-notes"],"_links":{"self":[{"href":"https:\/\/www.beseit.net\/index.php?rest_route=\/wp\/v2\/pages\/678","targetHints":{"allow":["GET"]}}],"collection":[{"href":"https:\/\/www.beseit.net\/index.php?rest_route=\/wp\/v2\/pages"}],"about":[{"href":"https:\/\/www.beseit.net\/index.php?rest_route=\/wp\/v2\/types\/page"}],"author":[{"embeddable":true,"href":"https:\/\/www.beseit.net\/index.php?rest_route=\/wp\/v2\/users\/2"}],"replies":[{"embeddable":true,"href":"https:\/\/www.beseit.net\/index.php?rest_route=%2Fwp%2Fv2%2Fcomments&post=678"}],"version-history":[{"count":13,"href":"https:\/\/www.beseit.net\/index.php?rest_route=\/wp\/v2\/pages\/678\/revisions"}],"predecessor-version":[{"id":8236,"href":"https:\/\/www.beseit.net\/index.php?rest_route=\/wp\/v2\/pages\/678\/revisions\/8236"}],"up":[{"embeddable":true,"href":"https:\/\/www.beseit.net\/index.php?rest_route=\/wp\/v2\/pages\/277"}],"wp:attachment":[{"href":"https:\/\/www.beseit.net\/index.php?rest_route=%2Fwp%2Fv2%2Fmedia&parent=678"}],"wp:term":[{"taxonomy":"category","embeddable":true,"href":"https:\/\/www.beseit.net\/index.php?rest_route=%2Fwp%2Fv2%2Fcategories&post=678"}],"curies":[{"name":"wp","href":"https:\/\/api.w.org\/{rel}","templated":true}]}}