{"id":682,"date":"2010-03-17T19:43:37","date_gmt":"2010-03-17T17:43:37","guid":{"rendered":"http:\/\/www.beseit.net\/?page_id=682"},"modified":"2011-10-30T11:59:34","modified_gmt":"2011-10-30T09:59:34","slug":"capitol-2-0-lobjectiu","status":"publish","type":"page","link":"https:\/\/www.beseit.net\/?page_id=682","title":{"rendered":"Cap\u00edtol 2.0: L&#8217;objectiu"},"content":{"rendered":"<p><a href=\"http:\/\/www.beseit.net\/wp-content\/uploads\/2010\/03\/zoom.gif\"><\/a>L&#8217;objectiu enfoca un feix de llum des del subjecte a la pel\u2022l\u00edcula. Consta d&#8217;una o diverses lents de forma convexa que projecta la llum que ho travessen en un punt que es diu focus. Quan enfoquem la c\u00e0mera en realitat allunyem o acostem l&#8217;objectiu per a obtenir un focus n\u00edtid.<br \/>\nLa dist\u00e0ncia entre el focus i el diafragma de l&#8217;objectiu \u00e9s el que es diu dist\u00e0ncia focal. Modificant la dist\u00e0ncia focal s&#8217;aconsegueix enfocar al subjecte m\u00e9s prop o m\u00e9s lluny. Amb una dist\u00e0ncia focal de 50 mm s&#8217;aconsegueix una visi\u00f3 el m\u00e9s semblant a l&#8217;ull hum\u00e0.<\/p>\n<p><a href=\"http:\/\/www.beseit.net\/wp-content\/uploads\/2010\/03\/objectiu1gif.gif\"><img loading=\"lazy\" decoding=\"async\" class=\"aligncenter size-full wp-image-688\" title=\"objectiu1gif\" src=\"http:\/\/www.beseit.net\/wp-content\/uploads\/2010\/03\/objectiu1gif.gif\" alt=\"\" width=\"458\" height=\"113\" srcset=\"https:\/\/www.beseit.net\/wp-content\/uploads\/2010\/03\/objectiu1gif.gif 458w, https:\/\/www.beseit.net\/wp-content\/uploads\/2010\/03\/objectiu1gif-300x74.gif 300w\" sizes=\"auto, (max-width: 458px) 100vw, 458px\" \/><\/a><\/p>\n<h3>Tipus d&#8217;objectius<\/h3>\n<p>Vegem els cinc tipus d&#8217;objectius que hi ha.<br \/>\n<strong>Normal:<\/strong> els objectius normals tenen una dist\u00e0ncia focal de 50 mm per a donar-li una perspectiva similar a la de l&#8217;ull hum\u00e0. Es recomanen per a la fotografia de prop\u00f2sits generals i s\u00f3n ideals per a aprendre els principis b\u00e0sics de la fotografia.<br \/>\n<strong>Gran angular:<\/strong> els objectius de gran angular (dist\u00e0ncies focals de menys de 50 mm) capturen objectes m\u00e9s amples que la normal. Li donen una major sensaci\u00f3 de profunditat i s\u00f3n \u00fatils per a fotografiar paisatges o grups de persones. .<\/p>\n<p><strong>Teleobjectiu: <\/strong>Els teleobjectius tenen dist\u00e0ncies focals de m\u00e9s de 50 mm i permeten fer fotografies a gran dist\u00e0ncia. S\u00f3n tamb\u00e9 ideals per a fer retrats i primers plans.<\/p>\n<p><strong>Macro: <\/strong>Serveixen per a obtenir un acostament m\u00e0xim. La dist\u00e0ncia m\u00ednima de l&#8217;objectiu al subjecte \u00e9s molt inferior a la resta de tipus d&#8217;objectiu. Tamb\u00e9 s\u00f3n ideals per a fotografiar insectes i flors.<br \/>\n<strong>Zoom: <\/strong>Aquest tipus d&#8217;objectiu permet, a difer\u00e8ncia de la resta, variar la dist\u00e0ncia focal sense canviar l&#8217;objectiu. Amb aquesta caracter\u00edstica es troben els zooms gran angular i teleobjectius. S\u00f3n els m\u00e9s vers\u00e0tils i l&#8217;opci\u00f3 m\u00e9s econ\u00f2mica per a tenir un rang de dist\u00e0ncies focals. Per contra, aquest tipus d&#8217;objectiu ofereix menor lluminositat que els altres.<\/p>\n<p><a href=\"http:\/\/www.beseit.net\/wp-content\/uploads\/2010\/03\/zoom.gif\"><img loading=\"lazy\" decoding=\"async\" class=\"aligncenter size-full wp-image-690\" title=\"zoom\" src=\"http:\/\/www.beseit.net\/wp-content\/uploads\/2010\/03\/zoom.gif\" alt=\"\" width=\"623\" height=\"113\" srcset=\"https:\/\/www.beseit.net\/wp-content\/uploads\/2010\/03\/zoom.gif 623w, https:\/\/www.beseit.net\/wp-content\/uploads\/2010\/03\/zoom-300x54.gif 300w\" sizes=\"auto, (max-width: 623px) 100vw, 623px\" \/><\/a><\/p>\n<h2>2.1 Conceptes basics<\/h2>\n<p><strong>Lluminositat<\/strong><br \/>\nLa lluminositat, obertura relativa o n\u00famero <strong><span style=\"color: #ff0000;\">f <\/span><\/strong>d&#8217;un objectiu \u00e9s el quocient entre la dist\u00e0ncia focal d&#8217;un objectiu i el m\u00e0xim di\u00e0metre del seu diafragma i ens d\u00f3na una indicaci\u00f3 sobre la quantitat de llum que pot deixar passar. La lluminositat d&#8217;un objectiu est\u00e0 determinada doncs per:<br \/>\n\u2022 La dist\u00e0ncia entre l&#8217;objectiu i la imatge projectada, la qual cosa \u00e9s funci\u00f3 de la dist\u00e0ncia focal.<br \/>\n\u2022 El di\u00e0metre del feix de llum que penetra per l&#8217;objectiu, la qual cosa dep\u00e8n del disseny i construcci\u00f3 del propi objectiu. El valor m\u00e0xim d&#8217;aquest di\u00e0metre (amb m\u00e0xima obertura del diafragma) \u00e9s conegut com obertura efectiva.<br \/>\n<strong>Dist\u00e0ncia focal<\/strong><br \/>\nIndica la dist\u00e0ncia en mil\u2022l\u00edmetres des del centre \u00f2ptic de l&#8217;objectiu al pl\u00e0nol focal i defineix la pot\u00e8ncia o poder de desviaci\u00f3 d&#8217;una lent o objectiu. La dist\u00e0ncia focal d&#8217;un objectiu est\u00e0 determinada per:<br \/>\n\u2022 Angle d&#8217;incid\u00e8ncia de la llum sobre la lent o, a efectes pr\u00e0ctics, curvatura de la lent (a major r\u00e0dio de curvatura menor dist\u00e0ncia focal).<br \/>\n\u2022 \u00cdndex de refracci\u00f3 de la lent, el qual vindr\u00e0 determinat per la composici\u00f3 qu\u00edmica del vidre de la mateixa.<br \/>\n\u2022 Longitud d&#8217;ona de la llum incident, aix\u00f2 \u00e9s, color de la llum; si b\u00e9 actualment la major part dels objectius estan formats per grups de lents convergents i divergents que compensen les possibles aberracions crom\u00e0tiques derivades d&#8217;aquest aspecte<\/p>\n<table style=\"width: 100%;\">\n<tbody>\n<tr>\n<td><a href=\"http:\/\/www.beseit.net\/?page_id=673\"><img loading=\"lazy\" decoding=\"async\" class=\"aligncenter size-full wp-image-695\" title=\"fletxe_rere\" src=\"http:\/\/www.beseit.net\/wp-content\/uploads\/2010\/03\/fletxe_rere.gif\" alt=\"\" width=\"94\" height=\"27\" \/><\/a><\/td>\n<td><a href=\"http:\/\/www.beseit.net\/wp-content\/uploads\/2010\/03\/fletxa_avan1.gif\"><img loading=\"lazy\" decoding=\"async\" class=\"aligncenter size-full wp-image-696\" title=\"fletxa_avan\" src=\"http:\/\/www.beseit.net\/wp-content\/uploads\/2010\/03\/fletxa_avan1.gif\" alt=\"\" width=\"94\" height=\"27\" \/><\/a><\/td>\n<\/tr>\n<\/tbody>\n<\/table>\n","protected":false},"excerpt":{"rendered":"<p>L&#8217;objectiu enfoca un feix de llum des del subjecte a la pel\u2022l\u00edcula. Consta d&#8217;una o diverses lents de forma convexa que projecta la llum que ho travessen en un punt que es diu focus. Quan enfoquem la c\u00e0mera en realitat &hellip; <a href=\"https:\/\/www.beseit.net\/?page_id=682\">Continua llegint <span class=\"meta-nav\">&rarr;<\/span><\/a><\/p>\n","protected":false},"author":2,"featured_media":0,"parent":678,"menu_order":0,"comment_status":"open","ping_status":"open","template":"","meta":{"footnotes":""},"categories":[1],"class_list":["post-682","page","type-page","status-publish","hentry","category-bloc-de-notes"],"_links":{"self":[{"href":"https:\/\/www.beseit.net\/index.php?rest_route=\/wp\/v2\/pages\/682","targetHints":{"allow":["GET"]}}],"collection":[{"href":"https:\/\/www.beseit.net\/index.php?rest_route=\/wp\/v2\/pages"}],"about":[{"href":"https:\/\/www.beseit.net\/index.php?rest_route=\/wp\/v2\/types\/page"}],"author":[{"embeddable":true,"href":"https:\/\/www.beseit.net\/index.php?rest_route=\/wp\/v2\/users\/2"}],"replies":[{"embeddable":true,"href":"https:\/\/www.beseit.net\/index.php?rest_route=%2Fwp%2Fv2%2Fcomments&post=682"}],"version-history":[{"count":12,"href":"https:\/\/www.beseit.net\/index.php?rest_route=\/wp\/v2\/pages\/682\/revisions"}],"predecessor-version":[{"id":689,"href":"https:\/\/www.beseit.net\/index.php?rest_route=\/wp\/v2\/pages\/682\/revisions\/689"}],"up":[{"embeddable":true,"href":"https:\/\/www.beseit.net\/index.php?rest_route=\/wp\/v2\/pages\/678"}],"wp:attachment":[{"href":"https:\/\/www.beseit.net\/index.php?rest_route=%2Fwp%2Fv2%2Fmedia&parent=682"}],"wp:term":[{"taxonomy":"category","embeddable":true,"href":"https:\/\/www.beseit.net\/index.php?rest_route=%2Fwp%2Fv2%2Fcategories&post=682"}],"curies":[{"name":"wp","href":"https:\/\/api.w.org\/{rel}","templated":true}]}}