{"id":819,"date":"2010-04-13T12:31:26","date_gmt":"2010-04-13T10:31:26","guid":{"rendered":"http:\/\/www.beseit.net\/?page_id=819"},"modified":"2010-04-14T14:19:53","modified_gmt":"2010-04-14T12:19:53","slug":"declaracio-de-renda-2009","status":"publish","type":"page","link":"https:\/\/www.beseit.net\/?page_id=819","title":{"rendered":"Declaraci\u00f3 de renda 2009 901223344"},"content":{"rendered":"<ul>\n<li>No cal fer la declaraci\u00f3 de la renda si:Renda del treball &lt; 22.000\u20ac (casella 1 de la declaraci\u00f3) <span style=\"color: #ff0000;\"><strong>y<\/strong><\/span><\/li>\n<\/ul>\n<p>Renda\u00a0 mobili\u00e0ria (interessos&#8230;) &lt; 1.600 \u20ac <span style=\"color: #ff0000;\"><strong>y<\/strong><\/span><\/p>\n<p>Renda Inmobiliaria\u00a0 &lt; 1.000 \u20ac<\/p>\n<ul>\n<li>La contribuci\u00f3 no es considera despesa al omplir la renda inmobiliaria<\/li>\n<li>Les p\u00e8rdues en accions o fons d\u2019inversi\u00f3 no compensen\u00a0 els guanys \u00a0en actius mobiliaris<\/li>\n<li>Els guanys en interessos de comptes, accions, fons d\u2019inversi\u00f3, tributen al 18% de forma independent a la renda del treball.<\/li>\n<li>La renda mobili\u00e0ria es suma a la renda del treball<\/li>\n<li>No es necessari fer la declaraci\u00f3 de renda, \u00a0i per tant no pagar, si tens uns ingressos inferiors a 22000\u20ac. Per\u00f2 si la fas, i no tens ni cap retenci\u00f3 ni reducci\u00f3, tens que pagar 3300 \u20ac.<\/li>\n<\/ul>\n","protected":false},"excerpt":{"rendered":"<p>No cal fer la declaraci\u00f3 de la renda si:Renda del treball &lt; 22.000\u20ac (casella 1 de la declaraci\u00f3) y Renda\u00a0 mobili\u00e0ria (interessos&#8230;) &lt; 1.600 \u20ac y Renda Inmobiliaria\u00a0 &lt; 1.000 \u20ac La contribuci\u00f3 no es considera despesa al omplir la &hellip; <a href=\"https:\/\/www.beseit.net\/?page_id=819\">Continua llegint <span class=\"meta-nav\">&rarr;<\/span><\/a><\/p>\n","protected":false},"author":2,"featured_media":0,"parent":568,"menu_order":0,"comment_status":"open","ping_status":"open","template":"Plantilla_sec_pag.php","meta":{"footnotes":""},"categories":[1],"class_list":["post-819","page","type-page","status-publish","hentry","category-bloc-de-notes"],"_links":{"self":[{"href":"https:\/\/www.beseit.net\/index.php?rest_route=\/wp\/v2\/pages\/819","targetHints":{"allow":["GET"]}}],"collection":[{"href":"https:\/\/www.beseit.net\/index.php?rest_route=\/wp\/v2\/pages"}],"about":[{"href":"https:\/\/www.beseit.net\/index.php?rest_route=\/wp\/v2\/types\/page"}],"author":[{"embeddable":true,"href":"https:\/\/www.beseit.net\/index.php?rest_route=\/wp\/v2\/users\/2"}],"replies":[{"embeddable":true,"href":"https:\/\/www.beseit.net\/index.php?rest_route=%2Fwp%2Fv2%2Fcomments&post=819"}],"version-history":[{"count":9,"href":"https:\/\/www.beseit.net\/index.php?rest_route=\/wp\/v2\/pages\/819\/revisions"}],"predecessor-version":[{"id":836,"href":"https:\/\/www.beseit.net\/index.php?rest_route=\/wp\/v2\/pages\/819\/revisions\/836"}],"up":[{"embeddable":true,"href":"https:\/\/www.beseit.net\/index.php?rest_route=\/wp\/v2\/pages\/568"}],"wp:attachment":[{"href":"https:\/\/www.beseit.net\/index.php?rest_route=%2Fwp%2Fv2%2Fmedia&parent=819"}],"wp:term":[{"taxonomy":"category","embeddable":true,"href":"https:\/\/www.beseit.net\/index.php?rest_route=%2Fwp%2Fv2%2Fcategories&post=819"}],"curies":[{"name":"wp","href":"https:\/\/api.w.org\/{rel}","templated":true}]}}