{"id":938,"date":"2010-10-11T12:27:53","date_gmt":"2010-10-11T10:27:53","guid":{"rendered":"http:\/\/www.beseit.net\/?page_id=938"},"modified":"2025-11-08T12:17:42","modified_gmt":"2025-11-08T10:17:42","slug":"barcelona","status":"publish","type":"page","link":"https:\/\/www.beseit.net\/?page_id=938","title":{"rendered":"Barcelona"},"content":{"rendered":"\n<hr class=\"wp-block-separator has-alpha-channel-opacity\"\/>\n\n\n<p><a href=\"http:\/\/www.bcn.cat\/lanitdelsmuseus\/2010\/ca\/index.html \">Nit de museus<\/a><\/p>\n<h2>Restaurants<\/h2>\n<ul>\n<li>Els quatre gats (Montsio 3 )<\/li>\n<li><a href=\"https:\/\/www.facebook.com\/PacoiNoe\/info?ref=stream\" target=\"_blank\" rel=\"noopener\">Paco i Noe (Gava)<\/a><\/li>\n<\/ul>\n<p>Bellavista del jard\u00edn del norte \u2003\/\/ Adre\u00e7a: Carrer d&#8217;Enric Granados, 86-88, 08008 Barcelona<br \/><a href=\"http:\/\/www.beseit.net\/?attachment_id=7426\" rel=\"attachment wp-att-7426\"><img loading=\"lazy\" decoding=\"async\" class=\"alignleft size-full wp-image-7426\" src=\"http:\/\/www.beseit.net\/wp-content\/uploads\/2017\/05\/20170529_2033361239979535.jpg\" alt=\"\" width=\"2988\" height=\"5312\" srcset=\"https:\/\/www.beseit.net\/wp-content\/uploads\/2017\/05\/20170529_2033361239979535.jpg 2988w, https:\/\/www.beseit.net\/wp-content\/uploads\/2017\/05\/20170529_2033361239979535-169x300.jpg 169w, https:\/\/www.beseit.net\/wp-content\/uploads\/2017\/05\/20170529_2033361239979535-768x1365.jpg 768w, https:\/\/www.beseit.net\/wp-content\/uploads\/2017\/05\/20170529_2033361239979535-576x1024.jpg 576w\" sizes=\"auto, (max-width: 2988px) 100vw, 2988px\" \/><\/a><\/p>\n<p>Ponsa Carrer d&#8217;Enric Granados, 89 08008 Barcelona<\/p>\n<p><a href=\"http:\/\/www.beseit.net\/?attachment_id=7425\" rel=\"attachment wp-att-7425\"><img loading=\"lazy\" decoding=\"async\" class=\"alignleft size-full wp-image-7425\" src=\"http:\/\/www.beseit.net\/wp-content\/uploads\/2017\/05\/20170529_203654-1547515694-1.jpg\" alt=\"\" width=\"2988\" height=\"5312\" srcset=\"https:\/\/www.beseit.net\/wp-content\/uploads\/2017\/05\/20170529_203654-1547515694-1.jpg 2988w, https:\/\/www.beseit.net\/wp-content\/uploads\/2017\/05\/20170529_203654-1547515694-1-169x300.jpg 169w, https:\/\/www.beseit.net\/wp-content\/uploads\/2017\/05\/20170529_203654-1547515694-1-768x1365.jpg 768w, https:\/\/www.beseit.net\/wp-content\/uploads\/2017\/05\/20170529_203654-1547515694-1-576x1024.jpg 576w\" sizes=\"auto, (max-width: 2988px) 100vw, 2988px\" \/><\/a><\/p>\n<p>Hotel Granados 83 C\/ Enric Granados, 83 08008 Barcelona<\/p>\n<\/p>\n\n\n<hr class=\"wp-block-separator has-alpha-channel-opacity\"\/>\n\n\n\n<h2 class=\"wp-block-heading\"><a href=\"https:\/\/www.elnacional.cat\/ca\/gourmeteria\/opinio-critiques\/restaurant-tocar-mercat-sant-antoni-ho-peta-cada-dia-bona-cuina-tracte-excellent_1510402_102.html\" target=\"_blank\" rel=\"noreferrer noopener\">El restaurant a tocar del mercat de Sant Antoni que ho peta cada dia: Bona cuina i tracte excel\u00b7lent<\/a> <\/h2>\n\n\n\n<p><mark style=\"background-color:rgba(0, 0, 0, 0);color:#f11414\" class=\"has-inline-color\">Maleducat <\/mark><\/p>\n\n\n\n<p>Adre\u00e7a: Carrer de Manso, 54, L&#8217;Eixample, 08015 Barcelona<\/p>\n\n\n\n<p><strong>Tel\u00e8fon:&nbsp;<\/strong>936 04 67 53<\/p>\n\n\n\n<p><strong>Men\u00fa:&nbsp;<\/strong><a href=\"https:\/\/maleducat.es\/carta\/?utm_source=GMB&amp;utm_medium=gmb&amp;utm_id=carta\">maleducat.es<\/a><\/p>\n\n\n\n<p><strong>Reserves:&nbsp;<\/strong><a href=\"http:\/\/maleducat.es\/reservas\/\">maleducat.es<\/a><\/p>\n\n\n\n<hr class=\"wp-block-separator has-alpha-channel-opacity\"\/>\n\n\n\n<h1 class=\"wp-block-heading\"><mark style=\"background-color:rgba(0, 0, 0, 0);color:#f60b0b\" class=\"has-inline-color\">Paradiso cocteleria<\/mark><\/h1>\n\n\n\n<p>Publicat el&nbsp;<a href=\"https:\/\/www.beseit.net\/?p=8017\"><time datetime=\"2018-10-09T18:16:02+02:00\">9 octubre 2018<\/time><\/a><\/p>\n\n\n\n<p><a href=\"https:\/\/www.worlds50bestbars.com\/\" target=\"_blank\" rel=\"noreferrer noopener\">World\u2019s 50 Best Bars 2018<\/a><\/p>\n\n\n\n<h2 class=\"wp-block-heading\">59. Dry Martini<\/h2>\n\n\n\n<p>Barcelona, Spain<\/p>\n\n\n\n<p><a href=\"http:\/\/www.drymartiniorg.com\/\" target=\"_blank\" rel=\"noreferrer noopener\">drymartiniorg.com<\/a><\/p>\n\n\n\n<hr class=\"wp-block-separator has-alpha-channel-opacity\"\/>\n\n\n<div class=\"wp-block-image\">\n<figure class=\"alignleft\"><a href=\"http:\/\/www.beseit.net\/wp-content\/uploads\/2018\/10\/paradiso-coctel.gif\"><img loading=\"lazy\" decoding=\"async\" width=\"870\" height=\"778\" src=\"http:\/\/www.beseit.net\/wp-content\/uploads\/2018\/10\/paradiso-coctel.gif\" alt=\"\" class=\"wp-image-8004\"\/><\/a><\/figure>\n<\/div>\n\n\n<p>Carrer de Rera Palau, 4<br>Carrer de Rera Palau, 4, 08003 Barcelona<\/p>\n\n\n\n<p><a href=\"https:\/\/maps.google.com\/?q=Carrer+de+Rera+Palau%2C+4%2C+08003+Barcelona&amp;ftid=0x12a4a2fe3041b0fb:0x4bbf4aa8b1ec34d6\" target=\"_blank\" rel=\"noreferrer noopener\">UBICACIO<\/a><\/p>\n\n\n\n<figure class=\"wp-block-embed\"><div class=\"wp-block-embed__wrapper\">\nhttps:\/\/maps.google.com\/?q=Carrer+de+Rera+Palau%2C+4%2C+08003+Barcelona&#038;ftid=0x12a4a2fe3041b0fb:0x4bbf4aa8b1ec34d6\n<\/div><\/figure>\n\n\n<div class=\"wp-block-image\">\n<figure class=\"alignleft\"><a href=\"http:\/\/www.beseit.net\/wp-content\/uploads\/2018\/10\/20181006_202120-1.jpg\"><img loading=\"lazy\" decoding=\"async\" width=\"5312\" height=\"2988\" src=\"http:\/\/www.beseit.net\/wp-content\/uploads\/2018\/10\/20181006_202120-1.jpg\" alt=\"\" class=\"wp-image-8021\" srcset=\"https:\/\/www.beseit.net\/wp-content\/uploads\/2018\/10\/20181006_202120-1.jpg 5312w, https:\/\/www.beseit.net\/wp-content\/uploads\/2018\/10\/20181006_202120-1-300x169.jpg 300w, https:\/\/www.beseit.net\/wp-content\/uploads\/2018\/10\/20181006_202120-1-768x432.jpg 768w, https:\/\/www.beseit.net\/wp-content\/uploads\/2018\/10\/20181006_202120-1-1024x576.jpg 1024w, https:\/\/www.beseit.net\/wp-content\/uploads\/2018\/10\/20181006_202120-1-500x281.jpg 500w\" sizes=\"auto, (max-width: 5312px) 100vw, 5312px\" \/><\/a><\/figure>\n<\/div>\n\n\n<ul class=\"wp-block-list\">\n<li>Jard\u00ed del Eden (no alcoh\u00f2lic): suc de poma, menta, suc de llimona, i gingebre, cogombre, Cordial de Flors de Sa\u00fcc, llimonada rosa<\/li>\n\n\n\n<li>Toky monkey (fort): Rom Brugal 1888, mantega de cacauet, pur\u00e9 de banana rostida, pomelo, llima, xarop d\u2019aur\u00f3, i s\u00e8sam.<\/li>\n<\/ul>\n\n\n\n<p>Aquesta entrada s&#8217;ha publicat dins de&nbsp;<a href=\"https:\/\/www.beseit.net\/?cat=110\">barcelona<\/a>&nbsp;per&nbsp;<a href=\"https:\/\/www.beseit.net\/?author=2\">admin<\/a>. Afegeix a les adreces d&#8217;inter\u00e8s l&#8217;<a href=\"https:\/\/www.beseit.net\/?p=8017\">enlla\u00e7 permanent<\/a>.<a href=\"https:\/\/www.beseit.net\/wp-admin\/post.php?post=8017&amp;action=edit\">Edita<\/a><\/p>\n\n\n\n<h3 class=\"wp-block-heading\" id=\"reply-title\"><\/h3>\n\n\n\n<hr class=\"wp-block-separator has-alpha-channel-opacity\"\/>\n\n\n\n<p><\/p>\n","protected":false},"excerpt":{"rendered":"<p>Nit de museus Restaurants Els quatre gats (Montsio 3 ) Paco i Noe (Gava) Bellavista del jard\u00edn del norte \u2003\/\/ Adre\u00e7a: Carrer d&#8217;Enric Granados, 86-88, 08008 Barcelona Ponsa Carrer d&#8217;Enric Granados, 89 08008 Barcelona Hotel Granados 83 C\/ Enric Granados, &hellip; <a href=\"https:\/\/www.beseit.net\/?page_id=938\">Continua llegint <span class=\"meta-nav\">&rarr;<\/span><\/a><\/p>\n","protected":false},"author":2,"featured_media":3167,"parent":0,"menu_order":0,"comment_status":"open","ping_status":"open","template":"page-maxima-amplada.php","meta":{"footnotes":""},"categories":[1],"class_list":["post-938","page","type-page","status-publish","has-post-thumbnail","hentry","category-bloc-de-notes"],"_links":{"self":[{"href":"https:\/\/www.beseit.net\/index.php?rest_route=\/wp\/v2\/pages\/938","targetHints":{"allow":["GET"]}}],"collection":[{"href":"https:\/\/www.beseit.net\/index.php?rest_route=\/wp\/v2\/pages"}],"about":[{"href":"https:\/\/www.beseit.net\/index.php?rest_route=\/wp\/v2\/types\/page"}],"author":[{"embeddable":true,"href":"https:\/\/www.beseit.net\/index.php?rest_route=\/wp\/v2\/users\/2"}],"replies":[{"embeddable":true,"href":"https:\/\/www.beseit.net\/index.php?rest_route=%2Fwp%2Fv2%2Fcomments&post=938"}],"version-history":[{"count":19,"href":"https:\/\/www.beseit.net\/index.php?rest_route=\/wp\/v2\/pages\/938\/revisions"}],"predecessor-version":[{"id":17123,"href":"https:\/\/www.beseit.net\/index.php?rest_route=\/wp\/v2\/pages\/938\/revisions\/17123"}],"wp:featuredmedia":[{"embeddable":true,"href":"https:\/\/www.beseit.net\/index.php?rest_route=\/wp\/v2\/media\/3167"}],"wp:attachment":[{"href":"https:\/\/www.beseit.net\/index.php?rest_route=%2Fwp%2Fv2%2Fmedia&parent=938"}],"wp:term":[{"taxonomy":"category","embeddable":true,"href":"https:\/\/www.beseit.net\/index.php?rest_route=%2Fwp%2Fv2%2Fcategories&post=938"}],"curies":[{"name":"wp","href":"https:\/\/api.w.org\/{rel}","templated":true}]}}